{"id":2692,"date":"2023-10-07T13:00:43","date_gmt":"2023-10-07T11:00:43","guid":{"rendered":"https:\/\/handbag-sense.com\/?post_type=product&#038;p=2692"},"modified":"2025-05-06T13:03:37","modified_gmt":"2025-05-06T11:03:37","slug":"chanel-kleine-runde-tasche-mit-kette-in-rosa","status":"publish","type":"product","link":"https:\/\/handbag-sense.com\/de\/produkt\/chanel-kleine-runde-tasche-mit-kette-in-rosa\/","title":{"rendered":"Round Chain Clutch Pink"},"content":{"rendered":"<div class=\"c-columns-m-1 c-columns-2 c-columns-gap-s\">\n<div><strong>Material:<\/strong> Kaviar-Leder<br \/>\n<strong>Farbe:<\/strong> Rosa<br \/>\n<strong>Metallelemente:<\/strong> Gold Hardware<br \/>\n<strong>Inner material:<\/strong> Leder<\/div>\n<div><strong>Bewertung: <\/strong> 2  <img decoding=\"async\" class=\"info_box alignnone size-medium wp-image-885\" title=\"Info\" role=\"img\" src=\"https:\/\/handbag-sense.com\/wp-content\/uploads\/2023\/05\/info_icon.svg\" alt=\"info box\" width=\"15\" height=\"15\"><br \/>\n<strong>Baujahr\/Seriennummer:<\/strong> 2019, beginnt mit 277...<br \/>\n<strong>Gr\u00f6\u00dfe:<\/strong> 12 x 12 x 5,5 cm<\/div>\n<\/div>\n<p><strong>Enth\u00e4lt:<\/strong> Echtheitskarte, Staubbeutel, Box<\/p>\n","protected":false},"excerpt":{"rendered":"<p><strong>Chanel runde Kette Clutch rosa.<\/strong>  Diese schicke Chanel Clutch ist aus Kaviarleder in Pink gefertigt. Die elegante Umh\u00e4ngetasche hat einen Schulterriemen aus Leder mit Kette, goldene Kettenglieder und ein perlmuttgoldenes Chanel CC-Logo auf der Vorderseite. Der obere Rei\u00dfverschluss \u00f6ffnet sich rundum zu einer Stoffinnenseite mit einer aufgesetzten Einschubtasche auf jeder Seite. Diese fabelhafte Umh\u00e4ngetasche wurde einmal getragen und befindet sich in einem neuwertigen Zustand. Die <strong>runde Chanel-Clutch<\/strong> wird mit der Echtheitskarte, dem Chanel-Staubbeutel und der Chanel-Box geliefert.<\/p>\n","protected":false},"featured_media":2664,"template":"","meta":[],"product_brand":[2417],"product_cat":[351,344,345],"product_tag":[],"class_list":{"0":"post-2692","1":"product","2":"type-product","3":"status-publish","4":"has-post-thumbnail","6":"product_brand-chanel-de","7":"product_cat-kleine-taschen","8":"product_cat-pochette-de","9":"product_cat-crossbody-taschen","10":"pa_brand-chanel-de","11":"pa_chanel-models-andere-modelle","12":"pa_color-pink-de","13":"pa_color-rosa-de","14":"pa_grade-grad-2","15":"pa_material-leder","17":"first","18":"instock","19":"shipping-taxable","20":"purchasable","21":"product-type-simple"},"_links":{"self":[{"href":"https:\/\/handbag-sense.com\/de\/wp-json\/wp\/v2\/product\/2692","targetHints":{"allow":["GET"]}}],"collection":[{"href":"https:\/\/handbag-sense.com\/de\/wp-json\/wp\/v2\/product"}],"about":[{"href":"https:\/\/handbag-sense.com\/de\/wp-json\/wp\/v2\/types\/product"}],"wp:featuredmedia":[{"embeddable":true,"href":"https:\/\/handbag-sense.com\/de\/wp-json\/wp\/v2\/media\/2664"}],"wp:attachment":[{"href":"https:\/\/handbag-sense.com\/de\/wp-json\/wp\/v2\/media?parent=2692"}],"wp:term":[{"taxonomy":"product_brand","embeddable":true,"href":"https:\/\/handbag-sense.com\/de\/wp-json\/wp\/v2\/product_brand?post=2692"},{"taxonomy":"product_cat","embeddable":true,"href":"https:\/\/handbag-sense.com\/de\/wp-json\/wp\/v2\/product_cat?post=2692"},{"taxonomy":"product_tag","embeddable":true,"href":"https:\/\/handbag-sense.com\/de\/wp-json\/wp\/v2\/product_tag?post=2692"}],"curies":[{"name":"wp","href":"https:\/\/api.w.org\/{rel}","templated":true}]}}