{"id":2640,"date":"2023-10-07T11:02:24","date_gmt":"2023-10-07T09:02:24","guid":{"rendered":"https:\/\/handbag-sense.com\/?post_type=product&#038;p=2640"},"modified":"2025-05-06T11:58:07","modified_gmt":"2025-05-06T09:58:07","slug":"hermes-evelyne-16-taurillon-clemence-gold-palladium-hw","status":"publish","type":"product","link":"https:\/\/handbag-sense.com\/de\/produkt\/hermes-evelyne-16-taurillon-clemence-gold-palladium-hw\/","title":{"rendered":"Evelyne 16 Taurillon Clemence Gold"},"content":{"rendered":"<div class=\"c-columns-m-1 c-columns-2 c-columns-gap-s\">\n<div><strong>Material:<\/strong> Clemence Leder<br \/>\n<strong>Farbe:<\/strong> Gold<br \/>\n<strong>Metallelemente:<\/strong> Palladium Hardware<br \/>\n<strong>Innenmaterial:<\/strong> Naturleder<\/div>\n<div><strong><b>Zustand<\/b>: <\/strong>Brandneu\u00a0<img decoding=\"async\" class=\"info_box alignnone size-medium wp-image-885\" title=\"Info\" role=\"img\" src=\"https:\/\/handbag-sense.com\/wp-content\/uploads\/2023\/05\/info_icon.svg\" alt=\"info box\" width=\"15\" height=\"15\" \/><br \/>\n<strong>Produktionsjahr\/Jahresstempel:<\/strong> 2023\/B<br \/>\n<strong>Gr\u00f6\u00dfe:<\/strong> 16 x 18 x 5 cm<br \/>\n<strong>Versand:<\/strong> Weltweit<\/div>\n<\/div>\n","protected":false},"excerpt":{"rendered":"<p>Herm\u00e8s Evelyne II TPM 16 Taurillon Clemence Gold Palladium Hardware. Diese stilvolle Mini Evelyne in der Farbe Gold aus strukturiertem Taurillon Clemence-Kalbsleder mit silberner Hardware ist absolut neu. Die Tasche hat kontraste N\u00e4hte, einen Zugverschluss und ein perforiertes Hermes H-Oval vorne. Die Tasche \u00f6ffnet sich mit einem \u00fcberkreuzenden Riemen zu einer Naturleder-Innenseite. Sie ist mit einem abnehmbaren Schulter-\/Kreuzgurt aus Canvas und Leder in der Farbe Gold ausgestattet. Dabei handelt es sich um eine wundersch\u00f6ne Kuriertasche von Hermes, ideal f\u00fcr allt\u00e4gliche Erledigungen!<\/p>\n","protected":false},"featured_media":4353,"template":"","meta":[],"product_brand":[2404],"product_cat":[351],"product_tag":[],"class_list":{"0":"post-2640","1":"product","2":"type-product","3":"status-publish","4":"has-post-thumbnail","6":"product_brand-hermes-de","7":"product_cat-kleine-taschen","8":"pa_brand-hermes-de","9":"pa_color-gold-de","10":"pa_grade-grad-1","11":"pa_hermes-models-evelyne-de","12":"pa_material-leder","14":"first","15":"outofstock","16":"shipping-taxable","17":"product-type-simple"},"_links":{"self":[{"href":"https:\/\/handbag-sense.com\/de\/wp-json\/wp\/v2\/product\/2640","targetHints":{"allow":["GET"]}}],"collection":[{"href":"https:\/\/handbag-sense.com\/de\/wp-json\/wp\/v2\/product"}],"about":[{"href":"https:\/\/handbag-sense.com\/de\/wp-json\/wp\/v2\/types\/product"}],"wp:featuredmedia":[{"embeddable":true,"href":"https:\/\/handbag-sense.com\/de\/wp-json\/wp\/v2\/media\/4353"}],"wp:attachment":[{"href":"https:\/\/handbag-sense.com\/de\/wp-json\/wp\/v2\/media?parent=2640"}],"wp:term":[{"taxonomy":"product_brand","embeddable":true,"href":"https:\/\/handbag-sense.com\/de\/wp-json\/wp\/v2\/product_brand?post=2640"},{"taxonomy":"product_cat","embeddable":true,"href":"https:\/\/handbag-sense.com\/de\/wp-json\/wp\/v2\/product_cat?post=2640"},{"taxonomy":"product_tag","embeddable":true,"href":"https:\/\/handbag-sense.com\/de\/wp-json\/wp\/v2\/product_tag?post=2640"}],"curies":[{"name":"wp","href":"https:\/\/api.w.org\/{rel}","templated":true}]}}