{"id":2636,"date":"2023-10-07T10:25:38","date_gmt":"2023-10-07T08:25:38","guid":{"rendered":"https:\/\/handbag-sense.com\/?post_type=product&#038;p=2636"},"modified":"2025-05-06T11:58:09","modified_gmt":"2025-05-06T09:58:09","slug":"hermes-jypsiere-34-togo-schwarz-palladium-hw","status":"publish","type":"product","link":"https:\/\/handbag-sense.com\/de\/produkt\/hermes-jypsiere-34-togo-schwarz-palladium-hw\/","title":{"rendered":"Jypsiere 34 Togo Schwarz"},"content":{"rendered":"<div class=\"c-columns-m-1 c-columns-2 c-columns-gap-s\">\n<div><strong>Material:<\/strong> Togo Leder<br \/>\n<strong>Farbe:<\/strong> Schwarz<br \/>\n<strong>Metallelemente:<\/strong> Palladium Hardware<br \/>\n<strong>Innenmaterial:<\/strong> Leder<\/div>\n<div><strong>Grad:<\/strong> 4 <img decoding=\"async\" class=\"info_box alignnone size-medium wp-image-885\" title=\"Info\" role=\"img\" src=\"https:\/\/handbag-sense.com\/wp-content\/uploads\/2023\/05\/info_icon.svg\" alt=\"info box\" width=\"15\" height=\"15\" \/><br \/>\n<strong>Produktionsjahr\/Stempel:<\/strong> 2009\/M<br \/>\n<strong>Gr\u00f6\u00dfe:<\/strong> 34 x 28 x 14 cm<br \/>\n<strong>Versand:<\/strong> Weltweit<\/div>\n<\/div>\n","protected":false},"excerpt":{"rendered":"<p><strong>Herm\u00e8s Jypsiere 34 Togo schwarz Palladium Hardware.<\/strong>\u00a0Diese Herm\u00e8s Satteltasche in der Farbe schwarz aus Togo Leder mit Palladium Hardware wurde im Jahr 2009 hergestellt. Die Jypsiere hat tonale N\u00e4hte, einen Drehverschluss in der Mitte vorne und einen praktischen verstellbaren Schulterriemen. Die Tasche hat ein gro\u00dfes Hauptfach, zwei Steckf\u00e4cher, sowie ein Rei\u00dfverschlussfach. Dabei handelt es sich um eine praktische Handtasche von Herm\u00e8s, ideal f\u00fcr allt\u00e4gliche Erledigungen! Sie befindet sich in einem sehr guten, gebrauchten Zustand mit leichten Gebrauchsspuren an der Hardware, wird mit Staubbeutel und Herm\u00e8s Box geliefert.<\/p>\n","protected":false},"featured_media":4291,"template":"","meta":[],"product_brand":[2404],"product_cat":[347],"product_tag":[],"class_list":{"0":"post-2636","1":"product","2":"type-product","3":"status-publish","4":"has-post-thumbnail","6":"product_brand-hermes-de","7":"product_cat-handtasche","8":"pa_brand-hermes-de","9":"pa_color-schwarz","10":"pa_grade-grad-4","11":"pa_hermes-models-jypsiere-de","12":"pa_material-leder","14":"first","15":"outofstock","16":"shipping-taxable","17":"product-type-simple"},"_links":{"self":[{"href":"https:\/\/handbag-sense.com\/de\/wp-json\/wp\/v2\/product\/2636","targetHints":{"allow":["GET"]}}],"collection":[{"href":"https:\/\/handbag-sense.com\/de\/wp-json\/wp\/v2\/product"}],"about":[{"href":"https:\/\/handbag-sense.com\/de\/wp-json\/wp\/v2\/types\/product"}],"wp:featuredmedia":[{"embeddable":true,"href":"https:\/\/handbag-sense.com\/de\/wp-json\/wp\/v2\/media\/4291"}],"wp:attachment":[{"href":"https:\/\/handbag-sense.com\/de\/wp-json\/wp\/v2\/media?parent=2636"}],"wp:term":[{"taxonomy":"product_brand","embeddable":true,"href":"https:\/\/handbag-sense.com\/de\/wp-json\/wp\/v2\/product_brand?post=2636"},{"taxonomy":"product_cat","embeddable":true,"href":"https:\/\/handbag-sense.com\/de\/wp-json\/wp\/v2\/product_cat?post=2636"},{"taxonomy":"product_tag","embeddable":true,"href":"https:\/\/handbag-sense.com\/de\/wp-json\/wp\/v2\/product_tag?post=2636"}],"curies":[{"name":"wp","href":"https:\/\/api.w.org\/{rel}","templated":true}]}}