{"id":2592,"date":"2023-10-06T23:54:21","date_gmt":"2023-10-06T21:54:21","guid":{"rendered":"https:\/\/handbag-sense.com\/?post_type=product&#038;p=2592"},"modified":"2025-05-06T11:58:11","modified_gmt":"2025-05-06T09:58:11","slug":"hermes-kelly-28-epsom-sellier-gold-goldene-hardware","status":"publish","type":"product","link":"https:\/\/handbag-sense.com\/de\/produkt\/hermes-kelly-28-epsom-sellier-gold-goldene-hardware\/","title":{"rendered":"Kelly 28 Epsom Sellier Gold"},"content":{"rendered":"<div class=\"c-columns-m-1 c-columns-2 c-columns-gap-s\">\n<div><strong>Material:<\/strong> Epsom Leder<br \/>\n<strong>Farbe:<\/strong> Gold<br \/>\n<strong>Metallelemente:<\/strong> Goldene Hardware<br \/>\n<strong>Innenmaterial:<\/strong> Leder<\/div>\n<div><strong>Grad:<\/strong> 3\u00a0<img decoding=\"async\" class=\"info_box alignnone size-medium wp-image-885\" title=\"Info\" role=\"img\" src=\"https:\/\/handbag-sense.com\/wp-content\/uploads\/2023\/05\/info_icon.svg\" alt=\"info box\" width=\"15\" height=\"15\" \/><br \/>\n<strong>Gr\u00f6\u00dfe:<\/strong> 28 x 20 x 10 cm<br \/>\n<strong>Produktionsjahr\/Jahresstempel:<\/strong> 2021\/Z<br \/>\n<strong>Versand:<\/strong> Weltweit<\/div>\n<\/div>\n<p><strong>Beinhaltet:<\/strong> Originalrechnung, Staubbeutel, Schulterriemen, Clochette, Schloss, Schl\u00fcssel, Filz, Regenschutz, Booklet, Box<\/p>\n","protected":false},"excerpt":{"rendered":"<p><strong>Herm\u00e8s Kelly 28 Epsom Sellier Gold goldene Hardware. <\/strong>Diese Kelly 28 Tasche in der Farbe Gold ist aus strapazierf\u00e4higem Epsom Leder mit Gold Hardware. Mit dabei sind ein Schloss, zwei Schl\u00fcssel, der originale Tragegurt, der originale Staubbeutel, die Herm\u00e8s Box und die Originalrechnung aus 2021. Sie kann auch wunderbar als Crossbody getragen werden. Die Kelly Tasche aus dem Hause Herm\u00e8s gilt als absolute Ikone unter den Handtaschen und steht seit Jahrzehnten f\u00fcr Eleganz und Klasse. Die<strong> Kelly Tasche<\/strong> befindet sich in einem sehr guten Zustand, Jahresstempel Z f\u00fcr 2021.<\/p>\n","protected":false},"featured_media":2550,"template":"","meta":[],"product_brand":[2404],"product_cat":[347],"product_tag":[1436,1437,1438],"class_list":{"0":"post-2592","1":"product","2":"type-product","3":"status-publish","4":"has-post-thumbnail","6":"product_brand-hermes-de","7":"product_cat-handtasche","8":"product_tag-hermes-kelly-28","9":"product_tag-hermes-kelly-gold","10":"product_tag-kelly-28-gold","11":"pa_brand-hermes-de","12":"pa_color-gold-de","13":"pa_grade-grad-3","14":"pa_hermes-models-kelly-de","15":"pa_material-leder","17":"first","18":"outofstock","19":"shipping-taxable","20":"product-type-simple"},"_links":{"self":[{"href":"https:\/\/handbag-sense.com\/de\/wp-json\/wp\/v2\/product\/2592","targetHints":{"allow":["GET"]}}],"collection":[{"href":"https:\/\/handbag-sense.com\/de\/wp-json\/wp\/v2\/product"}],"about":[{"href":"https:\/\/handbag-sense.com\/de\/wp-json\/wp\/v2\/types\/product"}],"wp:featuredmedia":[{"embeddable":true,"href":"https:\/\/handbag-sense.com\/de\/wp-json\/wp\/v2\/media\/2550"}],"wp:attachment":[{"href":"https:\/\/handbag-sense.com\/de\/wp-json\/wp\/v2\/media?parent=2592"}],"wp:term":[{"taxonomy":"product_brand","embeddable":true,"href":"https:\/\/handbag-sense.com\/de\/wp-json\/wp\/v2\/product_brand?post=2592"},{"taxonomy":"product_cat","embeddable":true,"href":"https:\/\/handbag-sense.com\/de\/wp-json\/wp\/v2\/product_cat?post=2592"},{"taxonomy":"product_tag","embeddable":true,"href":"https:\/\/handbag-sense.com\/de\/wp-json\/wp\/v2\/product_tag?post=2592"}],"curies":[{"name":"wp","href":"https:\/\/api.w.org\/{rel}","templated":true}]}}