{"id":2590,"date":"2023-10-06T23:30:51","date_gmt":"2023-10-06T21:30:51","guid":{"rendered":"https:\/\/handbag-sense.com\/?post_type=product&#038;p=2590"},"modified":"2025-05-06T13:03:39","modified_gmt":"2025-05-06T11:03:39","slug":"chanel-classic-flap-mini-square-rosa","status":"publish","type":"product","link":"https:\/\/handbag-sense.com\/de\/produkt\/chanel-classic-flap-mini-square-rosa\/","title":{"rendered":"Classic Flap Mini Square Rosa"},"content":{"rendered":"<div class=\"c-columns-m-1 c-columns-2 c-columns-gap-s\">\n<div><strong>Material:<\/strong> Lammleder<br \/>\n<strong>Farbe:<\/strong> Pink<br \/>\n<strong>Metallelemente:<\/strong> Silberne Hardware<br \/>\n<strong>Innenmaterial:<\/strong> Leder<\/div>\n<div><strong>Grad:<\/strong> 3\/4\u00a0<img decoding=\"async\" class=\"info_box alignnone size-medium wp-image-885\" title=\"Info\" role=\"img\" src=\"https:\/\/handbag-sense.com\/wp-content\/uploads\/2023\/05\/info_icon.svg\" alt=\"info box\" width=\"15\" height=\"15\" \/><br \/>\n<strong>Produktionsjahr \/ Seriennummer:<\/strong> 1993-1994, beginnt mit 126\u2026<br \/>\n<strong>Gr\u00f6\u00dfe:<\/strong> 17 x 13 x 7 cm<\/p>\n<div><\/div>\n<div><strong>Condition:<\/strong> Used<\/div>\n<\/div>\n<\/div>\n<p><strong>Beinhaltet:<\/strong> Authentizit\u00e4t Karte, Staubbeutel, Box<\/p>\n","protected":false},"excerpt":{"rendered":"<p><strong>CHANEL Classic Flap Mini Square Rosa.<\/strong>\u00a0Die Classic Flap Mini\u00a0Handtasche ist ein zeitloses Accessoire im klassischen Stil von Chanel. In ihrer kleinen Gr\u00f6\u00dfe eignet sie sich perfekt als Abendtasche, bietet dennoch auch genug Platz f\u00fcr den Alltag. Die Mini-Square ist aus Lammleder, verf\u00fcgt \u00fcber einen gewebten Kettenriemen und ein CC-Schloss in silberner Optik. Das Tascheninnere ist aus Leder und ist aufgeteilt in ein Hauptfach mit einem Steckfach, sowie einem Rei\u00dfverschlussfach. Am Taschenr\u00fccken befindet sich ein weiteres aufgesetztes Steckfach. Die kleine Flap Bag Handtasche kann \u00fcber der Schulter, sowie Crossbody getragen werden. Eine komfortable und kompakte Handtasche, die Chanels klassisches Design verk\u00f6rpert. Die\u00a0<strong>Chanel Mini Flap<\/strong>\u00a0Handtasche wurde selten getragen und befindet sich in einem sehr guten Zustand. Die Tasche wird mit der Authentizit\u00e4t Karte und im Chanel Staubbeutel geliefert.<\/p>\n","protected":false},"featured_media":4519,"template":"","meta":[],"product_brand":[2417],"product_cat":[351,344],"product_tag":[],"class_list":{"0":"post-2590","1":"product","2":"type-product","3":"status-publish","4":"has-post-thumbnail","6":"product_brand-chanel-de","7":"product_cat-kleine-taschen","8":"product_cat-pochette-de","9":"pa_brand-chanel-de","10":"pa_chanel-models-timeless-classique-de","11":"pa_color-pink-de","12":"pa_color-rosa-de","13":"pa_grade-grad-4","14":"pa_material-leder","16":"first","17":"instock","18":"shipping-taxable","19":"purchasable","20":"product-type-simple"},"_links":{"self":[{"href":"https:\/\/handbag-sense.com\/de\/wp-json\/wp\/v2\/product\/2590","targetHints":{"allow":["GET"]}}],"collection":[{"href":"https:\/\/handbag-sense.com\/de\/wp-json\/wp\/v2\/product"}],"about":[{"href":"https:\/\/handbag-sense.com\/de\/wp-json\/wp\/v2\/types\/product"}],"wp:featuredmedia":[{"embeddable":true,"href":"https:\/\/handbag-sense.com\/de\/wp-json\/wp\/v2\/media\/4519"}],"wp:attachment":[{"href":"https:\/\/handbag-sense.com\/de\/wp-json\/wp\/v2\/media?parent=2590"}],"wp:term":[{"taxonomy":"product_brand","embeddable":true,"href":"https:\/\/handbag-sense.com\/de\/wp-json\/wp\/v2\/product_brand?post=2590"},{"taxonomy":"product_cat","embeddable":true,"href":"https:\/\/handbag-sense.com\/de\/wp-json\/wp\/v2\/product_cat?post=2590"},{"taxonomy":"product_tag","embeddable":true,"href":"https:\/\/handbag-sense.com\/de\/wp-json\/wp\/v2\/product_tag?post=2590"}],"curies":[{"name":"wp","href":"https:\/\/api.w.org\/{rel}","templated":true}]}}