{"id":2545,"date":"2023-10-06T20:50:45","date_gmt":"2023-10-06T18:50:45","guid":{"rendered":"https:\/\/handbag-sense.com\/?post_type=product&#038;p=2545"},"modified":"2025-05-06T11:58:14","modified_gmt":"2025-05-06T09:58:14","slug":"hermes-garden-party-36-tuerkis-phw","status":"publish","type":"product","link":"https:\/\/handbag-sense.com\/de\/produkt\/hermes-garden-party-36-tuerkis-phw\/","title":{"rendered":"Garden Party 36 T\u00fcrkis"},"content":{"rendered":"<div class=\"c-columns-m-1 c-columns-2 c-columns-gap-s\">\n<div><strong>Material:<\/strong> Country Leder<br \/>\n<strong>Farbe:<\/strong> T\u00fcrkis blau<br \/>\n<strong>Metallelemente:<\/strong> Palladium Hardware<br \/>\n<strong>Innenmaterial:<\/strong> Leder<\/div>\n<div><strong>Grad:<\/strong> 4 <img decoding=\"async\" class=\"info_box alignnone size-medium wp-image-885\" title=\"Info\" role=\"img\" src=\"https:\/\/handbag-sense.com\/wp-content\/uploads\/2023\/05\/info_icon.svg\" alt=\"info box\" width=\"15\" height=\"15\" \/><br \/>\n<strong>Produktionsjahr\/Jahresstempel:<\/strong> 2014\/R<br \/>\n<strong>Gr\u00f6\u00dfe:<\/strong> 36 x 26 x 17 cm<br \/>\n<strong>Versand:<\/strong> Weltweit<\/p>\n<div><\/div>\n<div><strong>Condition:<\/strong> Used<\/div>\n<\/div>\n<\/div>\n","protected":false},"excerpt":{"rendered":"<p><strong>Herm\u00e8s Garden Party 36 T\u00fcrkis Palladium Hardware.<\/strong>\u00a0Diese Herm\u00e8s Tote ist aus genarbtem Kalbsleder in T\u00fcrkis gefertigt. Sie verf\u00fcgt \u00fcber gerollte Griffe oben, erweiterbare Seiten und silberne Hardware. Die Oberseite ist offen und bietet einen mit Canvas gef\u00fctterte Innenraum mit einem Rei\u00dfverschlussfach. Dabei handelt es sich um eine praktische Handtasche von\u00a0<strong>Herm\u00e8s<\/strong>, ideal f\u00fcr allt\u00e4gliche Erledigungen! Die\u00a0<strong>Herm\u00e8s Garden Party 36<\/strong>\u00a0befindet sich in einem sehr guten, gebrauchten Zustand mit minimalen Gebrauchsspuren.<\/p>\n","protected":false},"featured_media":2506,"template":"","meta":[],"product_brand":[2404],"product_cat":[347],"product_tag":[],"class_list":{"0":"post-2545","1":"product","2":"type-product","3":"status-publish","4":"has-post-thumbnail","6":"product_brand-hermes-de","7":"product_cat-handtasche","8":"pa_brand-hermes-de","9":"pa_color-blau","10":"pa_grade-grad-4","11":"pa_hermes-models-garden-party-de","12":"pa_material-leder","14":"first","15":"outofstock","16":"shipping-taxable","17":"product-type-simple"},"_links":{"self":[{"href":"https:\/\/handbag-sense.com\/de\/wp-json\/wp\/v2\/product\/2545","targetHints":{"allow":["GET"]}}],"collection":[{"href":"https:\/\/handbag-sense.com\/de\/wp-json\/wp\/v2\/product"}],"about":[{"href":"https:\/\/handbag-sense.com\/de\/wp-json\/wp\/v2\/types\/product"}],"wp:featuredmedia":[{"embeddable":true,"href":"https:\/\/handbag-sense.com\/de\/wp-json\/wp\/v2\/media\/2506"}],"wp:attachment":[{"href":"https:\/\/handbag-sense.com\/de\/wp-json\/wp\/v2\/media?parent=2545"}],"wp:term":[{"taxonomy":"product_brand","embeddable":true,"href":"https:\/\/handbag-sense.com\/de\/wp-json\/wp\/v2\/product_brand?post=2545"},{"taxonomy":"product_cat","embeddable":true,"href":"https:\/\/handbag-sense.com\/de\/wp-json\/wp\/v2\/product_cat?post=2545"},{"taxonomy":"product_tag","embeddable":true,"href":"https:\/\/handbag-sense.com\/de\/wp-json\/wp\/v2\/product_tag?post=2545"}],"curies":[{"name":"wp","href":"https:\/\/api.w.org\/{rel}","templated":true}]}}