{"id":2540,"date":"2023-10-06T20:20:39","date_gmt":"2023-10-06T18:20:39","guid":{"rendered":"https:\/\/handbag-sense.com\/?post_type=product&#038;p=2540"},"modified":"2025-05-06T11:58:16","modified_gmt":"2025-05-06T09:58:16","slug":"hermes-jypsiere-31-clemence-ruby-phw","status":"publish","type":"product","link":"https:\/\/handbag-sense.com\/de\/produkt\/hermes-jypsiere-31-clemence-ruby-phw\/","title":{"rendered":"Jypsiere 31 Clemence Ruby"},"content":{"rendered":"<div class=\"c-columns-m-1 c-columns-2 c-columns-gap-s\">\n<div><strong>Material:<\/strong> Clemence Leder<br \/>\n<strong>Farbe:<\/strong> Ruby<br \/>\n<strong>Metallelemente:<\/strong> Palladium Hardware<br \/>\n<strong>Innenmaterial:<\/strong> Leder<\/div>\n<div><strong>Grad:<\/strong> 4 <img decoding=\"async\" class=\"info_box alignnone size-medium wp-image-885\" title=\"Info\" role=\"img\" src=\"https:\/\/handbag-sense.com\/wp-content\/uploads\/2023\/05\/info_icon.svg\" alt=\"info box\" width=\"15\" height=\"15\" \/><br \/>\n<strong>Produktionsjahr\/Jahresstempel:<\/strong> 2015\/T<br \/>\n<strong>Gr\u00f6\u00dfe:<\/strong> 31 x 25 x 12 cm<br \/>\n<strong>Versand:<\/strong> Weltweit<\/p>\n<div><\/div>\n<div><strong>Condition:<\/strong> Used<\/div>\n<\/div>\n<\/div>\n<p><strong>Beinhaltet:<\/strong> Staubbeutel, Schulterriemen, Filz, Box<\/p>\n","protected":false},"excerpt":{"rendered":"<p><strong>Herm\u00e8s Jypsiere 31 Clemence Ruby Palladium HW<\/strong>. Diese Herm\u00e8s Satteltasche in der Farbe Ruby aus Taurillon Clemence Leder wurde im Jahr 2015 hergestellt. Die Jypsiere hat tonale N\u00e4hte, einen Drehverschluss in der Mitte vorne und einen praktischen verstellbaren Schulterriemen. Die Tasche hat ein gro\u00dfes Hauptfach, zwei Steckf\u00e4cher, sowie ein Rei\u00dfverschlussfach. Dabei handelt es sich um eine praktische Handtasche von\u00a0<strong>Herm\u00e8s<\/strong>, ideal f\u00fcr allt\u00e4gliche Erledigungen! Die\u00a0<strong>Herm\u00e8s Jypsiere 31 Clemence<\/strong>\u00a0befindet sich in einem sehr guten, gebrauchten Zustand mit leichten Gebrauchsspuren an der Hardware, wird im Staubbeutel und Herm\u00e8s Box geliefert.<\/p>\n","protected":false},"featured_media":4311,"template":"","meta":[],"product_brand":[2404],"product_cat":[347],"product_tag":[],"class_list":{"0":"post-2540","1":"product","2":"type-product","3":"status-publish","4":"has-post-thumbnail","6":"product_brand-hermes-de","7":"product_cat-handtasche","8":"pa_brand-hermes-de","9":"pa_color-rot","10":"pa_grade-grad-4","11":"pa_hermes-models-jypsiere-de","12":"pa_material-leder","14":"first","15":"outofstock","16":"shipping-taxable","17":"purchasable","18":"product-type-simple"},"_links":{"self":[{"href":"https:\/\/handbag-sense.com\/de\/wp-json\/wp\/v2\/product\/2540","targetHints":{"allow":["GET"]}}],"collection":[{"href":"https:\/\/handbag-sense.com\/de\/wp-json\/wp\/v2\/product"}],"about":[{"href":"https:\/\/handbag-sense.com\/de\/wp-json\/wp\/v2\/types\/product"}],"wp:featuredmedia":[{"embeddable":true,"href":"https:\/\/handbag-sense.com\/de\/wp-json\/wp\/v2\/media\/4311"}],"wp:attachment":[{"href":"https:\/\/handbag-sense.com\/de\/wp-json\/wp\/v2\/media?parent=2540"}],"wp:term":[{"taxonomy":"product_brand","embeddable":true,"href":"https:\/\/handbag-sense.com\/de\/wp-json\/wp\/v2\/product_brand?post=2540"},{"taxonomy":"product_cat","embeddable":true,"href":"https:\/\/handbag-sense.com\/de\/wp-json\/wp\/v2\/product_cat?post=2540"},{"taxonomy":"product_tag","embeddable":true,"href":"https:\/\/handbag-sense.com\/de\/wp-json\/wp\/v2\/product_tag?post=2540"}],"curies":[{"name":"wp","href":"https:\/\/api.w.org\/{rel}","templated":true}]}}