{"id":2534,"date":"2023-10-06T19:40:18","date_gmt":"2023-10-06T17:40:18","guid":{"rendered":"https:\/\/handbag-sense.com\/?post_type=product&#038;p=2534"},"modified":"2025-05-06T11:58:17","modified_gmt":"2025-05-06T09:58:17","slug":"hermes-kelly-mini-alligator-matt-vert","status":"publish","type":"product","link":"https:\/\/handbag-sense.com\/de\/produkt\/hermes-kelly-mini-alligator-matt-vert\/","title":{"rendered":"Kelly Mini Alligator Matt Vert d'Eau \/ Gris Perle"},"content":{"rendered":"<div class=\"c-columns-m-1 c-columns-2 c-columns-gap-s\">\n<div><strong>Material:<\/strong> Alligator matt<br \/>\n<strong>Farbe:<\/strong> Vert d'Eau \/ Gris Perle<br \/>\n<strong>Metallelemente:<\/strong> Gold Hardware<br \/>\n<strong>Inner material:<\/strong> Leder<\/div>\n<div><strong>Grade:<\/strong> 1 <img decoding=\"async\" class=\"info_box alignnone size-medium wp-image-885\" title=\"Info\" role=\"img\" src=\"https:\/\/handbag-sense.com\/wp-content\/uploads\/2023\/05\/info_icon.svg\" alt=\"info box\" width=\"15\" height=\"15\"><br \/>\n<strong>Baujahr\/Stempel:<\/strong> 2023 \/ B<br \/>\n<strong>Gr\u00f6\u00dfe:<\/strong> 20 x 12 x 6 cm<br \/>\n<strong>Versand:<\/strong> Weltweit<\/div>\n<\/div>\n<p><strong>Enth\u00e4lt:<\/strong> Originalquittung, Cites, Staubbeutel, Gurt, Filz, Booklet, Box<\/p>\n","protected":false},"excerpt":{"rendered":"<p><strong>Herm\u00e8s Kelly Mini Alligator Matte Vert d'Eau \/ Gris Perle Gold Hardware.<\/strong> Entdecken Sie den ultimativen Luxus mit dem <strong>Mini Kelly Hufeisenstempel <\/strong>, handgefertigt aus exquisitem Alligatorleder in den Farben Vert d'Eau und Gris Perle. Die Kombination aus Vert d'Eau und Gris Perle verleiht dieser <strong>Herm\u00e8s Mini Kelly Bag<\/strong> einen modernen Touch, w\u00e4hrend die ikonische Form und der goldene Verschluss einen zeitlosen Charme bewahren. Erobern Sie die Modewelt mit der <strong>Herm\u00e8s Mini Kelly<\/strong>, dem Inbegriff von Stil und Klasse. Ob zu besonderen Anl\u00e4ssen oder als t\u00e4glicher Begleiter, diese Tasche setzt ein Statement, das nicht zu \u00fcbersehen ist. Ein wirklich besonderer Sammler <strong>Herm\u00e8s Kelly <\/strong><strong>20 cm<\/strong>, der nur auf Sonderbestellung erh\u00e4ltlich ist, ein Privileg, das VIP-Kunden vorbehalten ist. Holen Sie sich Ihre <strong>Herm\u00e8s 20 Kelly und tauchen<\/strong> Sie ein in die Welt des Luxus und der Eleganz!<\/p>\n","protected":false},"featured_media":4471,"template":"","meta":[],"product_brand":[2404],"product_cat":[347,351,344,346],"product_tag":[1637,1638,1639,1876],"class_list":{"0":"post-2534","1":"product","2":"type-product","3":"status-publish","4":"has-post-thumbnail","6":"product_brand-hermes-de","7":"product_cat-handtasche","8":"product_cat-kleine-taschen","9":"product_cat-pochette-de","10":"product_cat-abendtasche","11":"product_tag-hermes-kelly-mini-de","12":"product_tag-kelly-mini-alligator-de","13":"product_tag-kelly-mini-bi-color-de","14":"product_tag-kelly-mini-hss-de","15":"pa_brand-hermes-de","16":"pa_color-gruen","17":"pa_color-grau","18":"pa_grade-grad-1","19":"pa_hermes-models-kelly-de","20":"pa_material-leder","21":"pa_material-exotisches-leder","23":"first","24":"outofstock","25":"shipping-taxable","26":"product-type-simple"},"_links":{"self":[{"href":"https:\/\/handbag-sense.com\/de\/wp-json\/wp\/v2\/product\/2534","targetHints":{"allow":["GET"]}}],"collection":[{"href":"https:\/\/handbag-sense.com\/de\/wp-json\/wp\/v2\/product"}],"about":[{"href":"https:\/\/handbag-sense.com\/de\/wp-json\/wp\/v2\/types\/product"}],"wp:featuredmedia":[{"embeddable":true,"href":"https:\/\/handbag-sense.com\/de\/wp-json\/wp\/v2\/media\/4471"}],"wp:attachment":[{"href":"https:\/\/handbag-sense.com\/de\/wp-json\/wp\/v2\/media?parent=2534"}],"wp:term":[{"taxonomy":"product_brand","embeddable":true,"href":"https:\/\/handbag-sense.com\/de\/wp-json\/wp\/v2\/product_brand?post=2534"},{"taxonomy":"product_cat","embeddable":true,"href":"https:\/\/handbag-sense.com\/de\/wp-json\/wp\/v2\/product_cat?post=2534"},{"taxonomy":"product_tag","embeddable":true,"href":"https:\/\/handbag-sense.com\/de\/wp-json\/wp\/v2\/product_tag?post=2534"}],"curies":[{"name":"wp","href":"https:\/\/api.w.org\/{rel}","templated":true}]}}