{"id":25032,"date":"2026-04-24T10:49:36","date_gmt":"2026-04-24T08:49:36","guid":{"rendered":"https:\/\/handbag-sense.com\/?post_type=product&#038;p=25032"},"modified":"2026-04-24T17:23:00","modified_gmt":"2026-04-24T15:23:00","slug":"louis-vuitton-keepall-light-up","status":"publish","type":"product","link":"https:\/\/handbag-sense.com\/de\/produkt\/louis-vuitton-keepall-light-up\/","title":{"rendered":"Keepall Light Up Monogram 50 LED"},"content":{"rendered":"<div class=\"c-columns-m-1 c-columns-2 c-columns-gap-s\">\n<div><strong>Material:<\/strong> Glasfaser &amp; Leder<br \/>\n<strong>Farbe:<\/strong> Schwarz &amp; Multicolor<br \/>\n<strong>Metallelemente:<\/strong> Schwarz<\/div>\n<div><strong>Grad:<\/strong> 1 <img decoding=\"async\" class=\"info_box alignnone size-medium wp-image-885\" title=\"Info\" role=\"img\" src=\"https:\/\/handbag-sense.com\/wp-content\/uploads\/2023\/05\/info_icon.svg\" alt=\"info box\" width=\"15\" height=\"15\" \/><br \/>\n<strong>Innenmaterial:<\/strong> Textilfutter<br \/>\n<strong>Gr\u00f6\u00dfe:<\/strong> 50 x 29 x 23 cm<\/div>\n<\/div>\n<p><strong>Beinhaltet:<\/strong> Schloss, 2 Schl\u00fcssel, Gurt, Schulterpolster f\u00fcr Gurt, Kofferanh\u00e4nger, Power Bank<\/p>\n","protected":false},"excerpt":{"rendered":"<p class=\"font-claude-response-body break-words whitespace-normal leading-[1.7]\"><strong>Louis Vuitton Keepall Light Up Monogram 50 LED \u2013 Neu &amp; Ungetragen\u00a0<\/strong><\/p>\n<p class=\"font-claude-response-body break-words whitespace-normal leading-[1.7]\">Diese <strong>Louis Vuitton Keepall 50 Light Up<\/strong> geh\u00f6rt zu den exklusivsten und wertvollsten St\u00fccken, die Louis Vuitton je produziert hat \u2014 ausgestattet mit voll integrierter LED-Light-Up-Technologie, die das ikonische Monogramm in spektakul\u00e4ren Farben erstrahlen l\u00e4sst. Die Tasche ist neu, wurde nie getragen und wird als komplettes Full Set angeboten \u2014 inklusive originaler LV Box, Staubbeutel, Mophie Powerstation, USB-\/USB-C Ladekabel, LV Schloss mit Key Pouch, Schulterriemen, Gep\u00e4ckanh\u00e4nger und originalen Booklets. In diesem Zustand ist ein solches St\u00fcck auf dem Markt praktisch nicht mehr auffindbar.<\/p>\n","protected":false},"featured_media":24889,"template":"","meta":[],"product_brand":[2436],"product_cat":[1590],"product_tag":[1938,1939],"class_list":{"0":"post-25032","1":"product","2":"type-product","3":"status-publish","4":"has-post-thumbnail","6":"product_brand-louis-vuitton-de","7":"product_cat-reisetasche","8":"product_tag-bandouliere-55-x-yk-de","9":"product_tag-louis-vuitton-kurbis-print","10":"pa_brand-louis-vuitton-de","11":"pa_color-schwarz","12":"pa_grade-grad-1","13":"pa_material-leder","14":"pa_material-leinwand","15":"pa_material-andere-materialien","17":"first","18":"instock","19":"shipping-taxable","20":"purchasable","21":"product-type-simple"},"_links":{"self":[{"href":"https:\/\/handbag-sense.com\/de\/wp-json\/wp\/v2\/product\/25032","targetHints":{"allow":["GET"]}}],"collection":[{"href":"https:\/\/handbag-sense.com\/de\/wp-json\/wp\/v2\/product"}],"about":[{"href":"https:\/\/handbag-sense.com\/de\/wp-json\/wp\/v2\/types\/product"}],"wp:featuredmedia":[{"embeddable":true,"href":"https:\/\/handbag-sense.com\/de\/wp-json\/wp\/v2\/media\/24889"}],"wp:attachment":[{"href":"https:\/\/handbag-sense.com\/de\/wp-json\/wp\/v2\/media?parent=25032"}],"wp:term":[{"taxonomy":"product_brand","embeddable":true,"href":"https:\/\/handbag-sense.com\/de\/wp-json\/wp\/v2\/product_brand?post=25032"},{"taxonomy":"product_cat","embeddable":true,"href":"https:\/\/handbag-sense.com\/de\/wp-json\/wp\/v2\/product_cat?post=25032"},{"taxonomy":"product_tag","embeddable":true,"href":"https:\/\/handbag-sense.com\/de\/wp-json\/wp\/v2\/product_tag?post=25032"}],"curies":[{"name":"wp","href":"https:\/\/api.w.org\/{rel}","templated":true}]}}