{"id":24730,"date":"2026-04-08T16:55:18","date_gmt":"2026-04-08T14:55:18","guid":{"rendered":"https:\/\/handbag-sense.com\/?post_type=product&#038;p=24730"},"modified":"2026-04-08T21:26:57","modified_gmt":"2026-04-08T19:26:57","slug":"hermes-garden-party-36-ecru-noir","status":"publish","type":"product","link":"https:\/\/handbag-sense.com\/de\/produkt\/hermes-garden-party-36-ecru-noir\/","title":{"rendered":"Garden Party 36 Ecru Noir"},"content":{"rendered":"<div class=\"c-columns-m-1 c-columns-2 c-columns-gap-s\">\n<div><strong>Material:<\/strong> Canvas \/Leder<br \/>\n<strong>Farbe:<\/strong> Ecru\/Noir\/Ard<br \/>\n<strong>Metallelemente:<\/strong> Palladium Hardware<br \/>\n<strong>Innenmaterial:<\/strong> Canvas<\/div>\n<div><strong>Grad:<\/strong> 1 <img decoding=\"async\" class=\"info_box alignnone size-medium wp-image-885\" title=\"Info\" role=\"img\" src=\"https:\/\/handbag-sense.com\/wp-content\/uploads\/2023\/05\/info_icon.svg\" alt=\"info box\" width=\"15\" height=\"15\" \/><br \/>\n<strong>Produktionsjahr\/Stempel:<\/strong> 2026\/K<br \/>\n<strong>Gr\u00f6\u00dfe:<\/strong> 36 x 26 x 17 cm<br \/>\n<strong>Versand:<\/strong> Weltweit<\/p>\n<div><\/div>\n<\/div>\n<\/div>\n","protected":false},"excerpt":{"rendered":"<p data-start=\"1877\" data-end=\"1972\"><strong data-start=\"1877\" data-end=\"1970\">Herm\u00e8s Garden Party 36 Ecru Noir Ard H Plume Canvas mit Negonda Leder \u2013 2026, Neu<\/strong><\/p>\n<p data-start=\"1877\" data-end=\"1972\">Diese <strong data-start=\"1980\" data-end=\"2006\">Herm\u00e8s Garden Party<\/strong> in Ecru, Ard und Noir ist aus H Plume Canvas mit dem \u201ePromenade du Matin Bandana\u201c-Motiv gefertigt und mit robustem Negonda-Kalbsleder sowie Palladium-Hardware kombiniert. Die Tasche ist <strong data-start=\"2188\" data-end=\"2212\">brandneu, ungetragen<\/strong> und tr\u00e4gt den <strong data-start=\"2227\" data-end=\"2247\">Stempel K (2026)<\/strong>. Sie wird als komplettes Set mit Herm\u00e8s-Staubbeutel, orangefarbener Box und Flughafen-Receipt geliefert.<\/p>\n<p data-start=\"2449\" data-end=\"2832\">Die <strong data-start=\"2453\" data-end=\"2472\">Garden Party 36<\/strong> steht f\u00fcr zeitlose Eleganz und hohe Alltagstauglichkeit und z\u00e4hlt zu den beliebtesten Modellen von Herm\u00e8s. Die Kombination aus stabilem Canvas und hochwertigem Leder sorgt f\u00fcr Langlebigkeit und gleichzeitig f\u00fcr eine elegante Optik. Das besondere Bandana-Motiv verleiht der Tasche eine individuelle, k\u00fcnstlerische Note und hebt sie von klassischen Modellen ab.<\/p>\n<p data-start=\"2834\" data-end=\"3180\">Mit ihren doppelten Ledergriffen bietet diese <strong data-start=\"2880\" data-end=\"2899\">Herm\u00e8s Tote Bag<\/strong> hohen Tragekomfort und eignet sich ideal f\u00fcr den Alltag. Das ger\u00e4umige Innenfach bietet ausreichend Platz f\u00fcr alle Essentials, w\u00e4hrend der Druckknopfverschluss Sicherheit und einfache Handhabung gew\u00e4hrleistet. Das Innenfutter aus passendem Canvas rundet das harmonische Design ab.<\/p>\n<p data-start=\"3182\" data-end=\"3552\">Die neutrale Farbgebung in Ecru und Schwarz macht diese Tasche vielseitig kombinierbar \u2014 sowohl f\u00fcr legere als auch elegante Looks.<\/p>\n","protected":false},"featured_media":24700,"template":"","meta":[],"product_brand":[2404],"product_cat":[347,349],"product_tag":[1694],"class_list":{"0":"post-24730","1":"product","2":"type-product","3":"status-publish","4":"has-post-thumbnail","6":"product_brand-hermes-de","7":"product_cat-handtasche","8":"product_cat-shopper-de","9":"product_tag-hermes-garden-party","10":"pa_brand-hermes-de","11":"pa_color-schwarz","12":"pa_color-grau","13":"pa_grade-grad-4","14":"pa_hermes-models-garden-party-de","15":"pa_material-leder","16":"pa_material-leinwand","18":"first","19":"instock","20":"shipping-taxable","21":"purchasable","22":"product-type-simple"},"_links":{"self":[{"href":"https:\/\/handbag-sense.com\/de\/wp-json\/wp\/v2\/product\/24730","targetHints":{"allow":["GET"]}}],"collection":[{"href":"https:\/\/handbag-sense.com\/de\/wp-json\/wp\/v2\/product"}],"about":[{"href":"https:\/\/handbag-sense.com\/de\/wp-json\/wp\/v2\/types\/product"}],"wp:featuredmedia":[{"embeddable":true,"href":"https:\/\/handbag-sense.com\/de\/wp-json\/wp\/v2\/media\/24700"}],"wp:attachment":[{"href":"https:\/\/handbag-sense.com\/de\/wp-json\/wp\/v2\/media?parent=24730"}],"wp:term":[{"taxonomy":"product_brand","embeddable":true,"href":"https:\/\/handbag-sense.com\/de\/wp-json\/wp\/v2\/product_brand?post=24730"},{"taxonomy":"product_cat","embeddable":true,"href":"https:\/\/handbag-sense.com\/de\/wp-json\/wp\/v2\/product_cat?post=24730"},{"taxonomy":"product_tag","embeddable":true,"href":"https:\/\/handbag-sense.com\/de\/wp-json\/wp\/v2\/product_tag?post=24730"}],"curies":[{"name":"wp","href":"https:\/\/api.w.org\/{rel}","templated":true}]}}