{"id":24655,"date":"2026-04-02T18:08:41","date_gmt":"2026-04-02T16:08:41","guid":{"rendered":"https:\/\/handbag-sense.com\/?post_type=product&#038;p=24655"},"modified":"2026-04-15T14:16:48","modified_gmt":"2026-04-15T12:16:48","slug":"hermes-kelly-28-vintage-navy-box","status":"publish","type":"product","link":"https:\/\/handbag-sense.com\/de\/produkt\/hermes-kelly-28-vintage-navy-box\/","title":{"rendered":"Kelly 28 Vintage Navy Box Leder &#038; Beige Canvas"},"content":{"rendered":"<div class=\"c-columns-m-1 c-columns-2 c-columns-gap-s\">\n<div><strong>Material:<\/strong> Box Leder\/Canvas<br \/>\n<strong>Farbe:<\/strong> Navy \/ Beige<br \/>\n<strong>Metallelemente:<\/strong> Gold Hardware<br \/>\n<strong>Innenmaterial:<\/strong> Leder<\/div>\n<div><strong>Grad:<\/strong> 4\u00a0<img decoding=\"async\" class=\"info_box alignnone size-medium wp-image-885\" title=\"Info\" role=\"img\" src=\"https:\/\/handbag-sense.com\/wp-content\/uploads\/2023\/05\/info_icon.svg\" alt=\"info box\" width=\"15\" height=\"15\" \/><br \/>\n<strong>Jahr\/Stempel:<\/strong> 1946 \/ B<br \/>\n<strong>Gr\u00f6\u00dfe:<\/strong> 28 x 22 x 10 cm<br \/>\n<strong>Versand:<\/strong> Weltweit<\/div>\n<\/div>\n<p><strong>Enth\u00e4lt:<\/strong> Handtasche<\/p>\n","protected":false},"excerpt":{"rendered":"<p data-start=\"1873\" data-end=\"1992\"><strong data-start=\"1873\" data-end=\"1990\">Herm\u00e8s Kelly 28 Vintage Navy Box Leder &amp; Beige Canvas mit Gold Hardware \u2013 1940er Jahre<\/strong><\/p>\n<p data-start=\"1873\" data-end=\"1992\">Diese <strong data-start=\"2000\" data-end=\"2027\">Herm\u00e8s Kelly 28 Vintage<\/strong> ist aus klassischem navy-blauem Box Leder in Kombination mit beigem Canvas gefertigt und mit goldfarbener Hardware versehen. Sie stammt aus den <strong data-start=\"2171\" data-end=\"2212\">1940er Jahren und tr\u00e4gt den Stempel B<\/strong>. F\u00fcr ihr Alter befindet sich die Tasche in gutem Zustand und zeigt leichte Kratzer sowie altersbedingte Gebrauchsspuren, die eine authentische Vintage-Patina bilden. Verkauf erfolgt nur mit Tasche.<\/p>\n<p data-start=\"2500\" data-end=\"2890\">Als au\u00dfergew\u00f6hnliches Beispiel fr\u00fcher Herm\u00e8s-Handwerkskunst zeigt die <strong data-start=\"2570\" data-end=\"2590\">Kelly 28 dunkelblau Vintage<\/strong> eine heute seltene Materialkombination. Die strukturierte Form mit klassischem \u00dcberschlagverschluss verk\u00f6rpert die zeitlose Eleganz dieses ikonischen Modells. Das glatte Box-Leder entwickelt im Laufe der Jahre eine edle Patina, w\u00e4hrend das beige Canvas dem Design Leichtigkeit und Kontrast verleiht.<\/p>\n<p data-start=\"2892\" data-end=\"3168\">Das Innere ist mit navyblauem Leder gef\u00fcttert und verf\u00fcgt \u00fcber ein Rei\u00dfverschlussfach sowie zwei aufgesetzte Taschen, die Funktionalit\u00e4t mit historischem Charme verbinden. Patina an Ecken sowie im Innen- und Au\u00dfenbereich unterstreichen die Authentizit\u00e4t dieses Vintage-St\u00fccks.<\/p>\n<p data-start=\"3170\" data-end=\"3442\">F\u00fcr Sammler ist diese <strong data-start=\"3192\" data-end=\"3219\">Herm\u00e8s Kelly 28 Vintage<\/strong> weit mehr als eine Handtasche \u2013 sie ist ein St\u00fcck Modegeschichte. Ihre Seltenheit und handwerkliche Qualit\u00e4t machen sie zu einer besonderen <strong data-start=\"3360\" data-end=\"3382\">investment handbag<\/strong> und einer begehrten <strong data-start=\"3403\" data-end=\"3430\">rare collectible Herm\u00e8s<\/strong> f\u00fcr Kenner.<\/p>\n","protected":false},"featured_media":24643,"template":"","meta":[],"product_brand":[2404],"product_cat":[347,350,346,345],"product_tag":[2531,2530,1969],"class_list":{"0":"post-24655","1":"product","2":"type-product","3":"status-publish","4":"has-post-thumbnail","6":"product_brand-hermes-de","7":"product_cat-handtasche","8":"product_cat-schultertaschen","9":"product_cat-abendtasche","10":"product_cat-crossbody-taschen","11":"product_tag-hermes-kelly-vintage","12":"product_tag-kelly-32-vintage","13":"product_tag-kelly-vintage-box-de","14":"pa_brand-hermes-de","15":"pa_color-beige-de","16":"pa_color-blau","17":"pa_grade-grad-4","18":"pa_hermes-models-kelly-de","19":"pa_material-leder","20":"pa_material-leinwand","22":"first","23":"instock","24":"shipping-taxable","25":"purchasable","26":"product-type-simple"},"_links":{"self":[{"href":"https:\/\/handbag-sense.com\/de\/wp-json\/wp\/v2\/product\/24655","targetHints":{"allow":["GET"]}}],"collection":[{"href":"https:\/\/handbag-sense.com\/de\/wp-json\/wp\/v2\/product"}],"about":[{"href":"https:\/\/handbag-sense.com\/de\/wp-json\/wp\/v2\/types\/product"}],"wp:featuredmedia":[{"embeddable":true,"href":"https:\/\/handbag-sense.com\/de\/wp-json\/wp\/v2\/media\/24643"}],"wp:attachment":[{"href":"https:\/\/handbag-sense.com\/de\/wp-json\/wp\/v2\/media?parent=24655"}],"wp:term":[{"taxonomy":"product_brand","embeddable":true,"href":"https:\/\/handbag-sense.com\/de\/wp-json\/wp\/v2\/product_brand?post=24655"},{"taxonomy":"product_cat","embeddable":true,"href":"https:\/\/handbag-sense.com\/de\/wp-json\/wp\/v2\/product_cat?post=24655"},{"taxonomy":"product_tag","embeddable":true,"href":"https:\/\/handbag-sense.com\/de\/wp-json\/wp\/v2\/product_tag?post=24655"}],"curies":[{"name":"wp","href":"https:\/\/api.w.org\/{rel}","templated":true}]}}