{"id":24623,"date":"2026-04-01T17:38:13","date_gmt":"2026-04-01T15:38:13","guid":{"rendered":"https:\/\/handbag-sense.com\/?post_type=product&#038;p=24623"},"modified":"2026-04-01T18:20:55","modified_gmt":"2026-04-01T16:20:55","slug":"hermes-kelly-28-schwarz-epsom-sellier","status":"publish","type":"product","link":"https:\/\/handbag-sense.com\/de\/produkt\/hermes-kelly-28-schwarz-epsom-sellier\/","title":{"rendered":"Kelly 28 Schwarz Epsom Sellier"},"content":{"rendered":"<div class=\"c-columns-m-1 c-columns-2 c-columns-gap-s\">\n<div><strong>Material:<\/strong> Epsom Leder<br \/>\n<strong>Farbe:<\/strong> Schwarz<br \/>\n<strong>Metallelemente:<\/strong> Gold Hardware<br \/>\n<strong>Innenmaterial:<\/strong> Leder<br \/>\n<strong>Grad: <\/strong>3 <img decoding=\"async\" class=\"info_box alignnone size-medium wp-image-885\" title=\"Info\" role=\"img\" src=\"https:\/\/handbag-sense.com\/wp-content\/uploads\/2023\/05\/info_icon.svg\" alt=\"info box\" width=\"15\" height=\"15\" \/><\/div>\n<div><strong>Jahr \/ Stempel:<\/strong> 2016 \/ X<br \/>\n<strong>Gr\u00f6\u00dfe:<\/strong> 28 x 20 x 10 cm<br \/>\n<strong>Versand:<\/strong> Weltweit<br \/>\n<strong>Beinhaltet:<\/strong> Staubbeutel, Clochette, Schl\u00fcssel, Schloss, Gurt, Box<\/div>\n<\/div>\n<p><strong>Verkauft \u00fcber einen zertifizierten Partner:<\/strong> Dieser Artikel stammt von einem zertifizierten Partner. Der Versand kann 5\u20137 Werktage dauern. Echtheitspr\u00fcfung, Schutz und Garantie gelten wie gewohnt.<\/p>\n","protected":false},"excerpt":{"rendered":"<p data-start=\"2023\" data-end=\"2104\"><strong data-start=\"2023\" data-end=\"2102\">Herm\u00e8s Kelly 28 Schwarz Epsom Sellier mit Gold Hardware \u2013 Exzellenter Zustand<\/strong><\/p>\n<p data-start=\"954\" data-end=\"1236\">Die <strong data-start=\"958\" data-end=\"985\">Herm\u00e8s Kelly 28 Sellier<\/strong> aus schwarzem Epsom Leder mit Gold Hardware ist eine Ikone zeitloser Eleganz. Gefertigt aus strukturiertem und strapazierf\u00e4higem Epsom Leder, \u00fcberzeugt dieses Modell aus dem Jahr 2016 (Stempel X) durch die klaren Linien und die elegante Sellier-Form.<\/p>\n<p data-start=\"1238\" data-end=\"1553\">Die <strong>Kelly 28 Noir<\/strong> verf\u00fcgt \u00fcber eine feste Silhouette mit gerolltem Lederhenkel sowie einem abnehmbaren Schulterriemen aus Leder, der vielseitige Tragem\u00f6glichkeiten bietet. Die ikonische Frontklappe mit Drehverschluss \u00f6ffnet sich zu einem gut organisierten Innenraum mit einem Rei\u00dfverschlussfach und einem Steckfach.<\/p>\n<p data-start=\"1555\" data-end=\"1693\">Der Zustand ist exzellent, mit nur minimalen Gebrauchsspuren, darunter leichte Kratzer am Verschluss, Innenfutter und an den Metallteilen.<\/p>\n<p data-start=\"1695\" data-end=\"1791\">Die <strong data-start=\"2023\" data-end=\"2102\">Kelly 28 Epsom Schwarz<\/strong> wird mit Box, Schloss, Schl\u00fcssel, Schulterriemen und Staubbeutel geliefert.<\/p>\n","protected":false},"featured_media":24381,"template":"","meta":[],"product_brand":[2404],"product_cat":[347],"product_tag":[1999],"class_list":{"0":"post-24623","1":"product","2":"type-product","3":"status-publish","4":"has-post-thumbnail","6":"product_brand-hermes-de","7":"product_cat-handtasche","8":"product_tag-kelly-28-schwarz","9":"pa_brand-hermes-de","10":"pa_color-schwarz","11":"pa_grade-grad-3","12":"pa_hermes-models-kelly-de","13":"pa_material-leder","15":"first","16":"instock","17":"sold-individually","18":"shipping-taxable","19":"purchasable","20":"product-type-simple"},"_links":{"self":[{"href":"https:\/\/handbag-sense.com\/de\/wp-json\/wp\/v2\/product\/24623","targetHints":{"allow":["GET"]}}],"collection":[{"href":"https:\/\/handbag-sense.com\/de\/wp-json\/wp\/v2\/product"}],"about":[{"href":"https:\/\/handbag-sense.com\/de\/wp-json\/wp\/v2\/types\/product"}],"wp:featuredmedia":[{"embeddable":true,"href":"https:\/\/handbag-sense.com\/de\/wp-json\/wp\/v2\/media\/24381"}],"wp:attachment":[{"href":"https:\/\/handbag-sense.com\/de\/wp-json\/wp\/v2\/media?parent=24623"}],"wp:term":[{"taxonomy":"product_brand","embeddable":true,"href":"https:\/\/handbag-sense.com\/de\/wp-json\/wp\/v2\/product_brand?post=24623"},{"taxonomy":"product_cat","embeddable":true,"href":"https:\/\/handbag-sense.com\/de\/wp-json\/wp\/v2\/product_cat?post=24623"},{"taxonomy":"product_tag","embeddable":true,"href":"https:\/\/handbag-sense.com\/de\/wp-json\/wp\/v2\/product_tag?post=24623"}],"curies":[{"name":"wp","href":"https:\/\/api.w.org\/{rel}","templated":true}]}}