{"id":2442,"date":"2023-10-06T12:18:20","date_gmt":"2023-10-06T10:18:20","guid":{"rendered":"https:\/\/handbag-sense.com\/?post_type=product&#038;p=2442"},"modified":"2025-05-06T11:58:23","modified_gmt":"2025-05-06T09:58:23","slug":"hermes-birkin-25-vert-fonce-togo-ghw","status":"publish","type":"product","link":"https:\/\/handbag-sense.com\/de\/produkt\/hermes-birkin-25-vert-fonce-togo-ghw\/","title":{"rendered":"Birkin 25 Vert Fonce Togo"},"content":{"rendered":"<div class=\"c-columns-m-1 c-columns-2 c-columns-gap-s\">\n<div><strong>Material:<\/strong> Togo Leder<br \/>\n<strong>Farbe:<\/strong> Vert Fonce<br \/>\n<strong>Metallelemente:<\/strong> Gold Hardware<br \/>\n<strong>Innenmaterial:<\/strong> Leder<\/div>\n<div><strong>Grad:<\/strong> 1 <img decoding=\"async\" class=\"info_box alignnone size-medium wp-image-885\" title=\"Info\" role=\"img\" src=\"https:\/\/handbag-sense.com\/wp-content\/uploads\/2023\/05\/info_icon.svg\" alt=\"info box\" width=\"15\" height=\"15\" \/><br \/>\n<strong>Produktionsjahr \/ Stempel:<\/strong> 2023 \/ B<br \/>\n<strong>Gr\u00f6\u00dfe:<\/strong> 25 x 20 x 13 cm<br \/>\n<strong>Versand:<\/strong> Weltweit<\/div>\n<\/div>\n<p><strong>Beinhaltet:<\/strong> Originalrechnung, Staubbeutel, Clochette, Schloss, Schl\u00fcssel, Filz, Regenschutz, Booklet, Box<\/p>\n","protected":false},"excerpt":{"rendered":"<p><strong>Herm\u00e8s Birkin 25 Vert Fonce Togo Gold Hardware<\/strong>. Diese seltene Birkin 25 Handtasche ist aus Togo Leder in der Farbe<strong>\u00a0Vert Fonce<\/strong> handgefertigt. Die Kombination\u00a0 der Farbe Vert Fonce mit der goldenen Hardware verleiht der Tasche eine besonders exquisite Note. Sie symbolisiert die unvergleichliche Handwerkskunst und das zeitlose Design, f\u00fcr das Herm\u00e8s weltweit bekannt ist. Im Lieferumfang enthalten sind eine Clochette, ein Schloss mit zwei Schl\u00fcsseln, ein Herm\u00e8s Staubbeutel und die ikonische orangefarbene Herm\u00e8s-Box. Diese Birkin 25 ist mehr als nur eine Handtasche; sie ist eine Legende unter den Luxustaschen. Die <strong>Birkin 25 Vert Fonce<\/strong> befindet sich im ungetragenen Zustand, die Originalrechnung von 2023 wird mitgeliefert.<\/p>\n","protected":false},"featured_media":5454,"template":"","meta":[],"product_brand":[2404],"product_cat":[347],"product_tag":[],"class_list":{"0":"post-2442","1":"product","2":"type-product","3":"status-publish","4":"has-post-thumbnail","6":"product_brand-hermes-de","7":"product_cat-handtasche","8":"pa_brand-hermes-de","9":"pa_color-gruen","10":"pa_color-grau","11":"pa_grade-grad-1","12":"pa_hermes-models-birkin-de","13":"pa_material-leder","15":"first","16":"outofstock","17":"shipping-taxable","18":"product-type-simple"},"_links":{"self":[{"href":"https:\/\/handbag-sense.com\/de\/wp-json\/wp\/v2\/product\/2442","targetHints":{"allow":["GET"]}}],"collection":[{"href":"https:\/\/handbag-sense.com\/de\/wp-json\/wp\/v2\/product"}],"about":[{"href":"https:\/\/handbag-sense.com\/de\/wp-json\/wp\/v2\/types\/product"}],"wp:featuredmedia":[{"embeddable":true,"href":"https:\/\/handbag-sense.com\/de\/wp-json\/wp\/v2\/media\/5454"}],"wp:attachment":[{"href":"https:\/\/handbag-sense.com\/de\/wp-json\/wp\/v2\/media?parent=2442"}],"wp:term":[{"taxonomy":"product_brand","embeddable":true,"href":"https:\/\/handbag-sense.com\/de\/wp-json\/wp\/v2\/product_brand?post=2442"},{"taxonomy":"product_cat","embeddable":true,"href":"https:\/\/handbag-sense.com\/de\/wp-json\/wp\/v2\/product_cat?post=2442"},{"taxonomy":"product_tag","embeddable":true,"href":"https:\/\/handbag-sense.com\/de\/wp-json\/wp\/v2\/product_tag?post=2442"}],"curies":[{"name":"wp","href":"https:\/\/api.w.org\/{rel}","templated":true}]}}