{"id":24248,"date":"2026-03-09T14:51:46","date_gmt":"2026-03-09T13:51:46","guid":{"rendered":"https:\/\/handbag-sense.com\/?post_type=product&#038;p=24248"},"modified":"2026-04-08T16:50:07","modified_gmt":"2026-04-08T14:50:07","slug":"hermes-birkin-30-schwarz-togo-3","status":"publish","type":"product","link":"https:\/\/handbag-sense.com\/de\/produkt\/hermes-birkin-30-schwarz-togo-3\/","title":{"rendered":"Birkin 30 Schwarz Togo"},"content":{"rendered":"<div class=\"c-columns-m-1 c-columns-2 c-columns-gap-s\">\n<div><strong>Material:<\/strong> Togo Leder<br \/>\n<strong>Farbe:<\/strong> Schwarz<br \/>\n<strong>Metallelemente:<\/strong> Gold Hardware<br \/>\n<strong>Innenmaterial:<\/strong> Leder<\/div>\n<div><strong>Grad: <\/strong>2 <img decoding=\"async\" class=\"info_box alignnone size-medium wp-image-885\" title=\"Info\" role=\"img\" src=\"https:\/\/handbag-sense.com\/wp-content\/uploads\/2023\/05\/info_icon.svg\" alt=\"info box\" width=\"15\" height=\"15\" \/><br \/>\n<strong>Jahresstempel:<\/strong> 2017 \/ A<br \/>\n<strong>Gr\u00f6\u00dfe:<\/strong> 30 x 22 x 16 cm<br \/>\n<strong>Versand:<\/strong> Weltweit<\/div>\n<\/div>\n<p><strong>Beinhaltet:<\/strong> Originalrechnun, Staubbeutel, Clochette, Schl\u00fcssel, Schloss, Filz, Regenmantel, Booklet, Box<\/p>\n","protected":false},"excerpt":{"rendered":"<p data-start=\"2018\" data-end=\"2100\"><strong data-start=\"2018\" data-end=\"2100\">Herm\u00e8s Birkin 30 Schwarz Togo mit Palladium Hardware \u2013 Wie Neu\u00a0<\/strong><\/p>\n<p data-start=\"2102\" data-end=\"2646\">Diese <strong>Herm\u00e8s Birkin 30 Black<\/strong> ist aus genarbtem Togo-Leder in klassischem Schwarz gefertigt und mit eleganter Palladium Hardware versehen. Die Tasche stammt aus dem Jahr 2017 und tr\u00e4gt den Stempel Y. Sie wurde sorgf\u00e4ltig aufbewahrt, ist ungetragen und befindet sich in neuwertigem Zustand ohne sichtbare Gebrauchsspuren. Die Hardware besitzt noch die originalen Schutzfolien. Zum vollst\u00e4ndigen Set geh\u00f6ren die originale Herm\u00e8s Rechnung aus 2017, der Staubbeutel, die Clochette mit Schl\u00fcsselset sowie die ikonische orangefarbene Herm\u00e8s-Box.<\/p>\n<p data-start=\"2648\" data-end=\"3102\">Die Birkin z\u00e4hlt zu den legend\u00e4rsten Luxushandtaschen der Welt und verk\u00f6rpert die au\u00dfergew\u00f6hnliche Handwerkskunst des Hauses Herm\u00e8s. Das strukturierte Togo-Leder wird besonders f\u00fcr seine Strapazierf\u00e4higkeit, seine edle Narbung und seine F\u00e4higkeit gesch\u00e4tzt, die elegante Form der Tasche langfristig zu bewahren. In klassischem Schwarz entfaltet die Birkin ihre zeitlose Eleganz, die durch die k\u00fchle Raffinesse der Palladium-Hardware perfekt erg\u00e4nzt wird.<\/p>\n<p data-start=\"3104\" data-end=\"3544\">Mit ihrem 30-cm-Format gilt die Birkin 30 f\u00fcr viele Sammler als die ideale Gr\u00f6\u00dfe. Sie bietet ausreichend Platz f\u00fcr t\u00e4gliche Essentials und bewahrt gleichzeitig ihre elegante Silhouette. Dadurch l\u00e4sst sich die Tasche m\u00fchelos sowohl im Alltag als auch zu eleganten Anl\u00e4ssen tragen.<\/p>\n<p data-start=\"3546\" data-end=\"3749\">Dank ihres makellosen Zustands, des vollst\u00e4ndigen Zubeh\u00f6rs und der originalen Kaufrechnung stellt diese Birkin 30 gilt als zeitlose Investition im Luxussegment.<\/p>\n","protected":false},"featured_media":24188,"template":"","meta":[],"product_brand":[2404],"product_cat":[347],"product_tag":[1433,1412,1984],"class_list":{"0":"post-24248","1":"product","2":"type-product","3":"status-publish","4":"has-post-thumbnail","6":"product_brand-hermes-de","7":"product_cat-handtasche","8":"product_tag-birkin-30-gold-de","9":"product_tag-hermes-birkin-30-de","10":"product_tag-hermes-birkin-tasche","11":"pa_brand-hermes-de","12":"pa_color-schwarz","13":"pa_grade-grad-2","14":"pa_hermes-models-birkin-de","15":"pa_material-leder","17":"first","18":"outofstock","19":"sold-individually","20":"shipping-taxable","21":"product-type-simple"},"_links":{"self":[{"href":"https:\/\/handbag-sense.com\/de\/wp-json\/wp\/v2\/product\/24248","targetHints":{"allow":["GET"]}}],"collection":[{"href":"https:\/\/handbag-sense.com\/de\/wp-json\/wp\/v2\/product"}],"about":[{"href":"https:\/\/handbag-sense.com\/de\/wp-json\/wp\/v2\/types\/product"}],"wp:featuredmedia":[{"embeddable":true,"href":"https:\/\/handbag-sense.com\/de\/wp-json\/wp\/v2\/media\/24188"}],"wp:attachment":[{"href":"https:\/\/handbag-sense.com\/de\/wp-json\/wp\/v2\/media?parent=24248"}],"wp:term":[{"taxonomy":"product_brand","embeddable":true,"href":"https:\/\/handbag-sense.com\/de\/wp-json\/wp\/v2\/product_brand?post=24248"},{"taxonomy":"product_cat","embeddable":true,"href":"https:\/\/handbag-sense.com\/de\/wp-json\/wp\/v2\/product_cat?post=24248"},{"taxonomy":"product_tag","embeddable":true,"href":"https:\/\/handbag-sense.com\/de\/wp-json\/wp\/v2\/product_tag?post=24248"}],"curies":[{"name":"wp","href":"https:\/\/api.w.org\/{rel}","templated":true}]}}