{"id":24090,"date":"2026-03-04T16:20:09","date_gmt":"2026-03-04T15:20:09","guid":{"rendered":"https:\/\/handbag-sense.com\/?post_type=product&#038;p=24090"},"modified":"2026-03-23T17:33:51","modified_gmt":"2026-03-23T16:33:51","slug":"hermes-kelly-25-swift-rose-lipstick","status":"publish","type":"product","link":"https:\/\/handbag-sense.com\/de\/produkt\/hermes-kelly-25-swift-rose-lipstick\/","title":{"rendered":"Kelly 25 Swift Rose Lipstick"},"content":{"rendered":"<div class=\"c-columns-m-1 c-columns-2 c-columns-gap-s\">\n<div><strong>Material:<\/strong> Swift Leder<br \/>\n<strong>Farbe:<\/strong> Rose Lipstick<br \/>\n<strong>Metallelemente:<\/strong> Gold Hardware<br \/>\n<strong>Innenmaterial:<\/strong> Leder<br \/>\n<strong>Grad: <\/strong>3 <img decoding=\"async\" class=\"info_box alignnone size-medium wp-image-885\" title=\"Info\" role=\"img\" src=\"https:\/\/handbag-sense.com\/wp-content\/uploads\/2023\/05\/info_icon.svg\" alt=\"info box\" width=\"15\" height=\"15\" \/><\/div>\n<div><strong>Jahr \/ Stempel:<\/strong> 2019 \/ D<br \/>\n<strong>Gr\u00f6\u00dfe:<\/strong> 25 x 19 x 9 cm<br \/>\n<strong>Versand:<\/strong> Weltweit<br \/>\n<strong>Beinhaltet:<\/strong> Staubbeutel, Clochette, Schl\u00fcssel, Schloss, Gurt, Box<\/div>\n<\/div>\n<p><strong>Verkauft \u00fcber einen zertifizierten Partner:<\/strong> Dieser Artikel stammt von einem zertifizierten Partner. Der Versand kann 5\u20137 Werktage dauern. Echtheitspr\u00fcfung, Schutz und Garantie gelten wie gewohnt.<\/p>\n","protected":false},"excerpt":{"rendered":"<p data-start=\"2023\" data-end=\"2104\"><strong data-start=\"2023\" data-end=\"2102\">Herm\u00e8s Kelly 25 Swift Rose Lipstick mit Gold Hardware \u2013 Exzellenter Zustand<\/strong><\/p>\n<p data-start=\"1000\" data-end=\"1250\">Diese <strong data-start=\"1006\" data-end=\"1025\">Herm\u00e8s Kelly 25<\/strong> <strong>Retourne<\/strong> ist aus glattem Swift-Leder in der lebendigen Farbe <strong data-start=\"1078\" data-end=\"1095\">Rose Lipstick<\/strong> gefertigt und mit eleganter Gold Hardware versehen. Sie wurde 2019 produziert, tr\u00e4gt den Jahresstempel <strong data-start=\"1199\" data-end=\"1204\">D<\/strong> und befindet sich in ausgezeichnetem Zustand.<\/p>\n<p data-start=\"1252\" data-end=\"1586\">Die <strong data-start=\"1256\" data-end=\"1277\">Kelly 25 Rose Lipstick <\/strong>verf\u00fcgt \u00fcber eine elegante, leicht flexible Silhouette mit gerolltem Lederhenkel sowie einem abnehmbaren, flachen Schulterriemen f\u00fcr vielseitige Tragem\u00f6glichkeiten. Die ikonische Frontklappe mit Drehverschluss \u00f6ffnet sich zu einem gut organisierten Innenraum mit einem Rei\u00dfverschlussfach und einem Steckfach.<\/p>\n<p data-start=\"1588\" data-end=\"1912\">Der Zustand ist ausgezeichnet mit leichten Gebrauchsspuren. Dazu geh\u00f6ren leichte kleine Kratzer an Verschluss, Rei\u00dfverschluss und Metallteilen, minimale\u00a0 Knicke auf der R\u00fcckseite sowie leichte Flecken im Innenfutter.<\/p>\n","protected":false},"featured_media":24079,"template":"","meta":[],"product_brand":[2404],"product_cat":[347],"product_tag":[],"class_list":{"0":"post-24090","1":"product","2":"type-product","3":"status-publish","4":"has-post-thumbnail","6":"product_brand-hermes-de","7":"product_cat-handtasche","8":"pa_brand-hermes-de","9":"pa_color-pink-de","10":"pa_color-rosa-de","11":"pa_grade-grad-3","12":"pa_hermes-models-kelly-de","13":"pa_material-leder","15":"first","16":"instock","17":"sold-individually","18":"shipping-taxable","19":"purchasable","20":"product-type-simple"},"_links":{"self":[{"href":"https:\/\/handbag-sense.com\/de\/wp-json\/wp\/v2\/product\/24090","targetHints":{"allow":["GET"]}}],"collection":[{"href":"https:\/\/handbag-sense.com\/de\/wp-json\/wp\/v2\/product"}],"about":[{"href":"https:\/\/handbag-sense.com\/de\/wp-json\/wp\/v2\/types\/product"}],"wp:featuredmedia":[{"embeddable":true,"href":"https:\/\/handbag-sense.com\/de\/wp-json\/wp\/v2\/media\/24079"}],"wp:attachment":[{"href":"https:\/\/handbag-sense.com\/de\/wp-json\/wp\/v2\/media?parent=24090"}],"wp:term":[{"taxonomy":"product_brand","embeddable":true,"href":"https:\/\/handbag-sense.com\/de\/wp-json\/wp\/v2\/product_brand?post=24090"},{"taxonomy":"product_cat","embeddable":true,"href":"https:\/\/handbag-sense.com\/de\/wp-json\/wp\/v2\/product_cat?post=24090"},{"taxonomy":"product_tag","embeddable":true,"href":"https:\/\/handbag-sense.com\/de\/wp-json\/wp\/v2\/product_tag?post=24090"}],"curies":[{"name":"wp","href":"https:\/\/api.w.org\/{rel}","templated":true}]}}