{"id":24086,"date":"2026-03-04T13:26:06","date_gmt":"2026-03-04T12:26:06","guid":{"rendered":"https:\/\/handbag-sense.com\/?post_type=product&#038;p=24086"},"modified":"2026-03-04T13:59:53","modified_gmt":"2026-03-04T12:59:53","slug":"hermes-constance-23-vintage-schwarz","status":"publish","type":"product","link":"https:\/\/handbag-sense.com\/de\/produkt\/hermes-constance-23-vintage-schwarz\/","title":{"rendered":"Constance 23 Vintage Schwarz Krokodilleder"},"content":{"rendered":"<div class=\"c-columns-m-1 c-columns-2 c-columns-gap-s\">\n<div><strong>Material:<\/strong> Krokodilleder<br \/>\n<strong>Farbe:<\/strong> Schwarz<br \/>\n<strong>Metallelemente:<\/strong> Gold Hardware<br \/>\n<strong>Innenmaterial:<\/strong> Leder<\/div>\n<div><strong>Grad: <\/strong>4\u00a0<img decoding=\"async\" class=\"info_box alignnone size-medium wp-image-885\" title=\"Info\" role=\"img\" src=\"https:\/\/handbag-sense.com\/wp-content\/uploads\/2023\/05\/info_icon.svg\" alt=\"info box\" width=\"15\" height=\"15\" \/><br \/>\n<strong>Jahresstempel:<\/strong> P \/ 1986<br \/>\n<strong>Gr\u00f6\u00dfe:<\/strong> 23 x 17 x 5 cm<br \/>\n<strong>Versand:<\/strong> Weltweit<\/div>\n<\/div>\n<p><strong>Enth\u00e4lt:<\/strong> Expertise<\/p>\n","protected":false},"excerpt":{"rendered":"<p data-start=\"2032\" data-end=\"2128\"><strong data-start=\"2032\" data-end=\"2128\">Herm\u00e8s Constance 23 Vintage schwarz Krokodilleder mit Gold Hardware \u2013 1986<\/strong><\/p>\n<p data-start=\"2002\" data-end=\"2584\">Diese <strong data-start=\"2008\" data-end=\"2039\">Herm\u00e8s Constance Vintage<\/strong> ist aus schwarzem Krokodilleder gefertigt und mit eleganter goldfarbener Hardware versehen. Die Tasche stammt aus dem Jahr <strong data-start=\"2174\" data-end=\"2182\">1986<\/strong> und verk\u00f6rpert die zeitlose Raffinesse der Herm\u00e8s-Handwerkskunst. F\u00fcr ihr Alter befindet sie sich in sehr gutem Zustand und weist Kratzer an der Hardware, dezente Spuren und Kratzer auf dem Krokodilleder sowie sanfte Gebrauchsspuren auf, die der Tasche eine authentische Vintage-Patina verleihen. Im Inneren sind leichte Kratzer und kleine Flecken vorhanden, typisch f\u00fcr eine gut erhaltene Vintage-Tasche.<\/p>\n<p data-start=\"2586\" data-end=\"3090\">Seit ihrer Einf\u00fchrung im Jahr 1959 z\u00e4hlt die Constance zu den ikonischsten Designs von Herm\u00e8s. Besonders der charakteristische \u201eH\u201c-Verschluss und die klare, elegante Silhouette machen die Tasche zu einem unverwechselbaren Klassiker. In exotischem Krokodilleder erreicht die <strong data-start=\"2860\" data-end=\"2882\">Constance Krokodil schwarz<\/strong> eine besonders exklusive Ausstrahlung und vereint luxuri\u00f6se Materialien mit zeitloser Eleganz. Der verstellbare Schulterriemen erm\u00f6glicht es, die Tasche sowohl \u00fcber der Schulter als auch crossbody zu tragen.<\/p>\n<p data-start=\"3092\" data-end=\"3387\">Vintage-Exoten von Herm\u00e8s werden von Sammlern weltweit gesch\u00e4tzt, da sie au\u00dfergew\u00f6hnliche Handwerkskunst und zunehmende Seltenheit vereinen. Das tiefschwarze Krokodilleder in Kombination mit goldener Hardware verleiht der Tasche eine edle und zeitlose \u00c4sthetik, die unabh\u00e4ngig von Trends bleibt.<\/p>\n<p data-start=\"3389\" data-end=\"3571\">Diese <strong data-start=\"3395\" data-end=\"3433\">Herm\u00e8s Constance Krokodil Vintage<\/strong>\u00a0ist ein elegantes Sammlerst\u00fcck mit historischem Charakter und ein beeindruckendes Beispiel f\u00fcr die best\u00e4ndige Luxus-Tradition von Herm\u00e8s.<\/p>\n","protected":false},"featured_media":24042,"template":"","meta":[],"product_brand":[2404],"product_cat":[347,350,351,346,345],"product_tag":[],"class_list":{"0":"post-24086","1":"product","2":"type-product","3":"status-publish","4":"has-post-thumbnail","6":"product_brand-hermes-de","7":"product_cat-handtasche","8":"product_cat-schultertaschen","9":"product_cat-kleine-taschen","10":"product_cat-abendtasche","11":"product_cat-crossbody-taschen","12":"pa_brand-hermes-de","13":"pa_color-schwarz","14":"pa_grade-grad-4","15":"pa_hermes-models-constance-de","16":"pa_material-exotisches-leder","18":"first","19":"instock","20":"shipping-taxable","21":"purchasable","22":"product-type-simple"},"_links":{"self":[{"href":"https:\/\/handbag-sense.com\/de\/wp-json\/wp\/v2\/product\/24086","targetHints":{"allow":["GET"]}}],"collection":[{"href":"https:\/\/handbag-sense.com\/de\/wp-json\/wp\/v2\/product"}],"about":[{"href":"https:\/\/handbag-sense.com\/de\/wp-json\/wp\/v2\/types\/product"}],"wp:featuredmedia":[{"embeddable":true,"href":"https:\/\/handbag-sense.com\/de\/wp-json\/wp\/v2\/media\/24042"}],"wp:attachment":[{"href":"https:\/\/handbag-sense.com\/de\/wp-json\/wp\/v2\/media?parent=24086"}],"wp:term":[{"taxonomy":"product_brand","embeddable":true,"href":"https:\/\/handbag-sense.com\/de\/wp-json\/wp\/v2\/product_brand?post=24086"},{"taxonomy":"product_cat","embeddable":true,"href":"https:\/\/handbag-sense.com\/de\/wp-json\/wp\/v2\/product_cat?post=24086"},{"taxonomy":"product_tag","embeddable":true,"href":"https:\/\/handbag-sense.com\/de\/wp-json\/wp\/v2\/product_tag?post=24086"}],"curies":[{"name":"wp","href":"https:\/\/api.w.org\/{rel}","templated":true}]}}