{"id":24006,"date":"2026-02-28T12:12:15","date_gmt":"2026-02-28T11:12:15","guid":{"rendered":"https:\/\/handbag-sense.com\/?post_type=product&#038;p=24006"},"modified":"2026-02-28T12:27:20","modified_gmt":"2026-02-28T11:27:20","slug":"hermes-kelly-pochette-swift-gold-2","status":"publish","type":"product","link":"https:\/\/handbag-sense.com\/de\/produkt\/hermes-kelly-pochette-swift-gold-2\/","title":{"rendered":"Kelly Pochette Swift Gold"},"content":{"rendered":"<div class=\"c-columns-m-1 c-columns-2 c-columns-gap-s\">\n<div><strong>Material:<\/strong> Swift Leder<br \/>\n<strong>Farbe:<\/strong> Gold<br \/>\n<strong>Metallelemente:<\/strong> Gold Hardware<br \/>\n<strong>Innenmaterial:<\/strong> Leder<\/div>\n<div><strong>Grad:<\/strong> 1 <img decoding=\"async\" class=\"info_box alignnone size-medium wp-image-885\" title=\"Info\" role=\"img\" src=\"https:\/\/handbag-sense.com\/wp-content\/uploads\/2023\/05\/info_icon.svg\" alt=\"info box\" width=\"15\" height=\"15\" \/><br \/>\n<strong>Jahresstempel:<\/strong> 2025 \/ K<br \/>\n<strong>Gr\u00f6\u00dfe:<\/strong> 22 x 13 x 7 cm<br \/>\n<strong>Versand:<\/strong> Weltweit<\/div>\n<\/div>\n<p><strong>Beinhaltet:<\/strong> Originalrechnung, Staubbeutel, Filz, Heft, Box<\/p>\n","protected":false},"excerpt":{"rendered":"<p data-start=\"2011\" data-end=\"2095\"><strong data-start=\"2011\" data-end=\"2093\">Herm\u00e8s Kelly Pochette Swift Gold mit Gold Hardware \u2013 Neu <\/strong><\/p>\n<p data-start=\"2011\" data-end=\"2095\">Diese <strong data-start=\"2103\" data-end=\"2128\">Herm\u00e8s Kelly Pochette<\/strong> ist aus geschmeidigem Swift Leder in der klassischen Farbe Gold, in Kombination mit der goldfarbenen Hardware handgefertigt. Die Tasche tr\u00e4gt den Stempel (K), ist brandneu und ungetragen und wird mit Originalrechnung, Staubbeutel und der ikonischen orangefarbenen Herm\u00e8s-Box geliefert.<\/p>\n<p data-start=\"2747\" data-end=\"3105\">Als puristische Interpretation der legend\u00e4ren Kelly-Linie verbindet diese <strong data-start=\"2821\" data-end=\"2846\">Herm\u00e8s Kelly Pochette Gold<\/strong> zeitlose Eleganz mit handwerklicher Perfektion. Das weiche Swift-Leder liegt besonders angenehm in der Hand und sorgt gleichzeitig f\u00fcr eine edel flie\u00dfende Silhouette.<\/p>\n<p data-start=\"3107\" data-end=\"3459\">Mit ihrer kompakten Form erinnert sie an die begehrte <strong data-start=\"3161\" data-end=\"3189\">Herm\u00e8s Mini Kelly Clutch<\/strong> und bietet die ikonische Kelly-\u00c4sthetik im handlichen Evening-Format. Die klare Linienf\u00fchrung, der elegante Tragegriff und das charakteristische Drehschloss machen diese Pochette zu einem vielseitigen Begleiter \u2013 ideal f\u00fcr Abendanl\u00e4sse, Dinner oder elegante Tageslooks.<\/p>\n<p data-start=\"3461\" data-end=\"3770\">Als <strong data-start=\"3585\" data-end=\"3604\">rare Herm\u00e8s bag<\/strong> avanciert sie zu einer <strong data-start=\"3628\" data-end=\"3658\">luxury collectible handbag<\/strong>, deren Seltenheit und Modernit\u00e4t sie zu einer erstklassigen Investition f\u00fcr anspruchsvolle Herm\u00e8s-Kenner macht.<\/p>\n","protected":false},"featured_media":18403,"template":"","meta":[],"product_brand":[2404],"product_cat":[351,344,346],"product_tag":[2362,2363],"class_list":{"0":"post-24006","1":"product","2":"type-product","3":"status-publish","4":"has-post-thumbnail","6":"product_brand-hermes-de","7":"product_cat-kleine-taschen","8":"product_cat-pochette-de","9":"product_cat-abendtasche","10":"product_tag-hermes-kelly-pochette-de","11":"product_tag-kelly-pochette-gold-de","12":"pa_brand-hermes-de","13":"pa_color-gold-de","14":"pa_grade-grad-1","15":"pa_material-leder","17":"first","18":"outofstock","19":"sold-individually","20":"product-type-simple"},"_links":{"self":[{"href":"https:\/\/handbag-sense.com\/de\/wp-json\/wp\/v2\/product\/24006","targetHints":{"allow":["GET"]}}],"collection":[{"href":"https:\/\/handbag-sense.com\/de\/wp-json\/wp\/v2\/product"}],"about":[{"href":"https:\/\/handbag-sense.com\/de\/wp-json\/wp\/v2\/types\/product"}],"wp:featuredmedia":[{"embeddable":true,"href":"https:\/\/handbag-sense.com\/de\/wp-json\/wp\/v2\/media\/18403"}],"wp:attachment":[{"href":"https:\/\/handbag-sense.com\/de\/wp-json\/wp\/v2\/media?parent=24006"}],"wp:term":[{"taxonomy":"product_brand","embeddable":true,"href":"https:\/\/handbag-sense.com\/de\/wp-json\/wp\/v2\/product_brand?post=24006"},{"taxonomy":"product_cat","embeddable":true,"href":"https:\/\/handbag-sense.com\/de\/wp-json\/wp\/v2\/product_cat?post=24006"},{"taxonomy":"product_tag","embeddable":true,"href":"https:\/\/handbag-sense.com\/de\/wp-json\/wp\/v2\/product_tag?post=24006"}],"curies":[{"name":"wp","href":"https:\/\/api.w.org\/{rel}","templated":true}]}}