{"id":24003,"date":"2026-02-27T17:42:06","date_gmt":"2026-02-27T16:42:06","guid":{"rendered":"https:\/\/handbag-sense.com\/?post_type=product&#038;p=24003"},"modified":"2026-02-27T18:06:06","modified_gmt":"2026-02-27T17:06:06","slug":"chanel-medium-classic-hellrosa-double","status":"publish","type":"product","link":"https:\/\/handbag-sense.com\/de\/produkt\/chanel-medium-classic-hellrosa-double\/","title":{"rendered":"Medium Classic Hellrosa Double Flap Caviar"},"content":{"rendered":"<div class=\"c-columns-m-1 c-columns-2 c-columns-gap-s\">\n<div><strong>Material:<\/strong> Caviar Leder<br \/>\n<strong>Farbe:<\/strong> hellrosa<br \/>\n<strong>Metallelemente:<\/strong> Silberfarbenes Metall<br \/>\n<strong>Innenmaterial:<\/strong> Leder<br \/>\n<strong>Grad: <\/strong>4 <img decoding=\"async\" class=\"info_box alignnone size-medium wp-image-885\" title=\"Info\" role=\"img\" src=\"https:\/\/handbag-sense.com\/wp-content\/uploads\/2023\/05\/info_icon.svg\" alt=\"info box\" width=\"15\" height=\"15\" \/><\/div>\n<div><strong>Produktionsjahr\/Seriennummer:<\/strong> 2014 \/ beginnt mit 190...<br \/>\n<strong>Gr\u00f6\u00dfe:<\/strong> 25,5 x 15,5 x 6,5 cm<br \/>\n<strong>Versand:<\/strong> Weltweit<br \/>\n<strong>Beinhaltet:<\/strong> Authentizit\u00e4tskarte<\/div>\n<\/div>\n<p><strong>Verkauft \u00fcber einen zertifizierten Partner:<\/strong> Dieser Artikel stammt von einem zertifizierten Partner. Der Versand kann 5\u20137 Werktage dauern. Echtheitspr\u00fcfung, Schutz und Garantie gelten wie gewohnt.<\/p>\n","protected":false},"excerpt":{"rendered":"<p data-start=\"2030\" data-end=\"2416\"><strong data-start=\"2036\" data-end=\"2077\">Chanel Medium Classic Hellrosa Double Flap Caviar mit silberfarbener Hardware<\/strong><\/p>\n<p data-start=\"1085\" data-end=\"1398\">Die <strong data-start=\"1089\" data-end=\"1126\">Chanel Medium Double Flap<\/strong> aus Caviar-Leder mit silberfarbener Hardware ist eine Ikone zeitloser Eleganz. Gefertigt aus strapazierf\u00e4higem, gestepptem Caviar-Leder, verf\u00fcgt diese Schultertasche \u00fcber den charakteristischen, mit Leder durchzogenen Kettenriemen sowie den unverkennbaren CC-Drehverschluss.<\/p>\n<p data-start=\"1400\" data-end=\"1572\">Das Design umfasst eine doppelte Frontklappe, ein \u00e4u\u00dferes Steckfach auf der R\u00fcckseite sowie mehrere Innenf\u00e4cher mit Rei\u00dfverschluss- und Steckfach f\u00fcr optimale Organisation.<\/p>\n<p data-start=\"1574\" data-end=\"1910\">Der Zustand ist sehr gut, mit leichten Kratzern an Hardware. Der Riemen, Vorder- und R\u00fcckseite, Oberseite, Henkel, Innenfutter und Innenfach zeigen leichte Gebrauchsspuren.<\/p>\n<p data-start=\"1912\" data-end=\"2058\">Die Chanel Medium Hellrosa Caviar gilt als begehrtes Sammlerst\u00fcck mit nachhaltigem Investmentpotenzial und generations\u00fcbergreifender Relevanz.<\/p>\n","protected":false},"featured_media":23906,"template":"","meta":[],"product_brand":[2417],"product_cat":[347,350,346],"product_tag":[2126],"class_list":{"0":"post-24003","1":"product","2":"type-product","3":"status-publish","4":"has-post-thumbnail","6":"product_brand-chanel-de","7":"product_cat-handtasche","8":"product_cat-schultertaschen","9":"product_cat-abendtasche","10":"product_tag-chanel-medium-classic-de","11":"pa_brand-chanel-de","12":"pa_chanel-models-timeless-classique-de","13":"pa_color-pink-de","14":"pa_color-rosa-de","15":"pa_grade-grad-4","16":"pa_material-leder","18":"first","19":"outofstock","20":"sold-individually","21":"shipping-taxable","22":"product-type-simple"},"_links":{"self":[{"href":"https:\/\/handbag-sense.com\/de\/wp-json\/wp\/v2\/product\/24003","targetHints":{"allow":["GET"]}}],"collection":[{"href":"https:\/\/handbag-sense.com\/de\/wp-json\/wp\/v2\/product"}],"about":[{"href":"https:\/\/handbag-sense.com\/de\/wp-json\/wp\/v2\/types\/product"}],"wp:featuredmedia":[{"embeddable":true,"href":"https:\/\/handbag-sense.com\/de\/wp-json\/wp\/v2\/media\/23906"}],"wp:attachment":[{"href":"https:\/\/handbag-sense.com\/de\/wp-json\/wp\/v2\/media?parent=24003"}],"wp:term":[{"taxonomy":"product_brand","embeddable":true,"href":"https:\/\/handbag-sense.com\/de\/wp-json\/wp\/v2\/product_brand?post=24003"},{"taxonomy":"product_cat","embeddable":true,"href":"https:\/\/handbag-sense.com\/de\/wp-json\/wp\/v2\/product_cat?post=24003"},{"taxonomy":"product_tag","embeddable":true,"href":"https:\/\/handbag-sense.com\/de\/wp-json\/wp\/v2\/product_tag?post=24003"}],"curies":[{"name":"wp","href":"https:\/\/api.w.org\/{rel}","templated":true}]}}