{"id":23999,"date":"2026-02-27T14:48:07","date_gmt":"2026-02-27T13:48:07","guid":{"rendered":"https:\/\/handbag-sense.com\/?post_type=product&#038;p=23999"},"modified":"2026-04-02T10:08:10","modified_gmt":"2026-04-02T08:08:10","slug":"chanel-medium-classic-double-flap-3","status":"publish","type":"product","link":"https:\/\/handbag-sense.com\/de\/produkt\/chanel-medium-classic-double-flap-3\/","title":{"rendered":"Medium Classic Double Flap Schwarz Caviar"},"content":{"rendered":"<div class=\"c-columns-m-1 c-columns-2 c-columns-gap-s\">\n<div><strong>Material:<\/strong> genarbtes Kalbsleder<br \/>\n<strong>Farbe:<\/strong> schwarz<br \/>\n<strong>Metallelemente:<\/strong> Silberfarbenes Metall<br \/>\n<strong>Innenmaterial:<\/strong> Leder<br \/>\n<strong>Grad: <\/strong>4\/5 <img decoding=\"async\" class=\"info_box alignnone size-medium wp-image-885\" title=\"Info\" role=\"img\" src=\"https:\/\/handbag-sense.com\/wp-content\/uploads\/2023\/05\/info_icon.svg\" alt=\"info box\" width=\"15\" height=\"15\" \/><\/div>\n<div><strong>Produktionsjahr\/Seriennummer:<\/strong> 2014 \/ beginnt mit 180...<br \/>\n<strong>Gr\u00f6\u00dfe:<\/strong> 25,5 x 15,5 x 6,5 cm<br \/>\n<strong>Versand:<\/strong> Weltweit<br \/>\n<strong>Beinhaltet:<\/strong> nur die Handtasche<\/div>\n<\/div>\n<p><strong>Verkauft \u00fcber einen zertifizierten Partner:<\/strong> Dieser Artikel stammt von einem zertifizierten Partner. Der Versand kann 5\u20137 Werktage dauern. Echtheitspr\u00fcfung, Schutz und Garantie gelten wie gewohnt.<\/p>\n","protected":false},"excerpt":{"rendered":"<p data-start=\"2030\" data-end=\"2416\"><strong data-start=\"2036\" data-end=\"2077\">Chanel Medium Classic Double Flap Bag in Schwarz mit silberfarbener Hardware<\/strong><\/p>\n<p data-start=\"1110\" data-end=\"1415\">Die <strong data-start=\"1114\" data-end=\"1155\">Chanel Medium Caviar Double Flap <\/strong>aus schwarzem Caviar-Leder mit silberfarbener Hardware z\u00e4hlt zu den ikonischen Designs des Hauses Chanel. Mit ihrer charakteristischen Rautensteppung, dem mit Leder durchzogenen Kettenriemen und dem legend\u00e4ren CC-Drehverschluss verk\u00f6rpert sie zeitlose Eleganz.<\/p>\n<p data-start=\"1417\" data-end=\"1646\">Das Modell verf\u00fcgt \u00fcber eine doppelte Frontklappe, ein r\u00fcckseitiges Steckfach sowie mehrere Innenf\u00e4cher mit Rei\u00dfverschluss- und Steckfach. Das Innere ist mit bordeauxrotem Leder gef\u00fcttert \u2013 ein typisches Merkmal der Classic Flap.<\/p>\n<p data-start=\"1648\" data-end=\"1991\">Der Zustand ist sehr gut. Es sind leichte Gebrauchsspuren vorhanden, darunter kleine Kratzer und feine Knitterspuren an Ecken und Boden. Die Hardware weist leichte Kratzer auf. Auch im Innenfutter sind feine Kratzer und leichte Falten sichtbar.<\/p>\n<p data-start=\"1993\" data-end=\"2098\">Diese Chanel Medium Schwarz ist ein begehrtes Sammlerst\u00fcck und steht weltweit f\u00fcr Luxus, Prestige und nachhaltigen Wert.<\/p>\n","protected":false},"featured_media":23936,"template":"","meta":[],"product_brand":[2417],"product_cat":[347,350,346],"product_tag":[2346,2126,2347],"class_list":{"0":"post-23999","1":"product","2":"type-product","3":"status-publish","4":"has-post-thumbnail","6":"product_brand-chanel-de","7":"product_cat-handtasche","8":"product_cat-schultertaschen","9":"product_cat-abendtasche","10":"product_tag-chanel-klassisches-schwarz","11":"product_tag-chanel-medium-classic-de","12":"product_tag-chanel-mittelschwarz","13":"pa_brand-chanel-de","14":"pa_chanel-models-timeless-classique-de","15":"pa_color-schwarz","16":"pa_grade-grad-4","17":"pa_grade-grad-5","18":"pa_material-leder","20":"first","21":"outofstock","22":"sold-individually","23":"shipping-taxable","24":"product-type-simple"},"_links":{"self":[{"href":"https:\/\/handbag-sense.com\/de\/wp-json\/wp\/v2\/product\/23999","targetHints":{"allow":["GET"]}}],"collection":[{"href":"https:\/\/handbag-sense.com\/de\/wp-json\/wp\/v2\/product"}],"about":[{"href":"https:\/\/handbag-sense.com\/de\/wp-json\/wp\/v2\/types\/product"}],"wp:featuredmedia":[{"embeddable":true,"href":"https:\/\/handbag-sense.com\/de\/wp-json\/wp\/v2\/media\/23936"}],"wp:attachment":[{"href":"https:\/\/handbag-sense.com\/de\/wp-json\/wp\/v2\/media?parent=23999"}],"wp:term":[{"taxonomy":"product_brand","embeddable":true,"href":"https:\/\/handbag-sense.com\/de\/wp-json\/wp\/v2\/product_brand?post=23999"},{"taxonomy":"product_cat","embeddable":true,"href":"https:\/\/handbag-sense.com\/de\/wp-json\/wp\/v2\/product_cat?post=23999"},{"taxonomy":"product_tag","embeddable":true,"href":"https:\/\/handbag-sense.com\/de\/wp-json\/wp\/v2\/product_tag?post=23999"}],"curies":[{"name":"wp","href":"https:\/\/api.w.org\/{rel}","templated":true}]}}