{"id":23881,"date":"2026-02-25T16:32:26","date_gmt":"2026-02-25T15:32:26","guid":{"rendered":"https:\/\/handbag-sense.com\/?post_type=product&#038;p=23881"},"modified":"2026-02-25T17:26:18","modified_gmt":"2026-02-25T16:26:18","slug":"chanel-medium-classic-dunkelblau","status":"publish","type":"product","link":"https:\/\/handbag-sense.com\/de\/produkt\/chanel-medium-classic-dunkelblau\/","title":{"rendered":"Medium Classic Dunkelblau Double Flap Caviar"},"content":{"rendered":"<div class=\"c-columns-m-1 c-columns-2 c-columns-gap-s\">\n<div><strong>Material:<\/strong> Caviar Leder<br \/>\n<strong>Farbe:<\/strong> dunkelblau<br \/>\n<strong>Metallelemente:<\/strong> Silberfarbenes Metall<br \/>\n<strong>Innenmaterial:<\/strong> Leder<br \/>\n<strong>Grad: <\/strong>4 <img decoding=\"async\" class=\"info_box alignnone size-medium wp-image-885\" title=\"Info\" role=\"img\" src=\"https:\/\/handbag-sense.com\/wp-content\/uploads\/2023\/05\/info_icon.svg\" alt=\"info box\" width=\"15\" height=\"15\" \/><\/div>\n<div><strong>Produktionsjahr\/Seriennummer:<\/strong> 2014 \/ beginnt mit 190...<br \/>\n<strong>Gr\u00f6\u00dfe:<\/strong> 25,5 x 15,5 x 6,5 cm<br \/>\n<strong>Versand:<\/strong> Weltweit<br \/>\n<strong>Beinhaltet:<\/strong> Authentizit\u00e4tskarte<\/div>\n<\/div>\n<p><strong>Verkauft \u00fcber einen zertifizierten Partner:<\/strong> Dieser Artikel stammt von einem zertifizierten Partner. Der Versand kann 5\u20137 Werktage dauern. Echtheitspr\u00fcfung, Schutz und Garantie gelten wie gewohnt.<\/p>\n","protected":false},"excerpt":{"rendered":"<p data-start=\"2030\" data-end=\"2416\"><strong data-start=\"2036\" data-end=\"2077\">Chanel Medium Classic Dunkelblau Double Flap Caviar mit silberfarbener Hardware<\/strong><\/p>\n<p data-start=\"929\" data-end=\"1284\">Die <strong data-start=\"933\" data-end=\"970\">Chanel Medium Double Flap<\/strong> aus marineblauem Caviar-Leder mit silberner Hardware ist eine zeitlose Ikone der Eleganz. Gefertigt aus strapazierf\u00e4higem, rautenf\u00f6rmig gestepptem Caviar-Leder, verf\u00fcgt diese Schultertasche \u00fcber den charakteristischen, mit Leder durchzogenen Kettenriemen sowie den unverkennbaren CC-Drehverschluss in Silberoptik.<\/p>\n<p data-start=\"1286\" data-end=\"1471\">Das Design umfasst eine doppelte Frontklappe, ein \u00e4u\u00dferes Steckfach auf der R\u00fcckseite sowie ein strukturiertes Innenleben mit Rei\u00dfverschluss- und Steckf\u00e4chern f\u00fcr optimale Organisation.<\/p>\n<p data-start=\"1473\" data-end=\"1677\">Der Zustand ist sehr gut, mit leichten Gebrauchsspuren am Riemen und an den Au\u00dfenseiten. Verschluss, Rei\u00dfverschluss und Hardware weisen leichte Kratzer auf.\u00a0Die Tasche wird mit ihrer Authentizit\u00e4tskarte geliefert.<\/p>\n<hr data-start=\"1737\" data-end=\"1740\" \/>\n","protected":false},"featured_media":23866,"template":"","meta":[],"product_brand":[2417],"product_cat":[347,350,346],"product_tag":[2126],"class_list":{"0":"post-23881","1":"product","2":"type-product","3":"status-publish","4":"has-post-thumbnail","6":"product_brand-chanel-de","7":"product_cat-handtasche","8":"product_cat-schultertaschen","9":"product_cat-abendtasche","10":"product_tag-chanel-medium-classic-de","11":"pa_brand-chanel-de","12":"pa_chanel-models-timeless-classique-de","13":"pa_color-blau","14":"pa_grade-grad-4","15":"pa_material-leder","17":"first","18":"outofstock","19":"sold-individually","20":"shipping-taxable","21":"product-type-simple"},"_links":{"self":[{"href":"https:\/\/handbag-sense.com\/de\/wp-json\/wp\/v2\/product\/23881","targetHints":{"allow":["GET"]}}],"collection":[{"href":"https:\/\/handbag-sense.com\/de\/wp-json\/wp\/v2\/product"}],"about":[{"href":"https:\/\/handbag-sense.com\/de\/wp-json\/wp\/v2\/types\/product"}],"wp:featuredmedia":[{"embeddable":true,"href":"https:\/\/handbag-sense.com\/de\/wp-json\/wp\/v2\/media\/23866"}],"wp:attachment":[{"href":"https:\/\/handbag-sense.com\/de\/wp-json\/wp\/v2\/media?parent=23881"}],"wp:term":[{"taxonomy":"product_brand","embeddable":true,"href":"https:\/\/handbag-sense.com\/de\/wp-json\/wp\/v2\/product_brand?post=23881"},{"taxonomy":"product_cat","embeddable":true,"href":"https:\/\/handbag-sense.com\/de\/wp-json\/wp\/v2\/product_cat?post=23881"},{"taxonomy":"product_tag","embeddable":true,"href":"https:\/\/handbag-sense.com\/de\/wp-json\/wp\/v2\/product_tag?post=23881"}],"curies":[{"name":"wp","href":"https:\/\/api.w.org\/{rel}","templated":true}]}}