{"id":23878,"date":"2026-02-24T17:24:09","date_gmt":"2026-02-24T16:24:09","guid":{"rendered":"https:\/\/handbag-sense.com\/?post_type=product&#038;p=23878"},"modified":"2026-02-24T18:39:26","modified_gmt":"2026-02-24T17:39:26","slug":"chanel-19-wallet-on-chain-in-rosa","status":"publish","type":"product","link":"https:\/\/handbag-sense.com\/de\/produkt\/chanel-19-wallet-on-chain-in-rosa\/","title":{"rendered":"19 Wallet on Chain in Rosa aus gestepptem Lammleder"},"content":{"rendered":"<div class=\"c-columns-m-1 c-columns-2 c-columns-gap-s\">\n<div><strong>Material:<\/strong> Lammleder<br \/>\n<strong>Farbe:<\/strong> Rosa<br \/>\n<strong>Metallelemente:<\/strong> Gold &amp; Silber<br \/>\n<strong>Innenmaterial:<\/strong> Leder<br \/>\n<strong>Grad: <\/strong>3 <img decoding=\"async\" class=\"info_box alignnone size-medium wp-image-885\" title=\"Info\" role=\"img\" src=\"https:\/\/handbag-sense.com\/wp-content\/uploads\/2023\/05\/info_icon.svg\" alt=\"info box\" width=\"15\" height=\"15\" \/><\/div>\n<div><strong>Produktionsjahr:<\/strong> 2021-2025<br \/>\n<strong>Gr\u00f6\u00dfe:<\/strong> 19 x 13 x 4 cm<br \/>\n<strong>Versand:<\/strong> Weltweit<br \/>\n<strong>Beinhaltet:<\/strong> nur die Handtasche<\/div>\n<\/div>\n<p><strong>Verkauft \u00fcber einen zertifizierten Partner:<\/strong> Dieser Artikel stammt von einem zertifizierten Partner. Der Versand kann 5\u20137 Werktage dauern. Echtheitspr\u00fcfung, Schutz und Garantie gelten wie gewohnt.<\/p>\n","protected":false},"excerpt":{"rendered":"<p data-start=\"2030\" data-end=\"2416\"><strong data-start=\"2036\" data-end=\"2077\">Chanel 19 Wallet on Chain in Rosa aus gestepptem Lammleder mit gold- und silberfarbener Hardware<\/strong><\/p>\n<p data-start=\"945\" data-end=\"1188\">Die <strong data-start=\"949\" data-end=\"978\">Chanel 19 Wallet on Chain<\/strong> aus rosafarbenem, gestepptem Lammleder mit gold- und silberfarbener Hardware vereint moderne Eleganz mit femininer Ausstrahlung. Das weiche Lammleder unterstreicht den luxuri\u00f6sen Charakter der Chanel 19 Linie.<\/p>\n<p data-start=\"1190\" data-end=\"1445\">Die Tasche verf\u00fcgt \u00fcber einen Kettenhenkel, einen mit Leder durchzogenen Schulterriemen mit Lederschutz sowie eine Frontklappe mit Magnetverschluss und ikonischem CC-Logo. Im Inneren sorgen Rei\u00dfverschluss- und Steckf\u00e4cher f\u00fcr eine praktische Organisation.<\/p>\n<p data-start=\"1447\" data-end=\"1596\">Der Zustand ist exzellent, mit leichten Flecken auf der Vorderseite, minimalen Kugelschreiberflecken am Riemen sowie leichten Kratzern am Verschluss.<\/p>\n<p data-start=\"1598\" data-end=\"1677\">Die Chanel 19 WOC in pink ist ein vielseitiges Modell, das zeitlose Raffinesse mit modernem Design verbindet.<\/p>\n","protected":false},"featured_media":23748,"template":"","meta":[],"product_brand":[2417],"product_cat":[347,350,351,344,346,345],"product_tag":[2621],"class_list":{"0":"post-23878","1":"product","2":"type-product","3":"status-publish","4":"has-post-thumbnail","6":"product_brand-chanel-de","7":"product_cat-handtasche","8":"product_cat-schultertaschen","9":"product_cat-kleine-taschen","10":"product_cat-pochette-de","11":"product_cat-abendtasche","12":"product_cat-crossbody-taschen","13":"product_tag-chanel-19-woc-in-pink","14":"pa_brand-chanel-de","15":"pa_chanel-models-wallet-on-chain-de","16":"pa_color-pink-de","17":"pa_color-rosa-de","18":"pa_grade-grad-3","19":"pa_material-leder","21":"first","22":"outofstock","23":"sold-individually","24":"shipping-taxable","25":"product-type-simple"},"_links":{"self":[{"href":"https:\/\/handbag-sense.com\/de\/wp-json\/wp\/v2\/product\/23878","targetHints":{"allow":["GET"]}}],"collection":[{"href":"https:\/\/handbag-sense.com\/de\/wp-json\/wp\/v2\/product"}],"about":[{"href":"https:\/\/handbag-sense.com\/de\/wp-json\/wp\/v2\/types\/product"}],"wp:featuredmedia":[{"embeddable":true,"href":"https:\/\/handbag-sense.com\/de\/wp-json\/wp\/v2\/media\/23748"}],"wp:attachment":[{"href":"https:\/\/handbag-sense.com\/de\/wp-json\/wp\/v2\/media?parent=23878"}],"wp:term":[{"taxonomy":"product_brand","embeddable":true,"href":"https:\/\/handbag-sense.com\/de\/wp-json\/wp\/v2\/product_brand?post=23878"},{"taxonomy":"product_cat","embeddable":true,"href":"https:\/\/handbag-sense.com\/de\/wp-json\/wp\/v2\/product_cat?post=23878"},{"taxonomy":"product_tag","embeddable":true,"href":"https:\/\/handbag-sense.com\/de\/wp-json\/wp\/v2\/product_tag?post=23878"}],"curies":[{"name":"wp","href":"https:\/\/api.w.org\/{rel}","templated":true}]}}