{"id":2384,"date":"2023-10-06T11:08:12","date_gmt":"2023-10-06T09:08:12","guid":{"rendered":"https:\/\/handbag-sense.com\/?post_type=product&#038;p=2384"},"modified":"2025-05-06T13:03:43","modified_gmt":"2025-05-06T11:03:43","slug":"chanel-19-grosse-tasche-schwarz","status":"publish","type":"product","link":"https:\/\/handbag-sense.com\/de\/produkt\/chanel-19-grosse-tasche-schwarz\/","title":{"rendered":"19 Gro\u00dfe Klappe Tasche Schwarz"},"content":{"rendered":"<div class=\"c-columns-m-1 c-columns-2 c-columns-gap-s\">\n<div><strong>Material:<\/strong> Lammfell<br \/>\n<strong>Farbe:<\/strong> Schwarz<br \/>\n<strong>Metallelemente:<\/strong> 3-farbige Hardware<br \/>\n<strong>Innenmaterial:<\/strong> Rotes Textilfutter<\/div>\n<div><strong>Note: <\/strong> 3\/4  <img decoding=\"async\" class=\"info_box alignnone size-medium wp-image-885\" title=\"Info\" role=\"img\" src=\"https:\/\/handbag-sense.com\/wp-content\/uploads\/2023\/05\/info_icon.svg\" alt=\"info box\" width=\"15\" height=\"15\"><br \/>\n<strong>Baujahr\/Buchstabe:<\/strong> 2020, ab 305...<br \/>\n<strong>Gr\u00f6\u00dfe:<\/strong> 30 x 20 x 10 cm<\/div>\n<div><strong>Zustand:<\/strong> Gebraucht<\/div>\n<\/div>\n<p><strong>Enth\u00e4lt:<\/strong> Staubbeutel, Box<\/p>\n","protected":false},"excerpt":{"rendered":"<p><strong>Chanel 19 gro\u00dfe Klappentasche schwarz.<\/strong>  Die Chanel 19 ist eine klassische und zeitlose Chanel. Diese Tasche ist ideal f\u00fcr jeden Anlass und bietet genug Platz f\u00fcr alles, sie ist perfekt f\u00fcr Shoppingtage oder f\u00fcr den Abend. Die Chanel 19 Klappentasche ist aus Lammleder in schwarzer Farbe gefertigt, verf\u00fcgt \u00fcber Kettenriemen aus gold-, silber- und rutheniumfarbenem Metall und CC-Schloss aus goldfarbenem Metall. Die Tasche ist in ein Hauptfach und ein Rei\u00dfverschlussfach unterteilt. Auf der R\u00fcckseite der Tasche befindet sich eine weitere aufgesetzte Tasche. Das Innenfutter besteht aus Stoff in der Farbe Rot. Die Tasche kann sowohl \u00fcber der Schulter als auch als Umh\u00e4ngetasche getragen werden. Eine bequeme und elegante Handtasche, die zu den beliebten Klassikern von Chanel geh\u00f6rt. Die Tasche wurde selten getragen, ist daher in sehr gutem Zustand, wird mit dem Staubbeutel und der Chanel-Box geliefert.<\/p>\n","protected":false},"featured_media":2418,"template":"","meta":[],"product_brand":[2417],"product_cat":[347],"product_tag":[],"class_list":{"0":"post-2384","1":"product","2":"type-product","3":"status-publish","4":"has-post-thumbnail","6":"product_brand-chanel-de","7":"product_cat-handtasche","8":"pa_brand-chanel-de","9":"pa_chanel-models-chanel-19-de","10":"pa_color-schwarz","11":"pa_grade-grad-4","12":"pa_material-leder","14":"first","15":"outofstock","16":"shipping-taxable","17":"product-type-simple"},"_links":{"self":[{"href":"https:\/\/handbag-sense.com\/de\/wp-json\/wp\/v2\/product\/2384","targetHints":{"allow":["GET"]}}],"collection":[{"href":"https:\/\/handbag-sense.com\/de\/wp-json\/wp\/v2\/product"}],"about":[{"href":"https:\/\/handbag-sense.com\/de\/wp-json\/wp\/v2\/types\/product"}],"wp:featuredmedia":[{"embeddable":true,"href":"https:\/\/handbag-sense.com\/de\/wp-json\/wp\/v2\/media\/2418"}],"wp:attachment":[{"href":"https:\/\/handbag-sense.com\/de\/wp-json\/wp\/v2\/media?parent=2384"}],"wp:term":[{"taxonomy":"product_brand","embeddable":true,"href":"https:\/\/handbag-sense.com\/de\/wp-json\/wp\/v2\/product_brand?post=2384"},{"taxonomy":"product_cat","embeddable":true,"href":"https:\/\/handbag-sense.com\/de\/wp-json\/wp\/v2\/product_cat?post=2384"},{"taxonomy":"product_tag","embeddable":true,"href":"https:\/\/handbag-sense.com\/de\/wp-json\/wp\/v2\/product_tag?post=2384"}],"curies":[{"name":"wp","href":"https:\/\/api.w.org\/{rel}","templated":true}]}}