{"id":23815,"date":"2026-02-23T17:04:08","date_gmt":"2026-02-23T16:04:08","guid":{"rendered":"https:\/\/handbag-sense.com\/?post_type=product&#038;p=23815"},"modified":"2026-02-23T17:58:30","modified_gmt":"2026-02-23T16:58:30","slug":"hermes-birkin-35-togo-schwarz-5","status":"publish","type":"product","link":"https:\/\/handbag-sense.com\/de\/produkt\/hermes-birkin-35-togo-schwarz-5\/","title":{"rendered":"Birkin 35 Togo Schwarz"},"content":{"rendered":"<div class=\"c-columns-m-1 c-columns-2 c-columns-gap-s\">\n<div><strong>Material:<\/strong> Togo Leder<br \/>\n<strong>Farbe:<\/strong> Schwarz<br \/>\n<strong>Metallelemente:<\/strong> Palladium Hardware<br \/>\n<strong>Innenmaterial:<\/strong> Leder<br \/>\n<strong>Grad: <\/strong>5 <img decoding=\"async\" class=\"info_box alignnone size-medium wp-image-885\" title=\"Info\" role=\"img\" src=\"https:\/\/handbag-sense.com\/wp-content\/uploads\/2023\/05\/info_icon.svg\" alt=\"info box\" width=\"15\" height=\"15\" \/><\/div>\n<div><strong>Jahr \/ Stempel:<\/strong> 2008 \/\u25a2L<br \/>\n<strong>Gr\u00f6\u00dfe:<\/strong> 29x35x18 cm<br \/>\n<strong>Versand:<\/strong> Weltweit<br \/>\n<strong>Beinhaltet:<\/strong> Clochette, Schl\u00fcssel, Schloss<\/div>\n<\/div>\n<p><strong>Verkauft \u00fcber einen zertifizierten Partner:<\/strong> Dieser Artikel stammt von einem zertifizierten Partner. Der Versand kann 5\u20137 Werktage dauern. Echtheitspr\u00fcfung, Schutz und Garantie gelten wie gewohnt.<\/p>\n","protected":false},"excerpt":{"rendered":"<div class=\"flex flex-col text-sm\">\n<article class=\"text-token-text-primary w-full focus:outline-none [--shadow-height:45px] has-data-writing-block:pointer-events-none has-data-writing-block:-mt-(--shadow-height) has-data-writing-block:pt-(--shadow-height) [&amp;:has([data-writing-block])&gt;*]:pointer-events-auto scroll-mt-(--header-height)\" dir=\"auto\" tabindex=\"-1\" data-turn-id=\"77c167d9-cbce-4016-93e6-7bcf1bbbe9b9\" data-testid=\"conversation-turn-9\" data-scroll-anchor=\"false\" data-turn=\"user\"><\/article>\n<article class=\"text-token-text-primary w-full focus:outline-none [--shadow-height:45px] has-data-writing-block:pointer-events-none has-data-writing-block:-mt-(--shadow-height) has-data-writing-block:pt-(--shadow-height) [&amp;:has([data-writing-block])&gt;*]:pointer-events-auto scroll-mt-[calc(var(--header-height)+min(200px,max(70px,20svh)))]\" dir=\"auto\" tabindex=\"-1\" data-turn-id=\"request-WEB:54ec83c2-52b2-4cbd-bec2-1d2e5f6d9546-13\" data-testid=\"conversation-turn-10\" data-scroll-anchor=\"true\" data-turn=\"assistant\">\n<div class=\"text-base my-auto mx-auto pb-10 [--thread-content-margin:--spacing(4)] @w-sm\/main:[--thread-content-margin:--spacing(6)] @w-lg\/main:[--thread-content-margin:--spacing(16)] px-(--thread-content-margin)\">\n<div class=\"[--thread-content-max-width:40rem] @w-lg\/main:[--thread-content-max-width:48rem] mx-auto max-w-(--thread-content-max-width) flex-1 group\/turn-messages focus-visible:outline-hidden relative flex w-full min-w-0 flex-col agent-turn\" tabindex=\"-1\">\n<div class=\"flex max-w-full flex-col grow\">\n<div class=\"min-h-8 text-message relative flex w-full flex-col items-end gap-2 text-start break-words whitespace-normal [.text-message+&amp;]:mt-1\" dir=\"auto\" data-message-author-role=\"assistant\" data-message-id=\"21615d7d-0b50-4c2b-9bd5-f18878dbdc52\" data-message-model-slug=\"gpt-5-2\">\n<div class=\"flex w-full flex-col gap-1 empty:hidden first:pt-[1px]\">\n<div class=\"markdown prose dark:prose-invert w-full wrap-break-word light markdown-new-styling\">\n<p data-start=\"0\" data-end=\"62\"><strong><span class=\"hover:entity-accent entity-underline inline cursor-pointer align-baseline\"><span class=\"whitespace-normal\">Herm\u00e8s<\/span><\/span> Birkin 35 Togo Schwarz mit Palladium Hardware<\/strong><\/p>\n<p data-start=\"64\" data-end=\"434\">Diese<strong> Birkin 35<\/strong> ist aus strapazierf\u00e4higem und fein genarbtem Togo-Leder in klassischem Schwarz gefertigt. Sie verf\u00fcgt \u00fcber gerollte Lederhenkel sowie den ikonischen \u00dcberschlag mit Drehverschluss. Der ger\u00e4umige Innenraum ist mit einem Rei\u00dfverschlussfach und einem Steckfach ausgestattet und bietet eine elegante sowie praktische Organisation f\u00fcr die t\u00e4glichen Essentials.<\/p>\n<p data-start=\"436\" data-end=\"967\">Der Gesamtzustand ist gut. Das \u00c4u\u00dfere weist leichte Falten auf der Vorder-, Seiten- und R\u00fcckseite sowie leichte Flecken an Vorderseite, R\u00fcckseite, Boden und Henkeln auf. Die Ecken und der Boden zeigen leichte Gebrauchsspuren. Die Henkel weisen leichte Abnutzung, dezente Flecken und geringf\u00fcgig lockere N\u00e4hte auf. Die Metallbeschl\u00e4ge, Schl\u00fcssel, der Rei\u00dfverschluss, der Verschluss sowie die funktionalen Anbauteile zeigen leichte Kratzer. Das Innenfutter und das Innenfach weisen leichte Flecken sowie feine Oberfl\u00e4chenkratzer auf.<\/p>\n<p data-start=\"969\" data-end=\"1273\" data-is-last-node=\"\" data-is-only-node=\"\">Die <strong>Birkin 35 Schwarz<\/strong> ist eine zeitlose und vielseitige Wahl, gesch\u00e4tzt f\u00fcr ihre dezente Eleganz und Funktionalit\u00e4t. Dieses ikonische Modell geh\u00f6rt zu den begehrtesten Luxus-Handtaschen und \u00fcberzeugt durch h\u00f6chste Handwerkskunst, Tradition sowie eine stabile Wertentwicklung auf dem Second-Hand-Markt.<\/p>\n<\/div>\n<\/div>\n<\/div>\n<\/div>\n<\/div>\n<\/div>\n<\/article>\n<\/div>\n","protected":false},"featured_media":23674,"template":"","meta":[],"product_brand":[2404],"product_cat":[347],"product_tag":[1984],"class_list":{"0":"post-23815","1":"product","2":"type-product","3":"status-publish","4":"has-post-thumbnail","6":"product_brand-hermes-de","7":"product_cat-handtasche","8":"product_tag-hermes-birkin-tasche","9":"pa_brand-hermes-de","10":"pa_color-schwarz","11":"pa_grade-grad-5","12":"pa_hermes-models-birkin-de","13":"pa_material-leder","15":"first","16":"outofstock","17":"sold-individually","18":"shipping-taxable","19":"product-type-simple"},"_links":{"self":[{"href":"https:\/\/handbag-sense.com\/de\/wp-json\/wp\/v2\/product\/23815","targetHints":{"allow":["GET"]}}],"collection":[{"href":"https:\/\/handbag-sense.com\/de\/wp-json\/wp\/v2\/product"}],"about":[{"href":"https:\/\/handbag-sense.com\/de\/wp-json\/wp\/v2\/types\/product"}],"wp:featuredmedia":[{"embeddable":true,"href":"https:\/\/handbag-sense.com\/de\/wp-json\/wp\/v2\/media\/23674"}],"wp:attachment":[{"href":"https:\/\/handbag-sense.com\/de\/wp-json\/wp\/v2\/media?parent=23815"}],"wp:term":[{"taxonomy":"product_brand","embeddable":true,"href":"https:\/\/handbag-sense.com\/de\/wp-json\/wp\/v2\/product_brand?post=23815"},{"taxonomy":"product_cat","embeddable":true,"href":"https:\/\/handbag-sense.com\/de\/wp-json\/wp\/v2\/product_cat?post=23815"},{"taxonomy":"product_tag","embeddable":true,"href":"https:\/\/handbag-sense.com\/de\/wp-json\/wp\/v2\/product_tag?post=23815"}],"curies":[{"name":"wp","href":"https:\/\/api.w.org\/{rel}","templated":true}]}}