{"id":2371,"date":"2023-10-05T14:16:02","date_gmt":"2023-10-05T12:16:02","guid":{"rendered":"https:\/\/handbag-sense.com\/?post_type=product&#038;p=2371"},"modified":"2025-05-06T13:03:44","modified_gmt":"2025-05-06T11:03:44","slug":"chanel-gabrielle-medium-hobo","status":"publish","type":"product","link":"https:\/\/handbag-sense.com\/de\/produkt\/chanel-gabrielle-medium-hobo\/","title":{"rendered":"Gabrielle Medium Hobo"},"content":{"rendered":"<div class=\"c-columns-m-1 c-columns-2 c-columns-gap-s\">\n<div><strong>Material:<\/strong> Kalbsleder<br \/>\n<strong>Farbe:<\/strong> Beige<br \/>\n<strong>Metallelemente:<\/strong> Gold Hardware<br \/>\n<strong>Innenmaterial:<\/strong> Textilfutter<\/div>\n<div><strong>Note: <\/strong> 3\/4 <img decoding=\"async\" class=\"info_box alignnone size-medium wp-image-885\" title=\"Info\" role=\"img\" src=\"https:\/\/handbag-sense.com\/wp-content\/uploads\/2023\/05\/info_icon.svg\" alt=\"info box\" width=\"15\" height=\"15\" \/><br \/>\n<strong>Baujahr\/Buchstabe:<\/strong> 2017-2018, beginnt mit 249...<br \/>\n<strong>Gr\u00f6\u00dfe:<\/strong> 28 x 23 x 10 cm<\/div>\n<\/div>\n<p>\n<strong>Beinhaltet:<\/strong> Authentizit\u00e4tskarte, Staubbeutel, Box<\/p>\n","protected":false},"excerpt":{"rendered":"<p>Diese wundersch\u00f6ne <strong>Chanel Gabrielle Medium Hobo Bag<\/strong> in Beige ist aus feinem Kalbsleder gefertigt und hat goldene Beschl\u00e4ge. Die Tasche ist ein echter Hingucker, vor allem wegen der Kombination von Tweed mit feinem Kalbsleder. <strong>Die Gabrielle Medium Hobo Bag von Chanel<\/strong> hatte ihren ersten gro\u00dfen Auftritt bei Chanels Fr\u00fchjahr\/Sommer 2017 Show in Paris. Das Design geht auf die Fernglastaschen zur\u00fcck, die M\u00e4nner einst auf der Rennstrecke \u00fcber den Schultern trugen und ist auch von <strong>Coco Chanels<\/strong> Inspiration f\u00fcr maskuline Schnitte bei ihren Taschendesigns beeinflusst. Die Tasche verk\u00f6rpert nicht nur eine \u00e4sthetische, elegante Tasche, sondern ist auch sehr praktisch. Die Kombination aus verstellbarem Schultergurt und geflochtenen Beschl\u00e4gen bedeutet, dass es drei verschiedene M\u00f6glichkeiten gibt, die Tasche zu tragen: Crossbody, \u00fcber der Schulter oder eine Kombination aus beidem. Wer die Tasche gerne in der Hand tr\u00e4gt, hat diese M\u00f6glichkeit auch bei dieser Tasche. Die Tasche ist in sehr gutem Zustand.<\/p>\n","protected":false},"featured_media":2374,"template":"","meta":[],"product_brand":[2417],"product_cat":[347,345],"product_tag":[],"class_list":{"0":"post-2371","1":"product","2":"type-product","3":"status-publish","4":"has-post-thumbnail","6":"product_brand-chanel-de","7":"product_cat-handtasche","8":"product_cat-crossbody-taschen","9":"pa_brand-chanel-de","10":"pa_chanel-models-gabrielle-de","11":"pa_color-beige-de","12":"pa_color-creme","13":"pa_grade-grad-4","14":"pa_material-leder","15":"pa_material-tweed-de","17":"first","18":"outofstock","19":"shipping-taxable","20":"purchasable","21":"product-type-simple"},"_links":{"self":[{"href":"https:\/\/handbag-sense.com\/de\/wp-json\/wp\/v2\/product\/2371","targetHints":{"allow":["GET"]}}],"collection":[{"href":"https:\/\/handbag-sense.com\/de\/wp-json\/wp\/v2\/product"}],"about":[{"href":"https:\/\/handbag-sense.com\/de\/wp-json\/wp\/v2\/types\/product"}],"wp:featuredmedia":[{"embeddable":true,"href":"https:\/\/handbag-sense.com\/de\/wp-json\/wp\/v2\/media\/2374"}],"wp:attachment":[{"href":"https:\/\/handbag-sense.com\/de\/wp-json\/wp\/v2\/media?parent=2371"}],"wp:term":[{"taxonomy":"product_brand","embeddable":true,"href":"https:\/\/handbag-sense.com\/de\/wp-json\/wp\/v2\/product_brand?post=2371"},{"taxonomy":"product_cat","embeddable":true,"href":"https:\/\/handbag-sense.com\/de\/wp-json\/wp\/v2\/product_cat?post=2371"},{"taxonomy":"product_tag","embeddable":true,"href":"https:\/\/handbag-sense.com\/de\/wp-json\/wp\/v2\/product_tag?post=2371"}],"curies":[{"name":"wp","href":"https:\/\/api.w.org\/{rel}","templated":true}]}}