{"id":23620,"date":"2026-02-23T12:59:41","date_gmt":"2026-02-23T11:59:41","guid":{"rendered":"https:\/\/handbag-sense.com\/?post_type=product&#038;p=23620"},"modified":"2026-03-25T15:24:25","modified_gmt":"2026-03-25T14:24:25","slug":"hermes-birkin-30-etoupe-togo","status":"publish","type":"product","link":"https:\/\/handbag-sense.com\/de\/produkt\/hermes-birkin-30-etoupe-togo\/","title":{"rendered":"Birkin 30 Etoupe Togo"},"content":{"rendered":"<div class=\"c-columns-m-1 c-columns-2 c-columns-gap-s\">\n<div><strong>Material:<\/strong> Togo Leder<br \/>\n<strong>Farbe:<\/strong> Etoupe<br \/>\n<strong>Metallelemente:<\/strong> Gold Hardware<br \/>\n<strong>Innenmaterial:<\/strong> Leder<br \/>\n<strong>Grad: <\/strong>5 <img decoding=\"async\" class=\"info_box alignnone size-medium wp-image-885\" title=\"Info\" role=\"img\" src=\"https:\/\/handbag-sense.com\/wp-content\/uploads\/2023\/05\/info_icon.svg\" alt=\"info box\" width=\"15\" height=\"15\" \/><\/div>\n<div><strong>Jahr \/ Stempel:<\/strong> 2016 \/ X<br \/>\n<strong>Gr\u00f6\u00dfe:<\/strong> 30 x 22 x 16 cm<br \/>\n<strong>Versand:<\/strong> Weltweit<br \/>\n<strong>Beinhaltet:<\/strong> Staubbeutel, Clochette, Schl\u00fcssel, Schloss<\/div>\n<\/div>\n<p><strong>Verkauft \u00fcber einen zertifizierten Partner:<\/strong> Dieser Artikel stammt von einem zertifizierten Partner. Der Versand kann 5\u20137 Werktage dauern. Echtheitspr\u00fcfung, Schutz und Garantie gelten wie gewohnt.<\/p>\n","protected":false},"excerpt":{"rendered":"<p data-start=\"2023\" data-end=\"2104\"><strong data-start=\"2023\" data-end=\"2102\">Herm\u00e8s Birkin 30 Etoupe Togo mit Gold Hardware \u2013 2016<\/strong><\/p>\n<p data-start=\"892\" data-end=\"1123\">Diese <strong data-start=\"898\" data-end=\"918\">Herm\u00e8s Birkin 30<\/strong> ist aus strapazierf\u00e4higem Togo Leder in der ikonischen Farbe Etoupe handgefertigt und mit Gold Hardware versehen. Sie wurde 2016 produziert, tr\u00e4gt den Jahresstempel X und befindet sich in gutem Zustand.<\/p>\n<p data-start=\"1125\" data-end=\"1370\">Die <strong>Birkin 30 Togo Etoupe<\/strong> verf\u00fcgt \u00fcber gerollte Lederhenkel und den charakteristischen goldfarbenen Drehverschluss. Das ger\u00e4umige Innere bietet ein Rei\u00dfverschlussfach sowie ein Steckfach und sorgt f\u00fcr eine elegante Organisation Ihrer Essentials.<\/p>\n<p data-start=\"1372\" data-end=\"1579\">Der Gesamtzustand ist gut, mit leichten Kratzern an Hardware, Verschluss, Innenfutter und Innenf\u00e4chern. Die Ecken zeigen leichte Gebrauchsspuren und wurden teilweise nachgef\u00e4rbt, ebenso wie der Taschenboden au\u00dfen.<\/p>\n<p data-start=\"1581\" data-end=\"1676\">Die Tasche wird mit Leder-Clochette, Schl\u00fcssel-Set und originalem Herm\u00e8s Staubbeutel geliefert.<\/p>\n<p data-start=\"1581\" data-end=\"1676\">Die 30-cm-Gr\u00f6\u00dfe gilt als besonders ausgewogen und vielseitig: ger\u00e4umig genug f\u00fcr den Alltag, dabei stets elegant und stilvoll. Unter Sammlern genie\u00dft dieses Modell hohes Ansehen \u2014 nicht nur wegen seines Designs, sondern auch aufgrund seiner Wertbest\u00e4ndigkeit. Die\u00a0<strong data-start=\"3223\" data-end=\"3247\">Birkin 30 Etoupe<\/strong>\u00a0wird als erstklassige\u00a0<strong data-start=\"3270\" data-end=\"3295\">luxury investment bag<\/strong>\u00a0betrachtet, mit stabiler Nachfrage auf dem internationalen Zweitmarkt.<\/p>\n","protected":false},"featured_media":23652,"template":"","meta":[],"product_brand":[2404],"product_cat":[347],"product_tag":[1433,1412,1984],"class_list":{"0":"post-23620","1":"product","2":"type-product","3":"status-publish","4":"has-post-thumbnail","6":"product_brand-hermes-de","7":"product_cat-handtasche","8":"product_tag-birkin-30-gold-de","9":"product_tag-hermes-birkin-30-de","10":"product_tag-hermes-birkin-tasche","11":"pa_brand-hermes-de","12":"pa_color-braun","13":"pa_color-taupe-de","14":"pa_grade-grad-5","15":"pa_hermes-models-birkin-de","16":"pa_material-leder","18":"first","19":"outofstock","20":"sold-individually","21":"shipping-taxable","22":"purchasable","23":"product-type-simple"},"_links":{"self":[{"href":"https:\/\/handbag-sense.com\/de\/wp-json\/wp\/v2\/product\/23620","targetHints":{"allow":["GET"]}}],"collection":[{"href":"https:\/\/handbag-sense.com\/de\/wp-json\/wp\/v2\/product"}],"about":[{"href":"https:\/\/handbag-sense.com\/de\/wp-json\/wp\/v2\/types\/product"}],"wp:featuredmedia":[{"embeddable":true,"href":"https:\/\/handbag-sense.com\/de\/wp-json\/wp\/v2\/media\/23652"}],"wp:attachment":[{"href":"https:\/\/handbag-sense.com\/de\/wp-json\/wp\/v2\/media?parent=23620"}],"wp:term":[{"taxonomy":"product_brand","embeddable":true,"href":"https:\/\/handbag-sense.com\/de\/wp-json\/wp\/v2\/product_brand?post=23620"},{"taxonomy":"product_cat","embeddable":true,"href":"https:\/\/handbag-sense.com\/de\/wp-json\/wp\/v2\/product_cat?post=23620"},{"taxonomy":"product_tag","embeddable":true,"href":"https:\/\/handbag-sense.com\/de\/wp-json\/wp\/v2\/product_tag?post=23620"}],"curies":[{"name":"wp","href":"https:\/\/api.w.org\/{rel}","templated":true}]}}