{"id":2359,"date":"2023-10-04T20:59:44","date_gmt":"2023-10-04T18:59:44","guid":{"rendered":"https:\/\/handbag-sense.com\/?post_type=product&#038;p=2359"},"modified":"2026-03-25T16:48:54","modified_gmt":"2026-03-25T15:48:54","slug":"hermes-kelly-35-retourne-togo-ecorce-palladium-hw","status":"publish","type":"product","link":"https:\/\/handbag-sense.com\/de\/produkt\/hermes-kelly-35-retourne-togo-ecorce-palladium-hw\/","title":{"rendered":"Kelly 35 Retourne Togo Ecorce"},"content":{"rendered":"<div class=\"c-columns-m-1 c-columns-2 c-columns-gap-s\">\n<div><strong>Material:<\/strong> Togo Leder<br \/>\n<strong>Farbe:<\/strong> Ecorce<br \/>\n<strong>Metallelemente:<\/strong> Palladium Hardware<br \/>\n<strong>Innenmaterial:<\/strong> Leder<\/div>\n<div><strong>Grad:<\/strong> 1 <img decoding=\"async\" class=\"info_box alignnone size-medium wp-image-885\" title=\"Info\" role=\"img\" src=\"https:\/\/handbag-sense.com\/wp-content\/uploads\/2023\/05\/info_icon.svg\" alt=\"info box\" width=\"15\" height=\"15\" \/><br \/>\n<strong>Jahresstempel:<\/strong> 2014\/R<br \/>\n<strong>Gr\u00f6\u00dfe:<\/strong> 35 x 24 x 12 cm<br \/>\n<strong>Versand:<\/strong> Weltweit<\/div>\n<\/div>\n<p><strong>Beinhaltet:<\/strong> Originalrechnung, Staubbeutel, Schulterriemen, Clochette, Schloss, Schl\u00fcssel, Filz, Regenschutz, Booklet, Box<\/p>\n","protected":false},"excerpt":{"rendered":"<p>Diese <b>Herm\u00e8s Kelly 35 Retourne Togo <\/b>Handtasche in der\u00a0<strong>Farbe Ecorce\u00a0<\/strong>ist aus Togo Leder mit Palladium Hardware. Mit dabei sind ein Schloss, zwei Schl\u00fcssel, der originale Tragegurt und der Herm\u00e8s Staubbeutel, Herm\u00e8s Box und die Herm\u00e8s Rechnung. Sie kann auch wunderbar als Crossbody getragen werden. Die Kelly Tasche aus dem Hause Herm\u00e8s gilt als absolute Ikone unter den Handtaschen und steht seit Jahrzehnten f\u00fcr Eleganz und Klasse. Die Kelly Tasche ist im Jahr 2014\u00a0 hergestellt worden, befindet sich im ungetragenen Zustand.<\/p>\n","protected":false},"featured_media":2340,"template":"","meta":[],"product_brand":[2404],"product_cat":[347],"product_tag":[],"class_list":{"0":"post-2359","1":"product","2":"type-product","3":"status-publish","4":"has-post-thumbnail","6":"product_brand-hermes-de","7":"product_cat-handtasche","8":"pa_brand-hermes-de","9":"pa_color-braun","10":"pa_grade-grad-1","11":"pa_hermes-models-kelly-de","12":"pa_material-leder","14":"first","15":"outofstock","16":"shipping-taxable","17":"product-type-simple"},"_links":{"self":[{"href":"https:\/\/handbag-sense.com\/de\/wp-json\/wp\/v2\/product\/2359","targetHints":{"allow":["GET"]}}],"collection":[{"href":"https:\/\/handbag-sense.com\/de\/wp-json\/wp\/v2\/product"}],"about":[{"href":"https:\/\/handbag-sense.com\/de\/wp-json\/wp\/v2\/types\/product"}],"wp:featuredmedia":[{"embeddable":true,"href":"https:\/\/handbag-sense.com\/de\/wp-json\/wp\/v2\/media\/2340"}],"wp:attachment":[{"href":"https:\/\/handbag-sense.com\/de\/wp-json\/wp\/v2\/media?parent=2359"}],"wp:term":[{"taxonomy":"product_brand","embeddable":true,"href":"https:\/\/handbag-sense.com\/de\/wp-json\/wp\/v2\/product_brand?post=2359"},{"taxonomy":"product_cat","embeddable":true,"href":"https:\/\/handbag-sense.com\/de\/wp-json\/wp\/v2\/product_cat?post=2359"},{"taxonomy":"product_tag","embeddable":true,"href":"https:\/\/handbag-sense.com\/de\/wp-json\/wp\/v2\/product_tag?post=2359"}],"curies":[{"name":"wp","href":"https:\/\/api.w.org\/{rel}","templated":true}]}}