{"id":23566,"date":"2026-02-13T12:14:56","date_gmt":"2026-02-13T11:14:56","guid":{"rendered":"https:\/\/handbag-sense.com\/?post_type=product&#038;p=23566"},"modified":"2026-02-13T13:15:55","modified_gmt":"2026-02-13T12:15:55","slug":"hermes-birkin-35-togo-schwarz-4","status":"publish","type":"product","link":"https:\/\/handbag-sense.com\/de\/produkt\/hermes-birkin-35-togo-schwarz-4\/","title":{"rendered":"Birkin 35 Togo Schwarz"},"content":{"rendered":"<div class=\"c-columns-m-1 c-columns-2 c-columns-gap-s\">\n<div><strong>Material:<\/strong> Togo Leder<br \/>\n<strong>Farbe:<\/strong> Schwarz<br \/>\n<strong>Metallelemente:<\/strong> Palladium Hardware<br \/>\n<strong>Innenmaterial:<\/strong> Leder<\/div>\n<div><strong>Grad: <\/strong>3 <img decoding=\"async\" class=\"info_box alignnone size-medium wp-image-885\" title=\"Info\" role=\"img\" src=\"https:\/\/handbag-sense.com\/wp-content\/uploads\/2023\/05\/info_icon.svg\" alt=\"info box\" width=\"15\" height=\"15\" \/><br \/>\n<strong>Jahr \/ Stempel:<\/strong> 2015 \/ T<br \/>\n<strong>Gr\u00f6\u00dfe: <\/strong>35 x 25 x 18 cm<br \/>\n<strong>Versand:<\/strong> Weltweit<\/div>\n<\/div>\n<p><strong>Enth\u00e4lt:<\/strong> Originalrechnung, Staubbeutel, Clochette, Schl\u00fcssel, Schloss, Filz, Box<\/p>\n","protected":false},"excerpt":{"rendered":"<div class=\"flex flex-col text-sm pb-25\">\n<article class=\"text-token-text-primary w-full focus:outline-none [--shadow-height:45px] has-data-writing-block:pointer-events-none has-data-writing-block:-mt-(--shadow-height) has-data-writing-block:pt-(--shadow-height) [&amp;:has([data-writing-block])&gt;*]:pointer-events-auto scroll-mt-[calc(var(--header-height)+min(200px,max(70px,20svh)))]\" dir=\"auto\" tabindex=\"-1\" data-turn-id=\"08cb5a18-ed6a-43ae-a250-7426ee97b4ca\" data-testid=\"conversation-turn-22\" data-scroll-anchor=\"true\" data-turn=\"assistant\">\n<div class=\"text-base my-auto mx-auto pb-10 [--thread-content-margin:--spacing(4)] @w-sm\/main:[--thread-content-margin:--spacing(6)] @w-lg\/main:[--thread-content-margin:--spacing(16)] px-(--thread-content-margin)\">\n<div class=\"[--thread-content-max-width:40rem] @w-lg\/main:[--thread-content-max-width:48rem] mx-auto max-w-(--thread-content-max-width) flex-1 group\/turn-messages focus-visible:outline-hidden relative flex w-full min-w-0 flex-col agent-turn\" tabindex=\"-1\">\n<div class=\"flex max-w-full flex-col grow\">\n<div class=\"min-h-8 text-message relative flex w-full flex-col items-end gap-2 text-start break-words whitespace-normal [.text-message+&amp;]:mt-1\" dir=\"auto\" data-message-author-role=\"assistant\" data-message-id=\"73d92bc5-10ac-4521-8fe3-1b7f540967c7\" data-message-model-slug=\"gpt-5-2\">\n<div class=\"flex w-full flex-col gap-1 empty:hidden first:pt-[1px]\">\n<div class=\"markdown prose dark:prose-invert w-full wrap-break-word light markdown-new-styling\">\n<p data-start=\"1777\" data-end=\"1861\"><strong data-start=\"1777\" data-end=\"1861\">Herm\u00e8s Birkin 35 Togo Schwarz mit Palladium Hardware \u2013 2015, Exzellenter Zustand<\/strong><\/p>\n<p data-start=\"1863\" data-end=\"2317\">Diese Herm\u00e8s Birkin 35 ist aus genarbtem Togo Leder in klassischem Schwarz gefertigt und mit eleganter Palladium Hardware ausgestattet. Produziert im Jahr 2015, wurde sie sehr sorgf\u00e4ltig getragen und befindet sich in exzellentem Zustand, mit lediglich minimalen Kratzern auf der Hardware. Zum Set geh\u00f6ren der Herm\u00e8s Staubbeutel, Clochette, Schloss mit einem Schl\u00fcssel (ein Schl\u00fcssel fehlt), Filzschutz, die Herm\u00e8s Box sowie die Originalrechnung von 2015.<\/p>\n<p data-start=\"2319\" data-end=\"2763\">Die Herm\u00e8s Birkin 35 Noir gilt als Inbegriff zeitloser Eleganz und h\u00f6chster Handwerkskunst. Das Togo-Leder wird f\u00fcr seine feine Narbung, seine strapazierf\u00e4hige Struktur und seine hervorragende Formbest\u00e4ndigkeit gesch\u00e4tzt, wodurch es zu den beliebtesten Materialien der Birkin-Kollektion z\u00e4hlt. In klassischem Schwarz bietet dieses Modell maximale Vielseitigkeit und l\u00e4sst sich sowohl im Business-Kontext als auch im gehobenen Alltag stilvoll tragen.<\/p>\n<p data-start=\"2765\" data-end=\"3134\">Mit einer Gr\u00f6\u00dfe von 35 cm bietet sie gro\u00dfz\u00fcgigen Stauraum, ohne ihre ikonische, strukturierte Silhouette zu verlieren. Die Palladium-Hardware setzt einen modernen, dezenten Akzent und unterstreicht den zeitgem\u00e4\u00dfen Charakter der Tasche. Unter Sammlern wird die Birkin 35 schwarz aus Togo als erstklassige luxury investment bag gesch\u00e4tzt, da sie dauerhaft hohe Nachfrage genie\u00dft.<\/p>\n<p data-start=\"3136\" data-end=\"3359\">Mit vollst\u00e4ndigem Zubeh\u00f6r und Originalbeleg stellt dieses Modell eine rare collectible Herm\u00e8s dar, die Tradition, Funktionalit\u00e4t und nachhaltigen Wert vereint \u2014 eine herausragende Erg\u00e4nzung f\u00fcr jede anspruchsvolle Sammlung.<\/p>\n<\/div>\n<\/div>\n<\/div>\n<\/div>\n<\/div>\n<\/div>\n<\/article>\n<\/div>\n<p>&nbsp;<\/p>\n","protected":false},"featured_media":23589,"template":"","meta":[],"product_brand":[2404],"product_cat":[347,349],"product_tag":[2321,2043,1501],"class_list":{"0":"post-23566","1":"product","2":"type-product","3":"status-publish","4":"has-post-thumbnail","6":"product_brand-hermes-de","7":"product_cat-handtasche","8":"product_cat-shopper-de","9":"product_tag-birkin-35-schwarz","10":"product_tag-birkin-35-togo-de","11":"product_tag-hermes-birkin-35-de","12":"pa_brand-hermes-de","13":"pa_color-schwarz","14":"pa_grade-grad-3","15":"pa_hermes-models-birkin-de","16":"pa_material-leder","18":"first","19":"outofstock","20":"sold-individually","21":"product-type-simple"},"_links":{"self":[{"href":"https:\/\/handbag-sense.com\/de\/wp-json\/wp\/v2\/product\/23566","targetHints":{"allow":["GET"]}}],"collection":[{"href":"https:\/\/handbag-sense.com\/de\/wp-json\/wp\/v2\/product"}],"about":[{"href":"https:\/\/handbag-sense.com\/de\/wp-json\/wp\/v2\/types\/product"}],"wp:featuredmedia":[{"embeddable":true,"href":"https:\/\/handbag-sense.com\/de\/wp-json\/wp\/v2\/media\/23589"}],"wp:attachment":[{"href":"https:\/\/handbag-sense.com\/de\/wp-json\/wp\/v2\/media?parent=23566"}],"wp:term":[{"taxonomy":"product_brand","embeddable":true,"href":"https:\/\/handbag-sense.com\/de\/wp-json\/wp\/v2\/product_brand?post=23566"},{"taxonomy":"product_cat","embeddable":true,"href":"https:\/\/handbag-sense.com\/de\/wp-json\/wp\/v2\/product_cat?post=23566"},{"taxonomy":"product_tag","embeddable":true,"href":"https:\/\/handbag-sense.com\/de\/wp-json\/wp\/v2\/product_tag?post=23566"}],"curies":[{"name":"wp","href":"https:\/\/api.w.org\/{rel}","templated":true}]}}