{"id":23471,"date":"2026-02-04T12:47:58","date_gmt":"2026-02-04T11:47:58","guid":{"rendered":"https:\/\/handbag-sense.com\/?post_type=product&#038;p=23471"},"modified":"2026-02-09T14:21:17","modified_gmt":"2026-02-09T13:21:17","slug":"hermes-verrou-chaine-mini-chevre","status":"publish","type":"product","link":"https:\/\/handbag-sense.com\/de\/produkt\/hermes-verrou-chaine-mini-chevre\/","title":{"rendered":"Verrou Cha\u00eene Mini Ch\u00e8vre Mysore Jaune Soleil"},"content":{"rendered":"<div class=\"c-columns-m-1 c-columns-2 c-columns-gap-s\">\n<div><strong>Material:<\/strong> Ch\u00e8vre Leder<br \/>\n<strong>Farbe:<\/strong> Jaune Soleil<br \/>\n<strong>Metallelemente:<\/strong> Palladium Hardware<br \/>\n<strong>Innenmaterial:<\/strong> Leder<\/div>\n<div><strong>Grad:<\/strong> 2\/3 <img decoding=\"async\" class=\"info_box alignnone size-medium wp-image-885\" title=\"Info\" role=\"img\" src=\"https:\/\/handbag-sense.com\/wp-content\/uploads\/2023\/05\/info_icon.svg\" alt=\"info box\" width=\"15\" height=\"15\" \/><br \/>\n<strong>Jahresstempel:<\/strong> B\/2023<br \/>\n<strong>Gr\u00f6\u00dfe: <\/strong>17 x 14 x 5 cm<br \/>\n<strong>Versand:<\/strong> Weltweit<\/div>\n<\/div>\n<p><strong>Enth\u00e4lt:<\/strong> Staubbeutel<\/p>\n","protected":false},"excerpt":{"rendered":"<p data-start=\"1918\" data-end=\"1995\"><strong data-start=\"1918\" data-end=\"1993\">Herm\u00e8s Verrou Cha\u00eene Mini Ch\u00e8vre Mysore Jaune Soleil mit Palladium Hardware \u2013 2023\u00a0<\/strong><\/p>\n<p data-start=\"1997\" data-end=\"2473\">Diese <strong data-start=\"2003\" data-end=\"2032\">Herm\u00e8s Verrou Cha\u00eene Mini<\/strong> ist aus feinem Ch\u00e8vre Mysore Leder in der leuchtenden Farbe <em data-start=\"2093\" data-end=\"2107\">Jaune Soleil<\/em> gefertigt \u2013 ein ausdrucksstarker Gelbton, der diese Tasche sofort hervorhebt. Sie stammt aus dem Jahr <strong data-start=\"2210\" data-end=\"2218\">2023<\/strong>, tr\u00e4gt den <strong data-start=\"2230\" data-end=\"2249\">Jahresstempel B<\/strong> und befindet sich in einem exzellenten, nahezu neuwertigen Zustand. Geliefert wird sie mit dem originalen Herm\u00e8s-Staubbeutel. Trotz ihres kompakten Formats \u00fcberzeugt sie durch starken Charakter und au\u00dfergew\u00f6hnliches Design.<\/p>\n<p data-start=\"2475\" data-end=\"2923\">Die Verrou-Linie ist inspiriert von einer Clutch, die Robert Dumas bereits 1938 entwarf, und greift die Reitsport-Tradition des Hauses Herm\u00e8s auf. Der markante Palladium-Verschluss ist eine spielerische Interpretation der Verschl\u00fcsse von Pferdeboxen und macht diese Tasche unverwechselbar. Das Ch\u00e8vre Mysore Leder ist besonders gesch\u00e4tzt f\u00fcr seine Leichtigkeit, Strapazierf\u00e4higkeit und feine Narbung, wodurch die Tasche ihre Form dauerhaft bewahrt.<\/p>\n<p data-start=\"2925\" data-end=\"3312\">Das Mini-Format bietet vielseitige Styling-M\u00f6glichkeiten und eignet sich sowohl als elegantes Daypiece als auch als raffinierte Abendtasche. Die Kettenriemen sorgen f\u00fcr einen modernen Look und erm\u00f6glichen ein angenehmes Tragen \u00fcber der Schulter oder crossbody. Sammler sch\u00e4tzen die <strong data-start=\"3207\" data-end=\"3236\">Herm\u00e8s Verrou Mini<\/strong> f\u00fcr ihre Eigenst\u00e4ndigkeit, Seltenheit und ihren hohen Wiedererkennungswert.<\/p>\n<p data-start=\"3314\" data-end=\"3549\">Mit ihrer kr\u00e4ftigen Farbe, historischen Inspiration und exzellenten Handwerkskunst ist diese Tasche ein besonderes <strong data-start=\"3429\" data-end=\"3445\">Sammlerst\u00fcck<\/strong> mit langfristiger Wertigkeit. Ein charakterstarkes Highlight f\u00fcr jede anspruchsvolle Herm\u00e8s-Kollektion.<\/p>\n","protected":false},"featured_media":23477,"template":"","meta":[],"product_brand":[2404],"product_cat":[347,349,351],"product_tag":[],"class_list":{"0":"post-23471","1":"product","2":"type-product","3":"status-publish","4":"has-post-thumbnail","6":"product_brand-hermes-de","7":"product_cat-handtasche","8":"product_cat-shopper-de","9":"product_cat-kleine-taschen","10":"pa_brand-hermes-de","11":"pa_color-gelb","12":"pa_grade-grad-2","13":"pa_material-leder","15":"first","16":"instock","17":"sold-individually","18":"purchasable","19":"product-type-simple"},"_links":{"self":[{"href":"https:\/\/handbag-sense.com\/de\/wp-json\/wp\/v2\/product\/23471","targetHints":{"allow":["GET"]}}],"collection":[{"href":"https:\/\/handbag-sense.com\/de\/wp-json\/wp\/v2\/product"}],"about":[{"href":"https:\/\/handbag-sense.com\/de\/wp-json\/wp\/v2\/types\/product"}],"wp:featuredmedia":[{"embeddable":true,"href":"https:\/\/handbag-sense.com\/de\/wp-json\/wp\/v2\/media\/23477"}],"wp:attachment":[{"href":"https:\/\/handbag-sense.com\/de\/wp-json\/wp\/v2\/media?parent=23471"}],"wp:term":[{"taxonomy":"product_brand","embeddable":true,"href":"https:\/\/handbag-sense.com\/de\/wp-json\/wp\/v2\/product_brand?post=23471"},{"taxonomy":"product_cat","embeddable":true,"href":"https:\/\/handbag-sense.com\/de\/wp-json\/wp\/v2\/product_cat?post=23471"},{"taxonomy":"product_tag","embeddable":true,"href":"https:\/\/handbag-sense.com\/de\/wp-json\/wp\/v2\/product_tag?post=23471"}],"curies":[{"name":"wp","href":"https:\/\/api.w.org\/{rel}","templated":true}]}}