{"id":23434,"date":"2026-01-30T13:32:49","date_gmt":"2026-01-30T12:32:49","guid":{"rendered":"https:\/\/handbag-sense.com\/?post_type=product&#038;p=23434"},"modified":"2026-02-06T13:53:28","modified_gmt":"2026-02-06T12:53:28","slug":"hermes-hermes-picotin-lock-18-schwarz","status":"publish","type":"product","link":"https:\/\/handbag-sense.com\/de\/produkt\/hermes-hermes-picotin-lock-18-schwarz\/","title":{"rendered":"Herm\u00e8s Picotin Lock 18 Schwarz Taurillon Clemence"},"content":{"rendered":"<div class=\"c-columns-m-1 c-columns-2 c-columns-gap-s\">\n<div><strong>Material:<\/strong> Taurillon Clemence Leder<br \/>\n<strong>Farbe:<\/strong> schwarz<br \/>\n<strong>Metallelemente:<\/strong> Gold Hardware<br \/>\n<strong>Innenmaterial:<\/strong> Leder<\/div>\n<div><strong>Grad:<\/strong> 3 <img decoding=\"async\" class=\"info_box alignnone size-medium wp-image-885\" title=\"Info\" role=\"img\" src=\"https:\/\/handbag-sense.com\/wp-content\/uploads\/2023\/05\/info_icon.svg\" alt=\"info box\" width=\"15\" height=\"15\" \/><br \/>\n<strong>Produktionsjahr\/Stempel:<\/strong> 2023\/B<br \/>\n<strong>Gr\u00f6\u00dfe: <\/strong>18 x 19 x 13,5 cm<br \/>\n<strong>Versand:<\/strong> Weltweit<\/div>\n<\/div>\n<p><strong>Beinhaltet:<\/strong> Staubbeutel, Schlo\u00df, 2 Schl\u00fcssel<\/p>\n","protected":false},"excerpt":{"rendered":"<p data-start=\"1877\" data-end=\"1969\"><strong data-start=\"1877\" data-end=\"1967\">Herm\u00e8s Picotin Lock 18 Schwarz Taurillon Clemence mit Gold Hardware \u2013 2023\u00a0<\/strong><\/p>\n<p data-start=\"1971\" data-end=\"2397\">Die <strong data-start=\"1975\" data-end=\"2001\">Herm\u00e8s Picotin Lock 18<\/strong> ist aus geschmeidigem Taurillon-Clemence-Leder in klassischem Schwarz handgefertigt und mit goldfarbener Hardware ausgestattet. Mit einer Gr\u00f6\u00dfe von 18 cm verf\u00fcgt sie \u00fcber ein ungef\u00fcttertes Inneres und weiche, flexible Henkel. Die Tasche tr\u00e4gt den Stempel <strong data-start=\"2257\" data-end=\"2269\">B (2023)<\/strong>, wurde nur 2\u20133 Mal getragen und befindet sich in ausgezeichnetem Zustand. Sie wird mit originalem Herm\u00e8s-Staubbeutel geliefert.<\/p>\n<p data-start=\"2399\" data-end=\"2925\">Als Inbegriff zur\u00fcckhaltender Eleganz verk\u00f6rpert die Picotin Lock 18 den minimalistischen Stil des Hauses Herm\u00e8s. Das Clemence-Leder zeichnet sich durch seine nat\u00fcrliche Narbung und seine angenehm weiche Struktur aus, wodurch die Tasche eine l\u00e4ssige, zugleich luxuri\u00f6se Ausstrahlung erh\u00e4lt. Das offene Design sorgt f\u00fcr unkomplizierten Zugriff, w\u00e4hrend das ikonische Vorh\u00e4ngeschloss einen dezenten Akzent von Raffinesse und Tradition setzt. In Kombination mit passendem Schmuck wird die goldene Hardware stilvoll hervorgehoben.<\/p>\n<p data-start=\"2927\" data-end=\"3333\">Die kompakte, aber funktionale Picotin 18 bietet ausreichend Platz f\u00fcr die t\u00e4glichen Essentials und eignet sich perfekt f\u00fcr den \u00dcbergang vom Tag zum Abend. Sie kann elegant in der Hand oder in der Armbeuge getragen werden und \u00fcberzeugt durch ihre zeitlose Vielseitigkeit. Besonders bei Sammlern gesch\u00e4tzt, punktet dieses Modell durch hochwertige Verarbeitung, Alltagstauglichkeit und dauerhafte Wertigkeit.<\/p>\n<p data-start=\"3335\" data-end=\"3537\">Dank ihres exzellenten Zustands, des aktuellen Produktionsjahres und der klassischen Farbkombination ist diese Herm\u00e8s Picotin Schwarz Lock 18 sowohl ein stilvolles Must-have als auch ein begehrtes Sammlerst\u00fcck.<\/p>\n","protected":false},"featured_media":23327,"template":"","meta":[],"product_brand":[2404],"product_cat":[347,349,351],"product_tag":[1778],"class_list":{"0":"post-23434","1":"product","2":"type-product","3":"status-publish","4":"has-post-thumbnail","6":"product_brand-hermes-de","7":"product_cat-handtasche","8":"product_cat-shopper-de","9":"product_cat-kleine-taschen","10":"product_tag-hermes-picotin-18-de","11":"pa_brand-hermes-de","12":"pa_color-schwarz","13":"pa_grade-grad-3","14":"pa_material-leder","16":"first","17":"instock","18":"sold-individually","19":"purchasable","20":"product-type-simple"},"_links":{"self":[{"href":"https:\/\/handbag-sense.com\/de\/wp-json\/wp\/v2\/product\/23434","targetHints":{"allow":["GET"]}}],"collection":[{"href":"https:\/\/handbag-sense.com\/de\/wp-json\/wp\/v2\/product"}],"about":[{"href":"https:\/\/handbag-sense.com\/de\/wp-json\/wp\/v2\/types\/product"}],"wp:featuredmedia":[{"embeddable":true,"href":"https:\/\/handbag-sense.com\/de\/wp-json\/wp\/v2\/media\/23327"}],"wp:attachment":[{"href":"https:\/\/handbag-sense.com\/de\/wp-json\/wp\/v2\/media?parent=23434"}],"wp:term":[{"taxonomy":"product_brand","embeddable":true,"href":"https:\/\/handbag-sense.com\/de\/wp-json\/wp\/v2\/product_brand?post=23434"},{"taxonomy":"product_cat","embeddable":true,"href":"https:\/\/handbag-sense.com\/de\/wp-json\/wp\/v2\/product_cat?post=23434"},{"taxonomy":"product_tag","embeddable":true,"href":"https:\/\/handbag-sense.com\/de\/wp-json\/wp\/v2\/product_tag?post=23434"}],"curies":[{"name":"wp","href":"https:\/\/api.w.org\/{rel}","templated":true}]}}