{"id":23273,"date":"2026-01-21T14:01:16","date_gmt":"2026-01-21T13:01:16","guid":{"rendered":"https:\/\/handbag-sense.com\/?post_type=product&#038;p=23273"},"modified":"2026-01-21T17:00:16","modified_gmt":"2026-01-21T16:00:16","slug":"louis-vuitton-capucines-rot-grau-mm","status":"publish","type":"product","link":"https:\/\/handbag-sense.com\/de\/produkt\/louis-vuitton-capucines-rot-grau-mm\/","title":{"rendered":"Capucines Rot \/ Grau MM"},"content":{"rendered":"<div class=\"c-columns-m-1 c-columns-2 c-columns-gap-s\">\n<div><strong>Material:<\/strong> Taurillon Leder \/ Python<br \/>\n<strong>Farbe:<\/strong> Rot \/ Grau<br \/>\n<strong>Metallelemente:<\/strong> Gold Metall<\/div>\n<div><strong>Grad:<\/strong> 3 <img decoding=\"async\" class=\"info_box alignnone size-medium wp-image-885\" title=\"Info\" role=\"img\" src=\"https:\/\/handbag-sense.com\/wp-content\/uploads\/2023\/05\/info_icon.svg\" alt=\"info box\" width=\"15\" height=\"15\" \/><br \/>\n<strong>Innenmaterial:<\/strong> Leder<br \/>\n<strong>Gr\u00f6\u00dfe:<\/strong> 31 x 20 x 11 cm<\/div>\n<\/div>\n<p><strong>Beinhaltet:<\/strong> Staubbeutel, Gurt, Box<\/p>\n","protected":false},"excerpt":{"rendered":"<p data-start=\"2057\" data-end=\"2149\"><strong data-start=\"2057\" data-end=\"2149\">Louis Vuitton Capucines Rot \/ Grau aus Taurillon- &amp; Pythonleder MM \u2013 Exzellenter Zustand<\/strong><\/p>\n<p data-start=\"2151\" data-end=\"2699\">Diese <strong data-start=\"2157\" data-end=\"2187\">Louis Vuitton Capucines MM<\/strong> ist aus Taurillon-Leder in leuchtendem Scharlachrot gefertigt und mit einem luxuri\u00f6sen Tragegriff aus grauem Pythonleder veredelt. Die Tasche wurde nur selten getragen und befindet sich in exzellentem Zustand. Sie wird inklusive originalem Schulterriemen, Staubbeutel und Louis-Vuitton-Box geliefert. Dank ihres wandelbaren Designs kann die Capucines MM mit nach au\u00dfen geklappter Front getragen werden, um die ikonischen LV-Initialen zu zeigen, oder nach innen geklappt f\u00fcr einen dezenten, eleganten Look.<\/p>\n<p data-start=\"2701\" data-end=\"3093\">Die Capucines MM gilt als eine der elegantesten Kreationen von Louis Vuitton und vereint moderne Raffinesse mit traditioneller Handwerkskunst. Das fein genarbte Taurillon-Leder \u00fcberzeugt durch seine Weichheit und Formstabilit\u00e4t, w\u00e4hrend der Pythonledergriff einen exklusiven Akzent setzt. Pr\u00e4zise Verarbeitung und hochwertige Materialien unterstreichen den luxuri\u00f6sen Charakter dieser Tasche.<\/p>\n<p data-start=\"3095\" data-end=\"3446\">Mit ihrer gro\u00dfz\u00fcgigen MM-Gr\u00f6\u00dfe bietet sie ausreichend Platz f\u00fcr allt\u00e4gliche Essentials, ohne an Eleganz zu verlieren. Der verstellbare Schulterriemen erm\u00f6glicht vielseitige Trageoptionen \u2013 \u00fcber der Schulter oder crossbody. Die intensive rote Farbe setzt ein selbstbewusstes Statement, w\u00e4hrend das graue Pythonleder f\u00fcr einen stilvollen Kontrast sorgt.<\/p>\n<p data-start=\"3448\" data-end=\"3706\">Bei Sammlern und Liebhabern hochwertiger Luxusaccessoires ist die LV Capucines MM \u00e4u\u00dferst gesch\u00e4tzt. Als zeitloses Designobjekt mit exklusiven Materialien stellt sie eine wertbest\u00e4ndige Investition dar und verk\u00f6rpert die unverkennbare Eleganz von Louis Vuitton.<\/p>\n","protected":false},"featured_media":23277,"template":"","meta":[],"product_brand":[2436],"product_cat":[347,350,351],"product_tag":[],"class_list":{"0":"post-23273","1":"product","2":"type-product","3":"status-publish","4":"has-post-thumbnail","6":"product_brand-louis-vuitton-de","7":"product_cat-handtasche","8":"product_cat-schultertaschen","9":"product_cat-kleine-taschen","10":"pa_brand-louis-vuitton-de","11":"pa_color-mehrfarbig","12":"pa_color-rot","13":"pa_grade-grad-3","14":"pa_material-leder","15":"pa_material-exotisches-leder","17":"first","18":"instock","19":"shipping-taxable","20":"purchasable","21":"product-type-simple"},"_links":{"self":[{"href":"https:\/\/handbag-sense.com\/de\/wp-json\/wp\/v2\/product\/23273","targetHints":{"allow":["GET"]}}],"collection":[{"href":"https:\/\/handbag-sense.com\/de\/wp-json\/wp\/v2\/product"}],"about":[{"href":"https:\/\/handbag-sense.com\/de\/wp-json\/wp\/v2\/types\/product"}],"wp:featuredmedia":[{"embeddable":true,"href":"https:\/\/handbag-sense.com\/de\/wp-json\/wp\/v2\/media\/23277"}],"wp:attachment":[{"href":"https:\/\/handbag-sense.com\/de\/wp-json\/wp\/v2\/media?parent=23273"}],"wp:term":[{"taxonomy":"product_brand","embeddable":true,"href":"https:\/\/handbag-sense.com\/de\/wp-json\/wp\/v2\/product_brand?post=23273"},{"taxonomy":"product_cat","embeddable":true,"href":"https:\/\/handbag-sense.com\/de\/wp-json\/wp\/v2\/product_cat?post=23273"},{"taxonomy":"product_tag","embeddable":true,"href":"https:\/\/handbag-sense.com\/de\/wp-json\/wp\/v2\/product_tag?post=23273"}],"curies":[{"name":"wp","href":"https:\/\/api.w.org\/{rel}","templated":true}]}}