{"id":2306,"date":"2023-10-04T16:56:40","date_gmt":"2023-10-04T14:56:40","guid":{"rendered":"https:\/\/handbag-sense.com\/?post_type=product&#038;p=2306"},"modified":"2026-03-24T17:46:02","modified_gmt":"2026-03-24T16:46:02","slug":"hermes-constance-18-swift-anemone","status":"publish","type":"product","link":"https:\/\/handbag-sense.com\/de\/produkt\/hermes-constance-18-swift-anemone\/","title":{"rendered":"Constance 18 Swift Anemone"},"content":{"rendered":"<div class=\"c-columns-m-1 c-columns-2 c-columns-gap-s\">\n<div><strong>Material:<\/strong> Swift Leder<br \/>\n<strong>Farbe:<\/strong> Anemone<br \/>\n<strong>Metallelemente:<\/strong> Palladium Hardware<br \/>\n<strong>Innenmaterial:<\/strong> Leder<\/div>\n<div><strong>Grad:<\/strong> 2 <img decoding=\"async\" class=\"info_box alignnone size-medium wp-image-885\" title=\"Info\" role=\"img\" src=\"https:\/\/handbag-sense.com\/wp-content\/uploads\/2023\/05\/info_icon.svg\" alt=\"info box\" width=\"15\" height=\"15\" \/><br \/>\n<strong>Produktionsjahr\/Jahresstempel:<\/strong> 2015\/R<br \/>\n<strong>Gr\u00f6\u00dfe:<\/strong> 18 x 15 x 4 cm<br \/>\n<strong>Versand:<\/strong> Weltweit<\/div>\n<\/div>\n<p><strong>Beinhaltet:<\/strong> Originalrechnung, Staubbeutel, Booklet, Box<\/p>\n","protected":false},"excerpt":{"rendered":"<p><strong>Herm\u00e8s Constance 18 Swift Anemone Palladium Hardware - Neuwertig.<\/strong><\/p>\n<p>Diese Constance mini ist aus Swift Leder in der Farbe Anemone gefertigt und mit Palladium Hardware versehen. Die Tasche hat\u00a0 einen \u201eH\u201c-Verschluss aus Metall und einen Schulterriemen. Das Innere ist mit Leder gef\u00fcttert und in zwei F\u00e4cher unterteilt, mit einer Seitentasche an der R\u00fcckwand. Die Tasche ist im ungetragenen Zustand, der \u201eH\u201c-Verschluss ist mit einer Folie verklebt. Die Tasche wird mit Staubbeutel, Herm\u00e8s Box und der Originalrechnung aus 2015 geliefert.<\/p>\n","protected":false},"featured_media":4360,"template":"","meta":[],"product_brand":[2404],"product_cat":[347,346],"product_tag":[],"class_list":{"0":"post-2306","1":"product","2":"type-product","3":"status-publish","4":"has-post-thumbnail","6":"product_brand-hermes-de","7":"product_cat-handtasche","8":"product_cat-abendtasche","9":"pa_brand-hermes-de","10":"pa_color-violett-de","11":"pa_grade-grad-1","12":"pa_hermes-models-constance-de","13":"pa_material-leder","15":"first","16":"instock","17":"shipping-taxable","18":"purchasable","19":"product-type-simple"},"_links":{"self":[{"href":"https:\/\/handbag-sense.com\/de\/wp-json\/wp\/v2\/product\/2306","targetHints":{"allow":["GET"]}}],"collection":[{"href":"https:\/\/handbag-sense.com\/de\/wp-json\/wp\/v2\/product"}],"about":[{"href":"https:\/\/handbag-sense.com\/de\/wp-json\/wp\/v2\/types\/product"}],"wp:featuredmedia":[{"embeddable":true,"href":"https:\/\/handbag-sense.com\/de\/wp-json\/wp\/v2\/media\/4360"}],"wp:attachment":[{"href":"https:\/\/handbag-sense.com\/de\/wp-json\/wp\/v2\/media?parent=2306"}],"wp:term":[{"taxonomy":"product_brand","embeddable":true,"href":"https:\/\/handbag-sense.com\/de\/wp-json\/wp\/v2\/product_brand?post=2306"},{"taxonomy":"product_cat","embeddable":true,"href":"https:\/\/handbag-sense.com\/de\/wp-json\/wp\/v2\/product_cat?post=2306"},{"taxonomy":"product_tag","embeddable":true,"href":"https:\/\/handbag-sense.com\/de\/wp-json\/wp\/v2\/product_tag?post=2306"}],"curies":[{"name":"wp","href":"https:\/\/api.w.org\/{rel}","templated":true}]}}