{"id":22812,"date":"2026-01-02T13:15:40","date_gmt":"2026-01-02T12:15:40","guid":{"rendered":"https:\/\/handbag-sense.com\/?post_type=product&#038;p=22812"},"modified":"2026-01-03T19:54:23","modified_gmt":"2026-01-03T18:54:23","slug":"louis-vuitton-neo-alma-bb-schwarz","status":"publish","type":"product","link":"https:\/\/handbag-sense.com\/de\/produkt\/louis-vuitton-neo-alma-bb-schwarz\/","title":{"rendered":"Neo Alma BB Schwarz aus Monogram"},"content":{"rendered":"<div class=\"c-columns-m-1 c-columns-2 c-columns-gap-s\">\n<div><strong>Material:<\/strong>\u00a0 Leder<br \/>\n<strong>Farbe:<\/strong> Schwarz<br \/>\n<strong>Metallelemente:<\/strong> Gold Metall<\/div>\n<div><strong>Note:<\/strong> 2 <img decoding=\"async\" class=\"info_box alignnone size-medium wp-image-885\" title=\"Info\" role=\"img\" src=\"https:\/\/handbag-sense.com\/wp-content\/uploads\/2023\/05\/info_icon.svg\" alt=\"info box\" width=\"15\" height=\"15\" \/><br \/>\n<strong>Innenmaterial:<\/strong> Textilfutter<br \/>\n<strong>Gr\u00f6\u00dfe:<\/strong> 23,5 \u00d7 17,5 \u00d7 11,5 cm<\/div>\n<\/div>\n<p><strong>Enth\u00e4lt:<\/strong> Staubbeutel, Originalrechnung und Box<\/p>\n","protected":false},"excerpt":{"rendered":"<p data-start=\"2041\" data-end=\"2139\"><strong data-start=\"2041\" data-end=\"2139\">Louis Vuitton Neo Alma BB Schwarz aus Monogram Empreinte Leder mit Gold Hardware \u2013 Komplettset<\/strong><\/p>\n<p data-start=\"2141\" data-end=\"2673\">Die <strong data-start=\"2145\" data-end=\"2174\">Louis Vuitton Neo Alma BB<\/strong> ist aus besonders geschmeidigem schwarzem Monogram Empreinte Leder gefertigt und zeigt das ikonische, dezent gepr\u00e4gte Monogramm des Hauses Louis Vuitton. Mit den Ma\u00dfen 23,5 \u00d7 17,5 \u00d7 11,5 cm \u00fcberzeugt diese strukturierte Handtasche durch elegante goldfarbene Beschl\u00e4ge sowie einen sicheren Rei\u00dfverschluss mit H\u00e4ngeschloss und Schl\u00fcsseln. Gefertigt aus hochwertigem Rindsleder mit Mikrofaserinnenfutter wird sie als Komplettset inklusive Box geliefert und stammt aus Frankreich, Spanien oder Italien.<\/p>\n<p data-start=\"2675\" data-end=\"3155\">Inspiriert von der historischen Square Handtasche aus dem Jahr 1934 verk\u00f6rpert die Neo Alma BB zeitlose Pariser Eleganz in moderner Form. Die klare, strukturierte Silhouette bewahrt dauerhaft ihre Form, w\u00e4hrend das weiche Empreinte Leder f\u00fcr eine luxuri\u00f6se Haptik sorgt. Dank des abnehmbaren und verstellbaren Schulterriemens kann die Tasche vielseitig gestylt werden \u2014 elegant in der Hand oder l\u00e4ssig crossbody. Die doppelten Ledergriffe unterstreichen den klassischen Charakter.<\/p>\n<p data-start=\"3157\" data-end=\"3409\">Trotz ihres kompakten Formats bietet die Alma BB ausreichend Platz f\u00fcr Smartphone, Kopfh\u00f6rer, eine kompakte Geldb\u00f6rse und Sonnenbrille. Ein flaches Innenfach sorgt f\u00fcr Ordnung, w\u00e4hrend vier sch\u00fctzende Metallf\u00fc\u00dfe den Taschenboden vor Abnutzung bewahren.<\/p>\n<p data-start=\"3411\" data-end=\"3667\">Mit charakteristischem Schl\u00fcsselgl\u00f6ckchen, Schloss und edlen Details vereint die <strong data-start=\"3492\" data-end=\"3515\">Neo Alma BB Schwarz<\/strong> ikonisches Design mit Alltagstauglichkeit. Eine elegante, vielseitige Luxustasche und ein zeitloser Klassiker f\u00fcr jede hochwertige Designer-Kollektion.<\/p>\n","protected":false},"featured_media":22809,"template":"","meta":[],"product_brand":[2436],"product_cat":[347,351],"product_tag":[],"class_list":{"0":"post-22812","1":"product","2":"type-product","3":"status-publish","4":"has-post-thumbnail","6":"product_brand-louis-vuitton-de","7":"product_cat-handtasche","8":"product_cat-kleine-taschen","9":"pa_brand-louis-vuitton-de","10":"pa_color-braun","11":"pa_grade-grad-2","12":"pa_material-leder","13":"pa_material-leinwand","15":"first","16":"instock","17":"shipping-taxable","18":"purchasable","19":"product-type-simple"},"_links":{"self":[{"href":"https:\/\/handbag-sense.com\/de\/wp-json\/wp\/v2\/product\/22812","targetHints":{"allow":["GET"]}}],"collection":[{"href":"https:\/\/handbag-sense.com\/de\/wp-json\/wp\/v2\/product"}],"about":[{"href":"https:\/\/handbag-sense.com\/de\/wp-json\/wp\/v2\/types\/product"}],"wp:featuredmedia":[{"embeddable":true,"href":"https:\/\/handbag-sense.com\/de\/wp-json\/wp\/v2\/media\/22809"}],"wp:attachment":[{"href":"https:\/\/handbag-sense.com\/de\/wp-json\/wp\/v2\/media?parent=22812"}],"wp:term":[{"taxonomy":"product_brand","embeddable":true,"href":"https:\/\/handbag-sense.com\/de\/wp-json\/wp\/v2\/product_brand?post=22812"},{"taxonomy":"product_cat","embeddable":true,"href":"https:\/\/handbag-sense.com\/de\/wp-json\/wp\/v2\/product_cat?post=22812"},{"taxonomy":"product_tag","embeddable":true,"href":"https:\/\/handbag-sense.com\/de\/wp-json\/wp\/v2\/product_tag?post=22812"}],"curies":[{"name":"wp","href":"https:\/\/api.w.org\/{rel}","templated":true}]}}