{"id":22126,"date":"2025-12-05T17:44:36","date_gmt":"2025-12-05T16:44:36","guid":{"rendered":"https:\/\/handbag-sense.com\/?post_type=product&#038;p=22126"},"modified":"2025-12-12T17:49:21","modified_gmt":"2025-12-12T16:49:21","slug":"hermes-kelly-pochette-gris-perle","status":"publish","type":"product","link":"https:\/\/handbag-sense.com\/de\/produkt\/hermes-kelly-pochette-gris-perle\/","title":{"rendered":"Kelly Pochette Gris Perle Swift"},"content":{"rendered":"<div class=\"c-columns-m-1 c-columns-2 c-columns-gap-s\">\n<div><strong>Material:<\/strong> Swift Leder<br \/>\n<strong>Farbe:<\/strong> Gris Perle<br \/>\n<strong>Metallelemente:<\/strong> Palladium Hardware<br \/>\n<strong>Innenmaterial:<\/strong> Leder<\/div>\n<div><strong>Grad:<\/strong> 1 <img decoding=\"async\" class=\"info_box alignnone size-medium wp-image-885\" title=\"Info\" role=\"img\" src=\"https:\/\/handbag-sense.com\/wp-content\/uploads\/2023\/05\/info_icon.svg\" alt=\"info box\" width=\"15\" height=\"15\" \/><br \/>\n<strong>Jahresstempel:<\/strong> 2025 \/ K<br \/>\n<strong>Gr\u00f6\u00dfe:<\/strong> 22 x 13 x 7 cm<br \/>\n<strong>Versand:<\/strong> Weltweit<\/div>\n<\/div>\n<p><strong>Beinhaltet:<\/strong> Originalrechnung, Staubbeutel, Filz, Heft, Box<\/p>\n","protected":false},"excerpt":{"rendered":"<p><strong>Herm\u00e8s Kelly Pochette Gris Perle Swift mit Palladium Hardware - Neu (K, 2025)<\/strong><\/p>\n<p>Diese <strong>Herm\u00e8s Kelly Pochette<\/strong> ist handgefertigt aus Hermes Swift Leder in der erhabenen Farbe Gris Perle und wird durch k\u00fchle Palladium-Hardware erg\u00e4nzt. Brandneu und nie getragen, tr\u00e4gt sie den Datumsstempel K f\u00fcr 2025 und wird komplett mit der originalen Hermes-Rechnung, Staubschutzbeutel und der charakteristischen orangefarbenen Box geliefert.<\/p>\n<p>Diese <strong>Herm\u00e8s Kelly Pochette<\/strong> verk\u00f6rpert den zeitlosen Geist der Kelly-Linie und pr\u00e4sentiert gleichzeitig eine zartere, femininere \u00c4sthetik. Swift-Leder bietet eine glatte, luxuri\u00f6se Textur, die die klaren Linien und die raffinierte Silhouette der Pochette betont.<\/p>\n<p>Ihre kompakte Form erinnert an das Profil der begehrten <strong>Hermes Mini Kelly Clutch<\/strong> und bietet ein schickes Abendformat mit dem ikonischen Kelly-Drehverschluss und dem strukturierten oberen Henkel. Subtil und dennoch fesselnd, wechselt sie m\u00fchelos von eleganter Tagesmode zu abendlicher Eleganz.<\/p>\n<p>Als Highlight f\u00fcr Enthusiasten und ernsthafte Sammler repr\u00e4sentiert diese Kelly Pochette sowohl \u00e4sthetische Sch\u00f6nheit als auch langfristige Begehrlichkeit. Als seltene Herm\u00e8s-Tasche machen ihre Seltenheit und ihr Farbreiz sie zu einem H\u00f6hepunkt in jeder kuratierten Kollektion.<\/p>\n","protected":false},"featured_media":22108,"template":"","meta":[],"product_brand":[2404],"product_cat":[351,344,346],"product_tag":[2362],"class_list":{"0":"post-22126","1":"product","2":"type-product","3":"status-publish","4":"has-post-thumbnail","6":"product_brand-hermes-de","7":"product_cat-kleine-taschen","8":"product_cat-pochette-de","9":"product_cat-abendtasche","10":"product_tag-hermes-kelly-pochette-de","11":"pa_brand-hermes-de","12":"pa_color-grau","13":"pa_grade-grad-1","14":"pa_hermes-models-kelly-de","15":"pa_material-leder","17":"first","18":"outofstock","19":"sold-individually","20":"product-type-simple"},"_links":{"self":[{"href":"https:\/\/handbag-sense.com\/de\/wp-json\/wp\/v2\/product\/22126","targetHints":{"allow":["GET"]}}],"collection":[{"href":"https:\/\/handbag-sense.com\/de\/wp-json\/wp\/v2\/product"}],"about":[{"href":"https:\/\/handbag-sense.com\/de\/wp-json\/wp\/v2\/types\/product"}],"wp:featuredmedia":[{"embeddable":true,"href":"https:\/\/handbag-sense.com\/de\/wp-json\/wp\/v2\/media\/22108"}],"wp:attachment":[{"href":"https:\/\/handbag-sense.com\/de\/wp-json\/wp\/v2\/media?parent=22126"}],"wp:term":[{"taxonomy":"product_brand","embeddable":true,"href":"https:\/\/handbag-sense.com\/de\/wp-json\/wp\/v2\/product_brand?post=22126"},{"taxonomy":"product_cat","embeddable":true,"href":"https:\/\/handbag-sense.com\/de\/wp-json\/wp\/v2\/product_cat?post=22126"},{"taxonomy":"product_tag","embeddable":true,"href":"https:\/\/handbag-sense.com\/de\/wp-json\/wp\/v2\/product_tag?post=22126"}],"curies":[{"name":"wp","href":"https:\/\/api.w.org\/{rel}","templated":true}]}}