{"id":22093,"date":"2025-12-04T14:35:38","date_gmt":"2025-12-04T13:35:38","guid":{"rendered":"https:\/\/handbag-sense.com\/?post_type=product&#038;p=22093"},"modified":"2025-12-06T18:31:31","modified_gmt":"2025-12-06T17:31:31","slug":"hermes-kelly-25-epsom-schwarz-sellier-2","status":"publish","type":"product","link":"https:\/\/handbag-sense.com\/de\/produkt\/hermes-kelly-25-epsom-schwarz-sellier-2\/","title":{"rendered":"Kelly 25 Epsom Schwarz Sellier"},"content":{"rendered":"<div class=\"c-columns-m-1 c-columns-2 c-columns-gap-s\">\n<div><strong>Material:<\/strong> Epsom Leder<br \/>\n<strong>Farbe:<\/strong> Schwarz<br \/>\n<strong>Metallelemente:<\/strong> Gold Hardware<br \/>\n<strong>Innenmaterial:<\/strong> Leder<\/div>\n<div><strong>Grad:<\/strong> 1 <img decoding=\"async\" class=\"info_box alignnone size-medium wp-image-885\" title=\"Info\" role=\"img\" src=\"https:\/\/handbag-sense.com\/wp-content\/uploads\/2023\/05\/info_icon.svg\" alt=\"info box\" width=\"15\" height=\"15\" \/><br \/>\n<strong>Jahresstempel:<\/strong> 2024 \/ W<br \/>\n<strong>Gr\u00f6\u00dfe:<\/strong> 25 x 19 x 9 cm<br \/>\n<strong>Versand:<\/strong> Weltweit<\/div>\n<\/div>\n<p><strong>Beinhaltet:<\/strong> Originalrechnung, Staubbeutel, Gurt, Clochette, Schloss, Schl\u00fcssel, Filz, Booklet, Box<\/p>\n","protected":false},"excerpt":{"rendered":"<p class=\"\" data-start=\"225\" data-end=\"320\"><strong data-start=\"225\" data-end=\"320\">Herm\u00e8s Kelly 25 Epsom Schwarz Sellier mit Gold Hardware \u2013 Neu (2024)<\/strong><\/p>\n<p class=\"\" data-start=\"322\" data-end=\"663\">Diese <strong data-start=\"328\" data-end=\"355\">Herm\u00e8s Kelly 25 Sellier<\/strong> aus strukturiertem <strong data-start=\"375\" data-end=\"390\">Epsom Leder<\/strong> in klassischem <strong data-start=\"406\" data-end=\"424\">Schwarz<\/strong>\u00a0mit <strong data-start=\"429\" data-end=\"450\">goldener Hardware<\/strong> ist ein zeitloser Klassiker und vielseitig kombinierbar \u2013 ob zur Jeans oder zum Abendkleid.\u00a0Die Tasche ist <strong data-start=\"680\" data-end=\"706\">neu, nie getragen<\/strong> und tr\u00e4gt den <strong data-start=\"721\" data-end=\"750\">Jahresstempel \u201eW\u201c (2024)<\/strong>. Sie kann stilvoll als <strong data-start=\"774\" data-end=\"788\">Top-Handle <\/strong>oder bequem als <strong data-start=\"805\" data-end=\"818\">Crossbody<\/strong> getragen werden. Zum Lieferumfang geh\u00f6ren: Schloss mit zwei Schl\u00fcsseln, Clochette, originaler Schultergurt, Herm\u00e8s-Staubbeutel, orangefarbene Herm\u00e8s-Box sowie die Originalrechnung von 2024 (pers\u00f6nliche Daten geschw\u00e4rzt).<\/p>\n<p class=\"\" data-start=\"1051\" data-end=\"1211\">Die elegante <strong data-start=\"556\" data-end=\"578\">Sellier-Ausf\u00fchrung<\/strong> mit klaren Linien und festem Leder verleiht der Tasche eine besonders edle Struktur. Die <strong data-start=\"1055\" data-end=\"1067\">Kelly 25 Noir<\/strong> gilt als wahres Sammlerst\u00fcck und ist eine der begehrtesten Luxustaschen weltweit \u2013 ein Symbol f\u00fcr Klasse, Handwerkskunst und Wertbest\u00e4ndigkeit. Ein Must-have f\u00fcr jede stilbewusste Herm\u00e8s-Liebhaberin.<\/p>\n","protected":false},"featured_media":18276,"template":"","meta":[],"product_brand":[2404],"product_cat":[347,350,351,346],"product_tag":[1569,1575],"class_list":{"0":"post-22093","1":"product","2":"type-product","3":"status-publish","4":"has-post-thumbnail","6":"product_brand-hermes-de","7":"product_cat-handtasche","8":"product_cat-schultertaschen","9":"product_cat-kleine-taschen","10":"product_cat-abendtasche","11":"product_tag-hermes-kelly-25","12":"product_tag-kelly-25-black-de","13":"pa_brand-hermes-de","14":"pa_color-schwarz","15":"pa_grade-grad-1","16":"pa_hermes-models-kelly-de","17":"pa_material-leder","19":"first","20":"outofstock","21":"shipping-taxable","22":"product-type-simple"},"_links":{"self":[{"href":"https:\/\/handbag-sense.com\/de\/wp-json\/wp\/v2\/product\/22093","targetHints":{"allow":["GET"]}}],"collection":[{"href":"https:\/\/handbag-sense.com\/de\/wp-json\/wp\/v2\/product"}],"about":[{"href":"https:\/\/handbag-sense.com\/de\/wp-json\/wp\/v2\/types\/product"}],"wp:featuredmedia":[{"embeddable":true,"href":"https:\/\/handbag-sense.com\/de\/wp-json\/wp\/v2\/media\/18276"}],"wp:attachment":[{"href":"https:\/\/handbag-sense.com\/de\/wp-json\/wp\/v2\/media?parent=22093"}],"wp:term":[{"taxonomy":"product_brand","embeddable":true,"href":"https:\/\/handbag-sense.com\/de\/wp-json\/wp\/v2\/product_brand?post=22093"},{"taxonomy":"product_cat","embeddable":true,"href":"https:\/\/handbag-sense.com\/de\/wp-json\/wp\/v2\/product_cat?post=22093"},{"taxonomy":"product_tag","embeddable":true,"href":"https:\/\/handbag-sense.com\/de\/wp-json\/wp\/v2\/product_tag?post=22093"}],"curies":[{"name":"wp","href":"https:\/\/api.w.org\/{rel}","templated":true}]}}