{"id":22054,"date":"2025-11-28T16:18:06","date_gmt":"2025-11-28T15:18:06","guid":{"rendered":"https:\/\/handbag-sense.com\/?post_type=product&#038;p=22054"},"modified":"2025-11-28T17:01:12","modified_gmt":"2025-11-28T16:01:12","slug":"hermes-jige-clutch-29-swift-gelb","status":"publish","type":"product","link":"https:\/\/handbag-sense.com\/de\/produkt\/hermes-jige-clutch-29-swift-gelb\/","title":{"rendered":"Jige Clutch 29 Swift Gelb"},"content":{"rendered":"<div class=\"c-columns-m-1 c-columns-2 c-columns-gap-s\">\n<div><strong>Material:<\/strong> Swift Leder<br \/>\n<strong>Farbe:<\/strong> Gelb<br \/>\n<strong>Metallelemente:<\/strong><br \/>\n<strong>Innenmaterial:<\/strong> Leder<\/div>\n<div><strong>Grad:<\/strong> 3\/4 <img decoding=\"async\" class=\"info_box alignnone size-medium wp-image-885\" title=\"Info\" role=\"img\" src=\"https:\/\/handbag-sense.com\/wp-content\/uploads\/2023\/05\/info_icon.svg\" alt=\"info box\" width=\"15\" height=\"15\" \/><br \/>\n<strong>Jahresstempel:<\/strong> 2011 \/ O<br \/>\n<strong>Gr\u00f6\u00dfe: <\/strong>29 x 15 x 2,5 cm<br \/>\n<strong>Versand:<\/strong> Weltweit<\/div>\n<\/div>\n<p><strong>Beinhaltet:<\/strong> Staubbeutel<\/p>\n","protected":false},"excerpt":{"rendered":"<p data-start=\"1072\" data-end=\"1594\"><strong data-start=\"1078\" data-end=\"1103\">Herm\u00e8s Jige Clutch 29 Swift Gelb<\/strong><\/p>\n<p data-start=\"1072\" data-end=\"1594\">Diese <strong data-start=\"1078\" data-end=\"1103\">Herm\u00e8s Jige Clutch 29<\/strong> ist aus geschmeidigem Swift Leder in einem lebhaften Gelbton und verk\u00f6rpert eine stilvolle Mischung aus Eleganz und diskretem Luxus. Sie wurde 2011 (Stempel O) produziert und befindet sich in sehr gutem Zustand, wobei das glatte, hochwertige Swift-Leder seine charakteristische Weichheit bewahrt hat. Das minimalistische Design wird lediglich vom ikonischen <strong data-start=\"1474\" data-end=\"1497\">Jige-\u201eH\u201c-Verschluss<\/strong> akzentuiert \u2013 ein feines Detail, das die zur\u00fcckhaltende Herm\u00e8s-\u00c4sthetik perfekt widerspiegelt.<\/p>\n<p data-start=\"1596\" data-end=\"1966\">Mit gen\u00fcgend Platz f\u00fcr kleine Alltagsutensilien bleibt die Jige 29 dennoch schlank und elegant, ideal f\u00fcr den \u00dcbergang vom Tag in den Abend. Durch klare Linien, exquisite Verarbeitung und eine moderne Farbgebung ist sie ein begehrtes St\u00fcck f\u00fcr Sammler und Liebhaber besonderer Herm\u00e8s-Modelle. Eine vielseitige, elegante Clutch, die in jeder Luxuskollektion heraussticht.<\/p>\n","protected":false},"featured_media":21936,"template":"","meta":[],"product_brand":[2404],"product_cat":[351,344,346],"product_tag":[2544],"class_list":{"0":"post-22054","1":"product","2":"type-product","3":"status-publish","4":"has-post-thumbnail","6":"product_brand-hermes-de","7":"product_cat-kleine-taschen","8":"product_cat-pochette-de","9":"product_cat-abendtasche","10":"product_tag-hermes-jige-gelb","11":"pa_brand-hermes-de","12":"pa_color-gelb","13":"pa_grade-grad-1","14":"pa_hermes-models-andere-modelle","15":"pa_material-leder","17":"first","18":"instock","19":"sold-individually","20":"purchasable","21":"product-type-simple"},"_links":{"self":[{"href":"https:\/\/handbag-sense.com\/de\/wp-json\/wp\/v2\/product\/22054","targetHints":{"allow":["GET"]}}],"collection":[{"href":"https:\/\/handbag-sense.com\/de\/wp-json\/wp\/v2\/product"}],"about":[{"href":"https:\/\/handbag-sense.com\/de\/wp-json\/wp\/v2\/types\/product"}],"wp:featuredmedia":[{"embeddable":true,"href":"https:\/\/handbag-sense.com\/de\/wp-json\/wp\/v2\/media\/21936"}],"wp:attachment":[{"href":"https:\/\/handbag-sense.com\/de\/wp-json\/wp\/v2\/media?parent=22054"}],"wp:term":[{"taxonomy":"product_brand","embeddable":true,"href":"https:\/\/handbag-sense.com\/de\/wp-json\/wp\/v2\/product_brand?post=22054"},{"taxonomy":"product_cat","embeddable":true,"href":"https:\/\/handbag-sense.com\/de\/wp-json\/wp\/v2\/product_cat?post=22054"},{"taxonomy":"product_tag","embeddable":true,"href":"https:\/\/handbag-sense.com\/de\/wp-json\/wp\/v2\/product_tag?post=22054"}],"curies":[{"name":"wp","href":"https:\/\/api.w.org\/{rel}","templated":true}]}}