{"id":2194,"date":"2023-10-03T20:11:44","date_gmt":"2023-10-03T18:11:44","guid":{"rendered":"https:\/\/handbag-sense.com\/?post_type=product&#038;p=2194"},"modified":"2025-05-06T13:03:52","modified_gmt":"2025-05-06T11:03:52","slug":"chanel-halskette-mit-anhaenger","status":"publish","type":"product","link":"https:\/\/handbag-sense.com\/de\/produkt\/chanel-halskette-mit-anhaenger\/","title":{"rendered":"Halskette mit Anh\u00e4nger"},"content":{"rendered":"<div class=\"c-columns-m-1 c-columns-2 c-columns-gap-s\">\n<div><strong>Farbe:<\/strong> Schwarz \/ Silber<br \/>\n<strong>Metallelemente:<\/strong> Silberne Hardware<\/div>\n<div><strong><b>Grad<\/b>:<\/strong> 4 <img decoding=\"async\" class=\"info_box alignnone size-medium wp-image-885\" title=\"Info\" role=\"img\" src=\"https:\/\/handbag-sense.com\/wp-content\/uploads\/2023\/05\/info_icon.svg\" alt=\"info box\" width=\"15\" height=\"15\" \/><br \/>\n<strong>Gr\u00f6\u00dfe:<\/strong> 4,5 x 4,5 cm<\/p>\n<div><\/div>\n<div><strong>Condition:<\/strong> Used<\/div>\n<\/div>\n<\/div>\n<p><strong>Beinhaltet:<\/strong> Staubbeutel, Box<\/p>\n","protected":false},"excerpt":{"rendered":"<p><strong>Chanel Halskette mit Anh\u00e4nger<\/strong>. Diese ausgefallene Halskette ist aus schwarzem Harz mit Kristallen und mit silberfarbenem Metall angefertigt. Die\u00a0<strong>Chanel Halskette<\/strong>\u00a0ist au\u00dfergew\u00f6hnlich schick, passt gut zu jedem Outfit. Sie befindet sich im sehr guten Zustand, hat einen zus\u00e4tzlichen Personal Stempel, wird mit Chanel Etui und Chanel Box geliefert.<\/p>\n","protected":false},"featured_media":2185,"template":"","meta":[],"product_brand":[2417],"product_cat":[1588,342],"product_tag":[],"class_list":{"0":"post-2194","1":"product","2":"type-product","3":"status-publish","4":"has-post-thumbnail","6":"product_brand-chanel-de","7":"product_cat-schmuck","8":"product_cat-accessoire-de","9":"pa_brand-chanel-de","10":"pa_color-schwarz","11":"pa_color-silber","12":"pa_grade-grad-4","13":"pa_material-andere-materialien","15":"first","16":"instock","17":"shipping-taxable","18":"purchasable","19":"product-type-simple"},"_links":{"self":[{"href":"https:\/\/handbag-sense.com\/de\/wp-json\/wp\/v2\/product\/2194","targetHints":{"allow":["GET"]}}],"collection":[{"href":"https:\/\/handbag-sense.com\/de\/wp-json\/wp\/v2\/product"}],"about":[{"href":"https:\/\/handbag-sense.com\/de\/wp-json\/wp\/v2\/types\/product"}],"wp:featuredmedia":[{"embeddable":true,"href":"https:\/\/handbag-sense.com\/de\/wp-json\/wp\/v2\/media\/2185"}],"wp:attachment":[{"href":"https:\/\/handbag-sense.com\/de\/wp-json\/wp\/v2\/media?parent=2194"}],"wp:term":[{"taxonomy":"product_brand","embeddable":true,"href":"https:\/\/handbag-sense.com\/de\/wp-json\/wp\/v2\/product_brand?post=2194"},{"taxonomy":"product_cat","embeddable":true,"href":"https:\/\/handbag-sense.com\/de\/wp-json\/wp\/v2\/product_cat?post=2194"},{"taxonomy":"product_tag","embeddable":true,"href":"https:\/\/handbag-sense.com\/de\/wp-json\/wp\/v2\/product_tag?post=2194"}],"curies":[{"name":"wp","href":"https:\/\/api.w.org\/{rel}","templated":true}]}}