{"id":2189,"date":"2023-10-03T19:48:43","date_gmt":"2023-10-03T17:48:43","guid":{"rendered":"https:\/\/handbag-sense.com\/?post_type=product&#038;p=2189"},"modified":"2025-05-06T14:59:07","modified_gmt":"2025-05-06T12:59:07","slug":"bottega-veneta-roma-intrecciato-leder-tote-medium","status":"publish","type":"product","link":"https:\/\/handbag-sense.com\/de\/produkt\/bottega-veneta-roma-intrecciato-leder-tote-medium\/","title":{"rendered":"Roma Intrecciato Tote Medium"},"content":{"rendered":"<div class=\"c-columns-m-1 c-columns-2 c-columns-gap-s\">\n<div><strong>Material:<\/strong> Intrecciato-Leder<br \/>\n<strong>Farbe:<\/strong> Blau<br \/>\n<strong>Metallelemente:<\/strong> Silberne Hardware<\/div>\n<div><strong>Note:<\/strong> 5  <img decoding=\"async\" class=\"info_box alignnone size-medium wp-image-885\" title=\"Info\" role=\"img\" src=\"https:\/\/handbag-sense.com\/wp-content\/uploads\/2023\/05\/info_icon.svg\" alt=\"info box\" width=\"15\" height=\"15\"><br \/>\n<strong>Innenmaterial:<\/strong> Wildleder<strong><br \/>\nGr\u00f6\u00dfe:<\/strong> 22 x 20 \u00d7 39 cm<\/div>\n<\/div>\n<p><strong>Enth\u00e4lt:<\/strong> Staubbeutel,<\/p>\n","protected":false},"excerpt":{"rendered":"<p><strong>Die Bottega Veneta Roma Tote Medium<\/strong> ist aus Leder gefertigt und mit dem charakteristischen Intrecciato versehen. Die Tasche hat einen Druckverschluss mit Klappe in Gunmetal-Optik und l\u00e4sst sich trotzdem leicht entriegeln. Das Innenleben aus Wildleder bietet Platz f\u00fcr alle wichtigen Dinge. Dies ist eine wunderbare Tragetasche, die sich ideal f\u00fcr einen Tagesausflug eignet! Der Beutel wird mit dem Staubbeutel geliefert.<\/p>\n","protected":false},"featured_media":2171,"template":"","meta":[],"product_brand":[2410],"product_cat":[347],"product_tag":[],"class_list":{"0":"post-2189","1":"product","2":"type-product","3":"status-publish","4":"has-post-thumbnail","6":"product_brand-bottega-veneta-de","7":"product_cat-handtasche","8":"pa_brand-bottega-veneta-de","9":"pa_color-blau","10":"pa_grade-grad-5","11":"pa_material-leder","13":"first","14":"outofstock","15":"sold-individually","16":"shipping-taxable","17":"purchasable","18":"product-type-simple"},"_links":{"self":[{"href":"https:\/\/handbag-sense.com\/de\/wp-json\/wp\/v2\/product\/2189","targetHints":{"allow":["GET"]}}],"collection":[{"href":"https:\/\/handbag-sense.com\/de\/wp-json\/wp\/v2\/product"}],"about":[{"href":"https:\/\/handbag-sense.com\/de\/wp-json\/wp\/v2\/types\/product"}],"wp:featuredmedia":[{"embeddable":true,"href":"https:\/\/handbag-sense.com\/de\/wp-json\/wp\/v2\/media\/2171"}],"wp:attachment":[{"href":"https:\/\/handbag-sense.com\/de\/wp-json\/wp\/v2\/media?parent=2189"}],"wp:term":[{"taxonomy":"product_brand","embeddable":true,"href":"https:\/\/handbag-sense.com\/de\/wp-json\/wp\/v2\/product_brand?post=2189"},{"taxonomy":"product_cat","embeddable":true,"href":"https:\/\/handbag-sense.com\/de\/wp-json\/wp\/v2\/product_cat?post=2189"},{"taxonomy":"product_tag","embeddable":true,"href":"https:\/\/handbag-sense.com\/de\/wp-json\/wp\/v2\/product_tag?post=2189"}],"curies":[{"name":"wp","href":"https:\/\/api.w.org\/{rel}","templated":true}]}}