{"id":21739,"date":"2025-11-19T15:54:25","date_gmt":"2025-11-19T14:54:25","guid":{"rendered":"https:\/\/handbag-sense.com\/?post_type=product&#038;p=21739"},"modified":"2025-11-26T15:29:16","modified_gmt":"2025-11-26T14:29:16","slug":"hermes-birkin-35-graphite","status":"publish","type":"product","link":"https:\/\/handbag-sense.com\/de\/produkt\/hermes-birkin-35-graphite\/","title":{"rendered":"Birkin 35 Graphite Taurillon Clemence"},"content":{"rendered":"<div class=\"c-columns-m-1 c-columns-2 c-columns-gap-s\">\n<div><strong>Material:<\/strong> Taurillon Clemence<br \/>\n<strong>Farbe:<\/strong> Graphite<br \/>\n<strong>Metallelemente:<\/strong> Palladium Hardware<br \/>\n<strong>Innenmaterial:<\/strong> Leder<\/div>\n<div><strong>Grad: <\/strong>3 <img decoding=\"async\" class=\"info_box alignnone size-medium wp-image-885\" title=\"Info\" role=\"img\" src=\"https:\/\/handbag-sense.com\/wp-content\/uploads\/2023\/05\/info_icon.svg\" alt=\"info box\" width=\"15\" height=\"15\" \/><br \/>\n<strong>Jahr \/ Stempel:<\/strong> 2011 \/ O<br \/>\n<strong>Gr\u00f6\u00dfe: <\/strong>35 x 25 x 18 cm<br \/>\n<strong>Versand:<\/strong> Weltweit<\/div>\n<\/div>\n<p><strong>Enth\u00e4lt:<\/strong> Staubbeutel, Clochette, Schl\u00fcssel, Schloss<\/p>\n","protected":false},"excerpt":{"rendered":"<p data-start=\"1430\" data-end=\"1868\"><strong data-start=\"1430\" data-end=\"1528\">Herm\u00e8s Birkin 35 Graphite Taurillon Clemence mit Palladium Hardware \u2013 2011, Sehr guter Zustand<\/strong><br data-start=\"1528\" data-end=\"1531\" \/>Diese <strong>Herm\u00e8s Birkin 35<\/strong> wurde handgefertigt in Taurillon Clemence Leder in der Farbe Graphite und ausgestattet mit Palladium Hardware. Jahresstempel: 2011. Zustand: sehr gut \u2013 lediglich leichte Kratzer an der Beschl\u00e4gen. Inklusive Clochette, Schloss mit zwei Schl\u00fcsseln und originalem Staubbeutel.<\/p>\n<p data-start=\"1870\" data-end=\"2401\">Als zeitlose Ikone des Luxus steht die Herm\u00e8s Birkin 35 Graphite f\u00fcr h\u00f6chste Handwerkskunst und Eleganz. Die klare, strukturierte Silhouette mit doppelten Rollenhenkeln und exzellenter Sattlernaht verk\u00f6rpert das handwerkliche Erbe von Herm\u00e8s. Das Clemence-Leder \u00fcberzeugt durch weiche Haptik und Formbest\u00e4ndigkeit, der Graphite-Ton wirkt edel und vielseitig kombinierbar. Die Palladium-Hardware verleiht der Tasche einen zeitgem\u00e4\u00dfen Akzent. Ob im Business-Meeting oder beim eleganten Tagesoutfit \u2013 sie vermittelt Stil und Prestige.<\/p>\n<p data-start=\"2403\" data-end=\"2701\">In sehr gutem Zustand und mit komplettem Zubeh\u00f6r ist diese <strong>Herm\u00e8s Birkin Graphite<\/strong> ein echtes <strong data-start=\"2499\" data-end=\"2515\">Sammlerst\u00fcck<\/strong> mit hohem <strong data-start=\"2526\" data-end=\"2554\">Wertsteigerungspotenzial<\/strong>. Sie vereint Traditionsbewusstsein, Luxus und Alltagstauglichkeit in einem au\u00dfergew\u00f6hnlichen St\u00fcck und richtet sich an anspruchsvolle Liebhaber.<\/p>\n<p>&nbsp;<\/p>\n","protected":false},"featured_media":21703,"template":"","meta":[],"product_brand":[2404],"product_cat":[347],"product_tag":[2539,1501,1984],"class_list":{"0":"post-21739","1":"product","2":"type-product","3":"status-publish","4":"has-post-thumbnail","6":"product_brand-hermes-de","7":"product_cat-handtasche","8":"product_tag-birkin-35-graphite-de","9":"product_tag-hermes-birkin-35-de","10":"product_tag-hermes-birkin-tasche","12":"first","13":"outofstock","14":"sold-individually","15":"product-type-simple"},"_links":{"self":[{"href":"https:\/\/handbag-sense.com\/de\/wp-json\/wp\/v2\/product\/21739","targetHints":{"allow":["GET"]}}],"collection":[{"href":"https:\/\/handbag-sense.com\/de\/wp-json\/wp\/v2\/product"}],"about":[{"href":"https:\/\/handbag-sense.com\/de\/wp-json\/wp\/v2\/types\/product"}],"wp:featuredmedia":[{"embeddable":true,"href":"https:\/\/handbag-sense.com\/de\/wp-json\/wp\/v2\/media\/21703"}],"wp:attachment":[{"href":"https:\/\/handbag-sense.com\/de\/wp-json\/wp\/v2\/media?parent=21739"}],"wp:term":[{"taxonomy":"product_brand","embeddable":true,"href":"https:\/\/handbag-sense.com\/de\/wp-json\/wp\/v2\/product_brand?post=21739"},{"taxonomy":"product_cat","embeddable":true,"href":"https:\/\/handbag-sense.com\/de\/wp-json\/wp\/v2\/product_cat?post=21739"},{"taxonomy":"product_tag","embeddable":true,"href":"https:\/\/handbag-sense.com\/de\/wp-json\/wp\/v2\/product_tag?post=21739"}],"curies":[{"name":"wp","href":"https:\/\/api.w.org\/{rel}","templated":true}]}}