{"id":21571,"date":"2025-10-28T16:33:44","date_gmt":"2025-10-28T15:33:44","guid":{"rendered":"https:\/\/handbag-sense.com\/?post_type=product&#038;p=21571"},"modified":"2025-12-06T22:15:07","modified_gmt":"2025-12-06T21:15:07","slug":"hermes-kelly-pochette-trench-swift","status":"publish","type":"product","link":"https:\/\/handbag-sense.com\/de\/produkt\/hermes-kelly-pochette-trench-swift\/","title":{"rendered":"Kelly Pochette Trench Swift"},"content":{"rendered":"<div class=\"c-columns-m-1 c-columns-2 c-columns-gap-s\">\n<div><strong>Material:<\/strong> Swift Leder<br \/>\n<strong>Farbe:<\/strong> Trench<br \/>\n<strong>Metallelemente:<\/strong> Palladium Hardware<br \/>\n<strong>Innenmaterial:<\/strong> Leder<\/div>\n<div><strong>Bewertung:<\/strong> 1 <img decoding=\"async\" class=\"info_box alignnone size-medium wp-image-885\" title=\"Info\" role=\"img\" src=\"https:\/\/handbag-sense.com\/wp-content\/uploads\/2023\/05\/info_icon.svg\" alt=\"info box\" width=\"15\" height=\"15\" \/><br \/>\n<strong>Jahresstempel:<\/strong> 2025 \/ K<br \/>\n<strong>Gr\u00f6\u00dfe:<\/strong> 22 x 13 x 7 cm<br \/>\n<strong>Versand:<\/strong> Weltweit<\/div>\n<\/div>\n<p><strong>Enth\u00e4lt:<\/strong> Originalrechnung, Staubbeutel, Filz, Heft, Box<\/p>\n","protected":false},"excerpt":{"rendered":"<p data-start=\"155\" data-end=\"236\"><strong data-start=\"164\" data-end=\"236\">Herm\u00e8s Kelly Pochette Trench Swift mit Palladium Hardware - neu. <\/strong><\/p>\n<p data-start=\"1556\" data-end=\"1934\">Diese <strong data-start=\"1562\" data-end=\"1597\">Herm\u00e8s Kelly Pochette in Trench<\/strong> wurde aus weichem Swift Leder in der seltenen Farbe Trench handgefertigt und mit Palladium Hardware vollendet \u2013 ein moderner, edler Kontrast. Die Tasche ist brandneu, ungetragen, tr\u00e4gt den Jahresstempel K f\u00fcr 2025 und wird mit der Originalrechnung von Herm\u00e8s, Staubbeutel und der ikonischen orangefarbenen Box geliefert.<\/p>\n<p data-start=\"1936\" data-end=\"2339\">Die <strong>Kelly Pochette<\/strong> verk\u00f6rpert die zeitlose Eleganz der ber\u00fchmten Kelly-Linie. Das geschmeidige Swift-Leder sorgt f\u00fcr eine feine Haptik und dezenten Glanz, w\u00e4hrend die kontrastierende Nahtf\u00fchrung die klare, strukturierte Silhouette betont. Der charakteristische Kelly-Verschluss ziert die Vorderseite und \u00f6ffnet zu einem luxuri\u00f6sen Innenraum aus goldfarbenem Leder mit offenem Steckfach f\u00fcr Essentials.<\/p>\n<p data-start=\"2341\" data-end=\"2719\">Diese vielseitige Pochette l\u00e4sst sich sowohl als elegante Abendclutch tragen als auch mit einer Herm\u00e8s-Farandole-Kette crossbody oder \u00fcber der Schulter stylen. Als seltenes Sammlerst\u00fcck ist die <strong data-start=\"2535\" data-end=\"2567\">Herm\u00e8s Kelly Pochette Trench<\/strong> ein Symbol f\u00fcr handwerkliche Perfektion, Pariser Raffinesse und bleibenden <strong data-start=\"2643\" data-end=\"2663\">Investitionswert<\/strong> \u2013 ein Highlight f\u00fcr Liebhaber exklusiver Handtaschen.<\/p>\n","protected":false},"featured_media":21561,"template":"","meta":[],"product_brand":[2404],"product_cat":[351,344,346],"product_tag":[2362,2363],"class_list":{"0":"post-21571","1":"product","2":"type-product","3":"status-publish","4":"has-post-thumbnail","6":"product_brand-hermes-de","7":"product_cat-kleine-taschen","8":"product_cat-pochette-de","9":"product_cat-abendtasche","10":"product_tag-hermes-kelly-pochette-de","11":"product_tag-kelly-pochette-gold-de","12":"pa_brand-hermes-de","13":"pa_color-gold-de","14":"pa_grade-grad-1","15":"pa_hermes-models-kelly-de","16":"pa_material-leder","18":"first","19":"outofstock","20":"sold-individually","21":"product-type-simple"},"_links":{"self":[{"href":"https:\/\/handbag-sense.com\/de\/wp-json\/wp\/v2\/product\/21571","targetHints":{"allow":["GET"]}}],"collection":[{"href":"https:\/\/handbag-sense.com\/de\/wp-json\/wp\/v2\/product"}],"about":[{"href":"https:\/\/handbag-sense.com\/de\/wp-json\/wp\/v2\/types\/product"}],"wp:featuredmedia":[{"embeddable":true,"href":"https:\/\/handbag-sense.com\/de\/wp-json\/wp\/v2\/media\/21561"}],"wp:attachment":[{"href":"https:\/\/handbag-sense.com\/de\/wp-json\/wp\/v2\/media?parent=21571"}],"wp:term":[{"taxonomy":"product_brand","embeddable":true,"href":"https:\/\/handbag-sense.com\/de\/wp-json\/wp\/v2\/product_brand?post=21571"},{"taxonomy":"product_cat","embeddable":true,"href":"https:\/\/handbag-sense.com\/de\/wp-json\/wp\/v2\/product_cat?post=21571"},{"taxonomy":"product_tag","embeddable":true,"href":"https:\/\/handbag-sense.com\/de\/wp-json\/wp\/v2\/product_tag?post=21571"}],"curies":[{"name":"wp","href":"https:\/\/api.w.org\/{rel}","templated":true}]}}