{"id":21532,"date":"2025-10-21T14:44:10","date_gmt":"2025-10-21T12:44:10","guid":{"rendered":"https:\/\/handbag-sense.com\/?post_type=product&#038;p=21532"},"modified":"2025-10-29T16:54:24","modified_gmt":"2025-10-29T15:54:24","slug":"thames-pm-handtasche-copy","status":"publish","type":"product","link":"https:\/\/handbag-sense.com\/de\/produkt\/thames-pm-handtasche-copy\/","title":{"rendered":"Monogram Canvas &#038; Schwarzes Leder Victoire Shoulder Bag"},"content":{"rendered":"<div class=\"c-columns-m-1 c-columns-2 c-columns-gap-s\">\n<div><strong>Material:<\/strong> Canvas<br \/>\n<strong>Farbe:<\/strong> Braun<br \/>\n<strong>Metallelemente:<\/strong> Goldfarbene Beschl\u00e4ge<\/div>\n<div><strong>Bewertung:<\/strong> 2 <img decoding=\"async\" class=\"info_box alignnone size-medium wp-image-885\" title=\"Info\" role=\"img\" src=\"https:\/\/handbag-sense.com\/wp-content\/uploads\/2023\/05\/info_icon.svg\" alt=\"info box\" width=\"15\" height=\"15\" \/><br \/>\n<strong>Innenmaterial:<\/strong> Textilfutter<br \/>\n<strong>Gr\u00f6\u00dfe:<\/strong> 18.5cm x 26cm x 8.5cm<\/div>\n<\/div>\n<p><strong>Enth\u00e4lt:<\/strong> Staubbeutel, Box, Rechnung<\/p>\n","protected":false},"excerpt":{"rendered":"<p data-start=\"1205\" data-end=\"1319\"><strong data-start=\"1205\" data-end=\"1317\">Louis Vuitton Monogram Canvas &amp; Schwarzes Leder Victoire Shoulder Bag \u2013 Hervorragender Zustand (2\u00d7 getragen)<\/strong><\/p>\n<p data-start=\"1321\" data-end=\"1583\">Erg\u00e4nzen Sie Ihre Taschensammlung mit der edlen <strong data-start=\"1369\" data-end=\"1408\">Louis Vuitton Victoire Shoulder Bag<\/strong>, gefertigt aus dem ikonischen <strong data-start=\"1439\" data-end=\"1458\">Monogram Canvas<\/strong> und glattem <strong data-start=\"1471\" data-end=\"1490\">schwarzem Leder<\/strong>. Dieses Modell vereint <strong data-start=\"1514\" data-end=\"1560\">Luxus, Funktionalit\u00e4t und zeitlose Eleganz<\/strong> auf h\u00f6chstem Niveau.<\/p>\n<p data-start=\"1585\" data-end=\"1933\">Die Tasche zeichnet sich durch ihre strukturierte Form, goldfarbene Hardware und den typischen LV-Verschluss aus. Der verstellbare Kettenriemen erm\u00f6glicht verschiedene Tragevarianten \u2013 \u00fcber der Schulter oder als Crossbody. Das Innenfutter aus Mikrofaser verf\u00fcgt \u00fcber zwei Hauptf\u00e4cher und ein mittiges Rei\u00dfverschlussfach f\u00fcr optimale Organisation.<\/p>\n<p data-start=\"1935\" data-end=\"2089\"><strong data-start=\"1935\" data-end=\"1947\">Zustand:<\/strong> Hervorragend \u2013 nur zweimal getragen, minimale Kratzer auf der Hardware.<br data-start=\"2019\" data-end=\"2022\" \/><strong data-start=\"2022\" data-end=\"2039\">Lieferumfang:<\/strong> Louis Vuitton Staubbeutel und Originalrechnung.<\/p>\n<p data-start=\"2091\" data-end=\"2216\">Ein luxuri\u00f6ses Accessoire, das jeden Look aufwertet \u2013 die Victoire Bag ist ein begehrtes Must-Have f\u00fcr stilbewusste Frauen.<\/p>\n","protected":false},"featured_media":21465,"template":"","meta":[],"product_brand":[2436],"product_cat":[351,344],"product_tag":[],"class_list":{"0":"post-21532","1":"product","2":"type-product","3":"status-publish","4":"has-post-thumbnail","6":"product_brand-louis-vuitton-de","7":"product_cat-kleine-taschen","8":"product_cat-pochette-de","9":"pa_brand-louis-vuitton-de","10":"pa_color-braun","11":"pa_grade-grad-2","12":"pa_material-leder","13":"pa_material-leinwand","15":"first","16":"outofstock","17":"taxable","18":"shipping-taxable","19":"product-type-simple"},"_links":{"self":[{"href":"https:\/\/handbag-sense.com\/de\/wp-json\/wp\/v2\/product\/21532","targetHints":{"allow":["GET"]}}],"collection":[{"href":"https:\/\/handbag-sense.com\/de\/wp-json\/wp\/v2\/product"}],"about":[{"href":"https:\/\/handbag-sense.com\/de\/wp-json\/wp\/v2\/types\/product"}],"wp:featuredmedia":[{"embeddable":true,"href":"https:\/\/handbag-sense.com\/de\/wp-json\/wp\/v2\/media\/21465"}],"wp:attachment":[{"href":"https:\/\/handbag-sense.com\/de\/wp-json\/wp\/v2\/media?parent=21532"}],"wp:term":[{"taxonomy":"product_brand","embeddable":true,"href":"https:\/\/handbag-sense.com\/de\/wp-json\/wp\/v2\/product_brand?post=21532"},{"taxonomy":"product_cat","embeddable":true,"href":"https:\/\/handbag-sense.com\/de\/wp-json\/wp\/v2\/product_cat?post=21532"},{"taxonomy":"product_tag","embeddable":true,"href":"https:\/\/handbag-sense.com\/de\/wp-json\/wp\/v2\/product_tag?post=21532"}],"curies":[{"name":"wp","href":"https:\/\/api.w.org\/{rel}","templated":true}]}}