{"id":21314,"date":"2025-09-26T17:29:02","date_gmt":"2025-09-26T15:29:02","guid":{"rendered":"https:\/\/handbag-sense.com\/?post_type=product&#038;p=21314"},"modified":"2025-09-26T17:52:50","modified_gmt":"2025-09-26T15:52:50","slug":"louis-vuitton-steamer-mm-tote","status":"publish","type":"product","link":"https:\/\/handbag-sense.com\/de\/produkt\/louis-vuitton-steamer-mm-tote\/","title":{"rendered":"Steamer MM"},"content":{"rendered":"<div class=\"c-columns-m-1 c-columns-2 c-columns-gap-s\">\n<div><strong>Material:<\/strong> Kalbsleder<br \/>\n<strong>Farbe:<\/strong> Galet \/ Grau<br \/>\n<strong>Metallelemente:<\/strong> Gold Metall<\/div>\n<div><strong>Bewertung:<\/strong> 4 <img decoding=\"async\" class=\"info_box alignnone size-medium wp-image-885\" title=\"Info\" role=\"img\" src=\"https:\/\/handbag-sense.com\/wp-content\/uploads\/2023\/05\/info_icon.svg\" alt=\"info box\" width=\"15\" height=\"15\" \/><br \/>\n<strong>Innenmaterial:<\/strong> Leder<br \/>\n<strong>Gr\u00f6\u00dfe:<\/strong> <bdo dir=\"ltr\">31.5 x 27.5 x 15\u00a0<\/bdo>cm<\/div>\n<\/div>\n<p><strong>Enth\u00e4lt:<\/strong> Staubbeutel, Original-Quittung,box<\/p>\n","protected":false},"excerpt":{"rendered":"<p><strong>Louis Vuitton Steamer MM Tote in Galet Grau aus Kalbsleder mit goldfarbener Hardware<\/strong> \u2013 Hervorragender Zustand<br data-start=\"1915\" data-end=\"1918\" \/>Die Steamer MM aus genarbtem Kalbsleder vereint weiche Haptik mit strukturierter Form. Charakteristische Details sind der Drehverschluss mit \u201eV\u201c-Vorh\u00e4ngeschloss sowie goldfarbene Winkelbeschl\u00e4ge zur Weitenregulierung. Mit doppelten Henkeln, abnehmbarem Schulterriemen und Ma\u00dfen von 31,5 \u00d7 27,5 \u00d7 15 cm ist diese Tasche ideal als Business- oder Alltagstasche.<\/p>\n","protected":false},"featured_media":20956,"template":"","meta":[],"product_brand":[2436],"product_cat":[347,351,346],"product_tag":[2331],"class_list":{"0":"post-21314","1":"product","2":"type-product","3":"status-publish","4":"has-post-thumbnail","6":"product_brand-louis-vuitton-de","7":"product_cat-handtasche","8":"product_cat-kleine-taschen","9":"product_cat-abendtasche","10":"product_tag-lv-capucines-mini-de","11":"pa_brand-louis-vuitton-de","12":"pa_color-braun","13":"pa_color-grau","14":"pa_grade-grad-1","15":"pa_material-leder","16":"pa_material-exotisches-leder","18":"first","19":"outofstock","20":"shipping-taxable","21":"product-type-simple"},"_links":{"self":[{"href":"https:\/\/handbag-sense.com\/de\/wp-json\/wp\/v2\/product\/21314","targetHints":{"allow":["GET"]}}],"collection":[{"href":"https:\/\/handbag-sense.com\/de\/wp-json\/wp\/v2\/product"}],"about":[{"href":"https:\/\/handbag-sense.com\/de\/wp-json\/wp\/v2\/types\/product"}],"wp:featuredmedia":[{"embeddable":true,"href":"https:\/\/handbag-sense.com\/de\/wp-json\/wp\/v2\/media\/20956"}],"wp:attachment":[{"href":"https:\/\/handbag-sense.com\/de\/wp-json\/wp\/v2\/media?parent=21314"}],"wp:term":[{"taxonomy":"product_brand","embeddable":true,"href":"https:\/\/handbag-sense.com\/de\/wp-json\/wp\/v2\/product_brand?post=21314"},{"taxonomy":"product_cat","embeddable":true,"href":"https:\/\/handbag-sense.com\/de\/wp-json\/wp\/v2\/product_cat?post=21314"},{"taxonomy":"product_tag","embeddable":true,"href":"https:\/\/handbag-sense.com\/de\/wp-json\/wp\/v2\/product_tag?post=21314"}],"curies":[{"name":"wp","href":"https:\/\/api.w.org\/{rel}","templated":true}]}}