{"id":21311,"date":"2025-09-26T15:55:43","date_gmt":"2025-09-26T13:55:43","guid":{"rendered":"https:\/\/handbag-sense.com\/?post_type=product&#038;p=21311"},"modified":"2025-10-01T16:03:17","modified_gmt":"2025-10-01T14:03:17","slug":"bowling-montaigne-gm-noir-copy","status":"publish","type":"product","link":"https:\/\/handbag-sense.com\/de\/produkt\/bowling-montaigne-gm-noir-copy\/","title":{"rendered":"Vend\u00f4me MM in Schwarz"},"content":{"rendered":"<div class=\"c-columns-m-1 c-columns-2 c-columns-gap-s\">\n<div><strong>Material:<\/strong> Epi Leder<br \/>\n<strong>Farbe:<\/strong> Schwarz<br \/>\n<strong>Metallelemente: <\/strong>Goldener Hardware<\/div>\n<div><strong>Note:<\/strong> 3 <img decoding=\"async\" class=\"info_box alignnone size-medium wp-image-885\" title=\"Info\" role=\"img\" src=\"https:\/\/handbag-sense.com\/wp-content\/uploads\/2023\/05\/info_icon.svg\" alt=\"info box\" width=\"15\" height=\"15\" \/><br \/>\n<strong>Innenmaterial:<\/strong> Textilfutter<br \/>\n<strong>Gr\u00f6\u00dfe: <\/strong><bdo dir=\"ltr\">36 x 29 x 15\u00a0<\/bdo>cm<\/div>\n<\/div>\n<p><strong>Enth\u00e4lt:<\/strong> Staubbeutel, Original-Quittung,box<\/p>\n","protected":false},"excerpt":{"rendered":"<p><strong>Louis Vuitton Vend\u00f4me MM in Schwarz aus Taurillon- und Kalbsleder mit goldfarbenen Beschl\u00e4gen<\/strong> \u2013 Hervorragender Zustand<br data-start=\"459\" data-end=\"462\" \/>Die elegante Vend\u00f4me MM Handtasche verbindet genarbtes Taurillon-Leder mit glattem Kalbsleder und verleiht ihr eine edle Struktur. Goldfarbene Schlie\u00dfen und Beschl\u00e4ge, ein ikonisches H\u00e4ngeschloss sowie das Schl\u00fcsselgl\u00f6ckchen unterstreichen die luxuri\u00f6se \u00c4sthetik. Mit ihren weichen Griffen und dem abnehmbaren, verstellbaren Schulterriemen bietet sie verschiedene Tragem\u00f6glichkeiten.<\/p>\n","protected":false},"featured_media":20974,"template":"","meta":[],"product_brand":[2436],"product_cat":[347,349],"product_tag":[],"class_list":{"0":"post-21311","1":"product","2":"type-product","3":"status-publish","4":"has-post-thumbnail","6":"product_brand-louis-vuitton-de","7":"product_cat-handtasche","8":"product_cat-shopper-de","9":"pa_brand-louis-vuitton-de","10":"pa_color-braun","11":"pa_grade-grad-2","12":"pa_material-leder","13":"pa_material-leinwand","15":"first","16":"outofstock","17":"shipping-taxable","18":"product-type-simple"},"_links":{"self":[{"href":"https:\/\/handbag-sense.com\/de\/wp-json\/wp\/v2\/product\/21311","targetHints":{"allow":["GET"]}}],"collection":[{"href":"https:\/\/handbag-sense.com\/de\/wp-json\/wp\/v2\/product"}],"about":[{"href":"https:\/\/handbag-sense.com\/de\/wp-json\/wp\/v2\/types\/product"}],"wp:featuredmedia":[{"embeddable":true,"href":"https:\/\/handbag-sense.com\/de\/wp-json\/wp\/v2\/media\/20974"}],"wp:attachment":[{"href":"https:\/\/handbag-sense.com\/de\/wp-json\/wp\/v2\/media?parent=21311"}],"wp:term":[{"taxonomy":"product_brand","embeddable":true,"href":"https:\/\/handbag-sense.com\/de\/wp-json\/wp\/v2\/product_brand?post=21311"},{"taxonomy":"product_cat","embeddable":true,"href":"https:\/\/handbag-sense.com\/de\/wp-json\/wp\/v2\/product_cat?post=21311"},{"taxonomy":"product_tag","embeddable":true,"href":"https:\/\/handbag-sense.com\/de\/wp-json\/wp\/v2\/product_tag?post=21311"}],"curies":[{"name":"wp","href":"https:\/\/api.w.org\/{rel}","templated":true}]}}