{"id":21299,"date":"2025-09-26T14:07:16","date_gmt":"2025-09-26T12:07:16","guid":{"rendered":"https:\/\/handbag-sense.com\/?post_type=product&#038;p=21299"},"modified":"2025-09-26T14:40:48","modified_gmt":"2025-09-26T12:40:48","slug":"clutch","status":"publish","type":"product","link":"https:\/\/handbag-sense.com\/de\/produkt\/clutch\/","title":{"rendered":"Clutch Rot"},"content":{"rendered":"<div class=\"c-columns-m-1 c-columns-2 c-columns-gap-s\">\n<div><strong>Material:<\/strong> Kaviar-Leder<br \/>\n<strong>Farbe:<\/strong> Rot<br \/>\n<strong>Metallelemente:<\/strong> silver Hardware<br \/>\n<strong>Inner material:<\/strong> Leder<\/div>\n<div><strong>Bewertung: <\/strong> 5 <img decoding=\"async\" class=\"info_box alignnone size-medium wp-image-885\" title=\"Info\" role=\"img\" src=\"https:\/\/handbag-sense.com\/wp-content\/uploads\/2023\/05\/info_icon.svg\" alt=\"info box\" width=\"15\" height=\"15\" \/><br \/>\n<strong>Baujahr\/Seriennummer:<\/strong> 2012, beginnt mit 169..<br \/>\n<strong>Gr\u00f6\u00dfe:<\/strong> 28 x 15 x 9 cm<\/div>\n<\/div>\n<p>&nbsp;<\/p>\n","protected":false},"excerpt":{"rendered":"<p><strong>Chanel Clutch aus rotem Caviar-Leder<\/strong> \u2013\u00a0 Zustand Gut<br data-start=\"1727\" data-end=\"1730\" \/>Diese elegante Chanel Clutch ist aus strapazierf\u00e4higem rotem Caviar-Leder gefertigt, das f\u00fcr seine luxuri\u00f6se Struktur und Langlebigkeit bekannt ist. Ein zeitloses Abend-Accessoire, das die ikonische Handwerkskunst und den Pariser Stil von Chanel verk\u00f6rpert. Kompakt und dennoch funktional \u2013 perfekt, um Essentials mit Stil bei Dinner, Cocktail oder besonderen Anl\u00e4ssen zu tragen.<\/p>\n","protected":false},"featured_media":21296,"template":"","meta":[],"product_brand":[2417],"product_cat":[351,344],"product_tag":[],"class_list":{"0":"post-21299","1":"product","2":"type-product","3":"status-publish","4":"has-post-thumbnail","6":"product_brand-chanel-de","7":"product_cat-kleine-taschen","8":"product_cat-pochette-de","9":"pa_brand-chanel-de","10":"pa_chanel-models-andere-modelle","11":"pa_color-pink-de","12":"pa_color-rosa-de","13":"pa_grade-grad-2","14":"pa_material-leder","16":"first","17":"instock","18":"shipping-taxable","19":"purchasable","20":"product-type-simple"},"_links":{"self":[{"href":"https:\/\/handbag-sense.com\/de\/wp-json\/wp\/v2\/product\/21299","targetHints":{"allow":["GET"]}}],"collection":[{"href":"https:\/\/handbag-sense.com\/de\/wp-json\/wp\/v2\/product"}],"about":[{"href":"https:\/\/handbag-sense.com\/de\/wp-json\/wp\/v2\/types\/product"}],"wp:featuredmedia":[{"embeddable":true,"href":"https:\/\/handbag-sense.com\/de\/wp-json\/wp\/v2\/media\/21296"}],"wp:attachment":[{"href":"https:\/\/handbag-sense.com\/de\/wp-json\/wp\/v2\/media?parent=21299"}],"wp:term":[{"taxonomy":"product_brand","embeddable":true,"href":"https:\/\/handbag-sense.com\/de\/wp-json\/wp\/v2\/product_brand?post=21299"},{"taxonomy":"product_cat","embeddable":true,"href":"https:\/\/handbag-sense.com\/de\/wp-json\/wp\/v2\/product_cat?post=21299"},{"taxonomy":"product_tag","embeddable":true,"href":"https:\/\/handbag-sense.com\/de\/wp-json\/wp\/v2\/product_tag?post=21299"}],"curies":[{"name":"wp","href":"https:\/\/api.w.org\/{rel}","templated":true}]}}