{"id":20805,"date":"2025-09-10T16:29:05","date_gmt":"2025-09-10T14:29:05","guid":{"rendered":"https:\/\/handbag-sense.com\/?post_type=product&#038;p=20805"},"modified":"2025-09-10T16:52:40","modified_gmt":"2025-09-10T14:52:40","slug":"lady-dior-gros-grau-blau","status":"publish","type":"product","link":"https:\/\/handbag-sense.com\/de\/produkt\/lady-dior-gros-grau-blau\/","title":{"rendered":"Lady Dior Gro\u00df Grau Blau"},"content":{"rendered":"<div class=\"c-columns-m-1 c-columns-2 c-columns-gap-s\">\n<div><strong>Material:<\/strong> Lammfell<br \/>\n<strong>Farbe:<\/strong> Grau Blau<br \/>\n<strong>Metallelemente:<\/strong> goldene Hardware<br \/>\n<strong>Innenmaterial:<\/strong> Textilfutter<\/div>\n<div><strong>Note:<\/strong> 4\u00a0 <img decoding=\"async\" class=\"info_box alignnone size-medium wp-image-885\" title=\"Info\" role=\"img\" src=\"https:\/\/handbag-sense.com\/wp-content\/uploads\/2023\/05\/info_icon.svg\" alt=\"info box\" width=\"15\" height=\"15\" \/><br \/>\n<strong>Seriennummer:<\/strong> OOXMA-1029<br \/>\n<strong>Gr\u00f6\u00dfe:<\/strong> 32 x 25 x 12 cm<\/div>\n<\/div>\n<p><strong>Enth\u00e4lt:<\/strong>\u00a0 Staubbeutel<\/p>\n","protected":false},"excerpt":{"rendered":"<p><strong>Lady Dior Large Grau blau.<\/strong> Diese gro\u00dfe Dior Tasche ist aus Lammleder in Grau Blau Farbe gefertigt und hat einen engen, abnehmbaren Schulterriemen aus Leder, so dass sie in der Hand oder als Umh\u00e4ngetasche getragen werden kann. Das Innere der Tasche besteht aus Stoff und ist in ein Hauptfach mit Rei\u00dfverschlusstasche unterteilt. Die D.I.O.R.-Metallanh\u00e4nger mit Gold-Finish verleihen einen modernen Touch und bestehen aus Metallteilen - von den ikonischen Logo-Tags bis hin zu den F\u00fc\u00dfen und \u00d6sen. Die Tasche kommt in einem sehr guten und gepflegten Zustand. Es gibt einige Kratzer im Leder. Auch die Hardware weist oberfl\u00e4chliche Kratzer auf. Der Staubbeutel und der Gurt sind im Lieferumfang enthalten.<\/p>\n","protected":false},"featured_media":20654,"template":"","meta":[],"product_brand":[2423],"product_cat":[347,349],"product_tag":[],"class_list":{"0":"post-20805","1":"product","2":"type-product","3":"status-publish","4":"has-post-thumbnail","6":"product_brand-dior-de","7":"product_cat-handtasche","8":"product_cat-shopper-de","9":"pa_brand-dior-de","10":"pa_color-rosa-de","11":"pa_grade-grad-3","12":"pa_material-leder","14":"first","15":"outofstock","16":"shipping-taxable","17":"product-type-simple"},"_links":{"self":[{"href":"https:\/\/handbag-sense.com\/de\/wp-json\/wp\/v2\/product\/20805","targetHints":{"allow":["GET"]}}],"collection":[{"href":"https:\/\/handbag-sense.com\/de\/wp-json\/wp\/v2\/product"}],"about":[{"href":"https:\/\/handbag-sense.com\/de\/wp-json\/wp\/v2\/types\/product"}],"wp:featuredmedia":[{"embeddable":true,"href":"https:\/\/handbag-sense.com\/de\/wp-json\/wp\/v2\/media\/20654"}],"wp:attachment":[{"href":"https:\/\/handbag-sense.com\/de\/wp-json\/wp\/v2\/media?parent=20805"}],"wp:term":[{"taxonomy":"product_brand","embeddable":true,"href":"https:\/\/handbag-sense.com\/de\/wp-json\/wp\/v2\/product_brand?post=20805"},{"taxonomy":"product_cat","embeddable":true,"href":"https:\/\/handbag-sense.com\/de\/wp-json\/wp\/v2\/product_cat?post=20805"},{"taxonomy":"product_tag","embeddable":true,"href":"https:\/\/handbag-sense.com\/de\/wp-json\/wp\/v2\/product_tag?post=20805"}],"curies":[{"name":"wp","href":"https:\/\/api.w.org\/{rel}","templated":true}]}}