{"id":20585,"date":"2025-08-20T17:07:19","date_gmt":"2025-08-20T15:07:19","guid":{"rendered":"https:\/\/handbag-sense.com\/?post_type=product&#038;p=20585"},"modified":"2025-08-20T17:19:30","modified_gmt":"2025-08-20T15:19:30","slug":"hermes-kelly-25-togo-etoupe","status":"publish","type":"product","link":"https:\/\/handbag-sense.com\/de\/produkt\/hermes-kelly-25-togo-etoupe\/","title":{"rendered":"Kelly 25 Togo Etoupe Palladium Hardware"},"content":{"rendered":"<div class=\"c-columns-m-1 c-columns-2 c-columns-gap-s\">\n<div><strong>Material:<\/strong> Togo Leder<br \/>\n<strong>Farbe:<\/strong> Etoupe<br \/>\n<strong>Metallelemente:<\/strong> Palladium Hardware<br \/>\n<strong>Innenmaterial:<\/strong> Leder<\/div>\n<div><strong>Grad: <\/strong> 1 <img decoding=\"async\" class=\"info_box alignnone size-medium wp-image-885\" title=\"Info\" role=\"img\" src=\"https:\/\/handbag-sense.com\/wp-content\/uploads\/2023\/05\/info_icon.svg\" alt=\"info box\" width=\"15\" height=\"15\" \/><br \/>\n<strong>Jahresstempel:<\/strong> 2025 \/ W<br \/>\n<strong>Gr\u00f6\u00dfe:<\/strong> 25 x 19 x 9 cm<br \/>\n<strong>Versand:<\/strong> Weltweit<\/div>\n<\/div>\n<p><strong>Enth\u00e4lt:<\/strong> Originalquittung, Staubbeutel, Gurt, Clochette, Schloss, Schl\u00fcssel, Filz, Booklet, Box<\/p>\n","protected":false},"excerpt":{"rendered":"<p><strong>Herm\u00e8s Kelly 25 Togo Etoupe mit Palladium Hardware - neu, 2025.<\/strong><\/p>\n<p>Die <strong>Herm\u00e8s Kelly 25 Retourne<\/strong> in Togo Etoupe mit Palladium-Hardware ist ein zeitloses Meisterwerk. Diese handgefertigte Tasche aus luxuri\u00f6sem Togo-Leder im ikonischen Etoupe-Ton wird durch elegante Palladium-Beschl\u00e4ge akzentuiert. Es enth\u00e4lt s\u00e4mtliches Originalzubeh\u00f6r: Clochette, Schloss, zwei Schl\u00fcssel, den originalen Schultergurt, die Box und die Kaufrechnung 2025. Durch ihr vielseitiges Design l\u00e4sst sie sich stilvoll als Crossbody tragen und eignet sich somit perfekt f\u00fcr verschiedene Anl\u00e4sse. Der Kelly ist in brandneuem und ungetragenem Zustand und mit dem Jahresstempel W versehen. Die <strong>Kelly 25 Etoupe<\/strong> ist mehr als ein Accessoire \u2013 sie ist eine lebenslange Investition in Eleganz und Stil.<\/p>\n","protected":false},"featured_media":20472,"template":"","meta":[],"product_brand":[2404],"product_cat":[347],"product_tag":[1569,2329],"class_list":{"0":"post-20585","1":"product","2":"type-product","3":"status-publish","4":"has-post-thumbnail","6":"product_brand-hermes-de","7":"product_cat-handtasche","8":"product_tag-hermes-kelly-25","9":"product_tag-kelly-25-etoupe-de","10":"pa_brand-hermes-de","11":"pa_color-taupe-de","12":"pa_grade-grad-1","13":"pa_hermes-models-kelly-de","14":"pa_material-leder","16":"first","17":"outofstock","18":"shipping-taxable","19":"product-type-simple"},"_links":{"self":[{"href":"https:\/\/handbag-sense.com\/de\/wp-json\/wp\/v2\/product\/20585","targetHints":{"allow":["GET"]}}],"collection":[{"href":"https:\/\/handbag-sense.com\/de\/wp-json\/wp\/v2\/product"}],"about":[{"href":"https:\/\/handbag-sense.com\/de\/wp-json\/wp\/v2\/types\/product"}],"wp:featuredmedia":[{"embeddable":true,"href":"https:\/\/handbag-sense.com\/de\/wp-json\/wp\/v2\/media\/20472"}],"wp:attachment":[{"href":"https:\/\/handbag-sense.com\/de\/wp-json\/wp\/v2\/media?parent=20585"}],"wp:term":[{"taxonomy":"product_brand","embeddable":true,"href":"https:\/\/handbag-sense.com\/de\/wp-json\/wp\/v2\/product_brand?post=20585"},{"taxonomy":"product_cat","embeddable":true,"href":"https:\/\/handbag-sense.com\/de\/wp-json\/wp\/v2\/product_cat?post=20585"},{"taxonomy":"product_tag","embeddable":true,"href":"https:\/\/handbag-sense.com\/de\/wp-json\/wp\/v2\/product_tag?post=20585"}],"curies":[{"name":"wp","href":"https:\/\/api.w.org\/{rel}","templated":true}]}}