{"id":2057,"date":"2023-09-23T18:08:50","date_gmt":"2023-09-23T16:08:50","guid":{"rendered":"https:\/\/handbag-sense.com\/?post_type=product&#038;p=2057"},"modified":"2025-05-06T11:58:35","modified_gmt":"2025-05-06T09:58:35","slug":"hermes-kelly-28-epsom-etoupe-gold-hardware","status":"publish","type":"product","link":"https:\/\/handbag-sense.com\/de\/produkt\/hermes-kelly-28-epsom-etoupe-gold-hardware\/","title":{"rendered":"Kelly 28 Epsom Etoupe"},"content":{"rendered":"<div class=\"c-columns-m-1 c-columns-2 c-columns-gap-s\">\n<div><strong>Material:<\/strong> Epsom Leder<br \/>\n<strong>Farbe:<\/strong> Etoupe<br \/>\n<strong>Metallelemente:<\/strong> Goldene Hardware<br \/>\n<strong>Innenmaterial:<\/strong> Leder<\/div>\n<div><strong>Grad:<\/strong> 1 <img decoding=\"async\" class=\"info_box alignnone size-medium wp-image-885\" title=\"Info\" role=\"img\" src=\"https:\/\/handbag-sense.com\/wp-content\/uploads\/2023\/05\/info_icon.svg\" alt=\"info box\" width=\"15\" height=\"15\" \/><br \/>\n<strong>Produktionsjahr\/Jahresstempel:<\/strong> 2023\/B<br \/>\n<strong>Gr\u00f6\u00dfe:<\/strong> 28 x 22 x 10 cm<br \/>\n<strong>Versand:<\/strong> Weltweit<\/div>\n<\/div>\n<p><strong>Beinhaltet:<\/strong> Originalrechnung, Staubbeutel, Schulterriemen, Clochette, Schloss, Schl\u00fcssel, Filz, Regenschutz, Booklet, Box<\/p>\n","protected":false},"excerpt":{"rendered":"<p>Herm\u00e8s Kelly 28 Sellier Epsom Etoupe Gold Hardware. Diese stylische Kelly Tasche ist in der Farbe Etoupe aus strapazierf\u00e4higem Epsom Leder mit Gold Hardware. Mit dabei sind ein Schloss, zwei Schl\u00fcssel, der originale Tragegurt, der originale Staubbeutel, die Herm\u00e8s Box und die Originalrechnung aus dem Jahr 2023. Sie kann auch wunderbar als Crossbody getragen werden. Die Kelly bag aus dem Hause Herm\u00e8s gilt als absolute Ikone unter den Handtaschen und steht seit Jahrzehnten f\u00fcr Eleganz und Klasse. Die Kelly 28 Sellier Epsom Etoupe Tasche ist brandneu und nie getragen, hat Stempel B.<\/p>\n","protected":false},"featured_media":2052,"template":"","meta":[],"product_brand":[2404],"product_cat":[347],"product_tag":[],"class_list":{"0":"post-2057","1":"product","2":"type-product","3":"status-publish","4":"has-post-thumbnail","6":"product_brand-hermes-de","7":"product_cat-handtasche","8":"pa_brand-hermes-de","9":"pa_color-taupe-de","10":"pa_grade-grad-1","11":"pa_hermes-models-kelly-de","12":"pa_material-leder","14":"first","15":"outofstock","16":"shipping-taxable","17":"product-type-simple"},"_links":{"self":[{"href":"https:\/\/handbag-sense.com\/de\/wp-json\/wp\/v2\/product\/2057","targetHints":{"allow":["GET"]}}],"collection":[{"href":"https:\/\/handbag-sense.com\/de\/wp-json\/wp\/v2\/product"}],"about":[{"href":"https:\/\/handbag-sense.com\/de\/wp-json\/wp\/v2\/types\/product"}],"wp:featuredmedia":[{"embeddable":true,"href":"https:\/\/handbag-sense.com\/de\/wp-json\/wp\/v2\/media\/2052"}],"wp:attachment":[{"href":"https:\/\/handbag-sense.com\/de\/wp-json\/wp\/v2\/media?parent=2057"}],"wp:term":[{"taxonomy":"product_brand","embeddable":true,"href":"https:\/\/handbag-sense.com\/de\/wp-json\/wp\/v2\/product_brand?post=2057"},{"taxonomy":"product_cat","embeddable":true,"href":"https:\/\/handbag-sense.com\/de\/wp-json\/wp\/v2\/product_cat?post=2057"},{"taxonomy":"product_tag","embeddable":true,"href":"https:\/\/handbag-sense.com\/de\/wp-json\/wp\/v2\/product_tag?post=2057"}],"curies":[{"name":"wp","href":"https:\/\/api.w.org\/{rel}","templated":true}]}}