{"id":2055,"date":"2023-09-23T17:45:40","date_gmt":"2023-09-23T15:45:40","guid":{"rendered":"https:\/\/handbag-sense.com\/?post_type=product&#038;p=2055"},"modified":"2025-05-06T11:58:37","modified_gmt":"2025-05-06T09:58:37","slug":"hermes-herbag-31-lime-ecru-beige-natural","status":"publish","type":"product","link":"https:\/\/handbag-sense.com\/de\/produkt\/hermes-herbag-31-lime-ecru-beige-natural\/","title":{"rendered":"Herbag 31 Lime Ecru Beige Natural"},"content":{"rendered":"<div class=\"c-columns-m-1 c-columns-2 c-columns-gap-s\">\n<div><strong>Material:<\/strong> Stoff\/Leder<br \/>\n<strong>Farbe:<\/strong> Lime \/ Ecru \/ Naturel<br \/>\n<strong>Metallelemente:<\/strong> Silberne Hardware<br \/>\n<strong>Innenmaterial:<\/strong> Stoff<\/div>\n<div><strong>Grad:<\/strong> 1 <img decoding=\"async\" class=\"info_box alignnone size-medium wp-image-885\" title=\"Info\" role=\"img\" src=\"https:\/\/handbag-sense.com\/wp-content\/uploads\/2023\/05\/info_icon.svg\" alt=\"info box\" width=\"15\" height=\"15\" \/><br \/>\n<strong>Produktionsjahr\/Jahresstempel:<\/strong> 2017\/A<br \/>\n<strong>Gr\u00f6\u00dfe:<\/strong> 31 x 25 x 10 cm<br \/>\n<strong>Versand:<\/strong> Weltweit<\/p>\n<div><\/div>\n<div><strong>Condition:<\/strong> Used<\/div>\n<\/div>\n<\/div>\n<p><strong>Beinhaltet:<\/strong> Originalrechnung, Staubbeutel, Clochette, Schloss, Schl\u00fcssel, Filz, Box<\/p>\n","protected":false},"excerpt":{"rendered":"<p>Diese\u00a0<strong>Herbag Tasche<\/strong>\u00a0in der Farbe Lime \/ Ecru \/ Beige \/ Natural\u00a0<strong>aus Toile Canvas und Rindsleder<\/strong>\u00a0mit silberner Hardware wurde im Jahr 2017 hergestellt. Die Herbag hat einen Verschluss in der Mitte vorne, eine herausnehmbare flache Innentasche mit Rei\u00dfverschluss, Rei\u00dfverschlusstasche auf der R\u00fcckseite, umlegbarer Tragegriff und Schulterriemen.<br \/>\nSie kann in der Hand oder \u00fcber den Schulter getragen werden. Die Tasche ist im ungetragenen Zustand, wird mit Staubbeutel und in der Herm\u00e8s-Box geliefert.<\/p>\n","protected":false},"featured_media":2038,"template":"","meta":[],"product_brand":[2404],"product_cat":[347],"product_tag":[],"class_list":{"0":"post-2055","1":"product","2":"type-product","3":"status-publish","4":"has-post-thumbnail","6":"product_brand-hermes-de","7":"product_cat-handtasche","8":"pa_brand-hermes-de","9":"pa_color-beige-de","10":"pa_color-braun","11":"pa_color-gelb","12":"pa_grade-grad-1","13":"pa_hermes-models-herbag-de","14":"pa_material-leder","15":"pa_material-stoff","17":"first","18":"instock","19":"shipping-taxable","20":"purchasable","21":"product-type-simple"},"_links":{"self":[{"href":"https:\/\/handbag-sense.com\/de\/wp-json\/wp\/v2\/product\/2055","targetHints":{"allow":["GET"]}}],"collection":[{"href":"https:\/\/handbag-sense.com\/de\/wp-json\/wp\/v2\/product"}],"about":[{"href":"https:\/\/handbag-sense.com\/de\/wp-json\/wp\/v2\/types\/product"}],"wp:featuredmedia":[{"embeddable":true,"href":"https:\/\/handbag-sense.com\/de\/wp-json\/wp\/v2\/media\/2038"}],"wp:attachment":[{"href":"https:\/\/handbag-sense.com\/de\/wp-json\/wp\/v2\/media?parent=2055"}],"wp:term":[{"taxonomy":"product_brand","embeddable":true,"href":"https:\/\/handbag-sense.com\/de\/wp-json\/wp\/v2\/product_brand?post=2055"},{"taxonomy":"product_cat","embeddable":true,"href":"https:\/\/handbag-sense.com\/de\/wp-json\/wp\/v2\/product_cat?post=2055"},{"taxonomy":"product_tag","embeddable":true,"href":"https:\/\/handbag-sense.com\/de\/wp-json\/wp\/v2\/product_tag?post=2055"}],"curies":[{"name":"wp","href":"https:\/\/api.w.org\/{rel}","templated":true}]}}