{"id":20387,"date":"2025-08-01T17:03:10","date_gmt":"2025-08-01T15:03:10","guid":{"rendered":"https:\/\/handbag-sense.com\/?post_type=product&#038;p=20387"},"modified":"2025-12-07T13:30:31","modified_gmt":"2025-12-07T12:30:31","slug":"hermes-kelly-28-krokodil-porosus-vert","status":"publish","type":"product","link":"https:\/\/handbag-sense.com\/de\/produkt\/hermes-kelly-28-krokodil-porosus-vert\/","title":{"rendered":"Kelly 28 Krokodil Porosus Vert D\u2019Eau"},"content":{"rendered":"<div class=\"c-columns-m-1 c-columns-2 c-columns-gap-s\">\n<div><strong>Material:<\/strong> Krokodil Porosus<br \/>\n<strong>Farbe:<\/strong> Vert D\u2019Eau<br \/>\n<strong>Metallelemente:<\/strong> Gold Hardware<br \/>\n<strong>Innenmaterial:<\/strong> Leder<\/div>\n<div><strong>Grad:<\/strong> 1 <img decoding=\"async\" class=\"info_box alignnone size-medium wp-image-885\" title=\"Info\" role=\"img\" src=\"https:\/\/handbag-sense.com\/wp-content\/uploads\/2023\/05\/info_icon.svg\" alt=\"info box\" width=\"15\" height=\"15\" \/><br \/>\n<strong>Jahresstempel:<\/strong> 2022 \/ U<br \/>\n<strong>Gr\u00f6\u00dfe:<\/strong> 28 x 20 x 10 cm<br \/>\n<strong>Versand:<\/strong> Weltweit<\/div>\n<\/div>\n<p><strong>Beinhaltet:<\/strong> Originalrechnung, Cites-Zertifikat, Schutzbeutel, Gurt, Clochette, Schloss, Schl\u00fcssel, Regenmantel, Filz, Booklet, Box<\/p>\n","protected":false},"excerpt":{"rendered":"<p data-start=\"216\" data-end=\"346\"><strong data-start=\"225\" data-end=\"346\">Herm\u00e8s Kelly 28 Krokodil Porosus Vert D\u2019Eau mit goldener Hardware \u2013 Neu &amp; ungetragen<\/strong><\/p>\n<p data-start=\"348\" data-end=\"793\">Diese exklusive <strong data-start=\"364\" data-end=\"393\">Herm\u00e8s Kelly 28 Krokodil<\/strong> <strong data-start=\"397\" data-end=\"430\">Porosus matt<\/strong>\u00a0in der Farbe <strong data-start=\"444\" data-end=\"458\">Vert D\u2019Eau<\/strong> (Retourne-Stil) wurde im Jahr 2022 handgefertigt und befindet sich in neuem, ungetragenem Zustand. Veredelt mit goldener Hardware, kommt sie mit Originalrechnung, CITES-Zertifikat, Schulterriemen, Clochette, Schloss mit zwei Schl\u00fcsseln, Herm\u00e8s-Staubbeutel und der ikonischen orangefarbenen Box.<\/p>\n<p data-start=\"795\" data-end=\"1182\">Tauchen Sie ein in die Welt der Haute Couture mit dieser seltenen <strong data-start=\"861\" data-end=\"898\">Herm\u00e8s Kelly 28 Vert D\u2019Eau<\/strong>\u00a0\u2013 ein wahres Meisterst\u00fcck f\u00fcr anspruchsvolle Sammler. Das feinporige <strong data-start=\"968\" data-end=\"995\">Krokodil Porosus-Leder<\/strong> in der Nuance <strong data-start=\"1010\" data-end=\"1024\">Vert D\u2019Eau<\/strong> verleiht der Tasche eine edle, sanft mintgr\u00fcne Farbwirkung. Die <strong data-start=\"1089\" data-end=\"1109\">goldene Hardware<\/strong> bildet einen luxuri\u00f6sen Kontrast und unterstreicht das exklusive Design.<\/p>\n<p data-start=\"1184\" data-end=\"1421\">Die klassische <strong data-start=\"1199\" data-end=\"1216\">Retourne-Form<\/strong> sorgt f\u00fcr eine geschmeidige, elegante Silhouette mit Struktur. Dank des abnehmbaren Riemens l\u00e4sst sich diese Kelly stilvoll als Crossbody tragen \u2013 perfekt f\u00fcr besondere Anl\u00e4sse oder elegante Alltagslooks.<\/p>\n<p data-start=\"1423\" data-end=\"1657\">Diese <strong data-start=\"1429\" data-end=\"1457\">Sammlertasche von Herm\u00e8s<\/strong> kombiniert h\u00f6chste Handwerkskunst, Luxus und Funktionalit\u00e4t. Sie ist nicht nur ein stilvolles Accessoire, sondern auch eine lohnende Investition f\u00fcr alle, die zeitlose Eleganz und Rarit\u00e4ten sch\u00e4tzen.<\/p>\n","protected":false},"featured_media":20425,"template":"","meta":[],"product_brand":[2404],"product_cat":[347,351,346],"product_tag":[2498],"class_list":{"0":"post-20387","1":"product","2":"type-product","3":"status-publish","4":"has-post-thumbnail","6":"product_brand-hermes-de","7":"product_cat-handtasche","8":"product_cat-kleine-taschen","9":"product_cat-abendtasche","10":"product_tag-kelly-28-vert-deau-de","11":"pa_brand-hermes-de","12":"pa_color-gruen","13":"pa_grade-grad-1","14":"pa_hermes-models-kelly-de","15":"pa_material-leder","16":"pa_material-exotisches-leder","18":"first","19":"instock","20":"shipping-taxable","21":"purchasable","22":"product-type-simple"},"_links":{"self":[{"href":"https:\/\/handbag-sense.com\/de\/wp-json\/wp\/v2\/product\/20387","targetHints":{"allow":["GET"]}}],"collection":[{"href":"https:\/\/handbag-sense.com\/de\/wp-json\/wp\/v2\/product"}],"about":[{"href":"https:\/\/handbag-sense.com\/de\/wp-json\/wp\/v2\/types\/product"}],"wp:featuredmedia":[{"embeddable":true,"href":"https:\/\/handbag-sense.com\/de\/wp-json\/wp\/v2\/media\/20425"}],"wp:attachment":[{"href":"https:\/\/handbag-sense.com\/de\/wp-json\/wp\/v2\/media?parent=20387"}],"wp:term":[{"taxonomy":"product_brand","embeddable":true,"href":"https:\/\/handbag-sense.com\/de\/wp-json\/wp\/v2\/product_brand?post=20387"},{"taxonomy":"product_cat","embeddable":true,"href":"https:\/\/handbag-sense.com\/de\/wp-json\/wp\/v2\/product_cat?post=20387"},{"taxonomy":"product_tag","embeddable":true,"href":"https:\/\/handbag-sense.com\/de\/wp-json\/wp\/v2\/product_tag?post=20387"}],"curies":[{"name":"wp","href":"https:\/\/api.w.org\/{rel}","templated":true}]}}