{"id":20326,"date":"2025-07-25T17:01:30","date_gmt":"2025-07-25T15:01:30","guid":{"rendered":"https:\/\/handbag-sense.com\/?post_type=product&#038;p=20326"},"modified":"2025-08-12T17:46:48","modified_gmt":"2025-08-12T15:46:48","slug":"hermes-birkin-30-sellier-gold-epsom","status":"publish","type":"product","link":"https:\/\/handbag-sense.com\/de\/produkt\/hermes-birkin-30-sellier-gold-epsom\/","title":{"rendered":"Birkin 30 Sellier Gold Epsom"},"content":{"rendered":"<div class=\"c-columns-m-1 c-columns-2 c-columns-gap-s\">\n<div><strong>Material:<\/strong> Epsom Leder<br \/>\n<strong>Farbe:<\/strong> Gold<br \/>\n<strong>Metallelemente:<\/strong> Gold Hardware<br \/>\n<strong>Innenmaterial:<\/strong> Leder<\/div>\n<div><strong>Grad: <\/strong> 1 <img decoding=\"async\" class=\"info_box alignnone size-medium wp-image-885\" title=\"Info\" role=\"img\" src=\"https:\/\/handbag-sense.com\/wp-content\/uploads\/2023\/05\/info_icon.svg\" alt=\"info box\" width=\"15\" height=\"15\" \/><br \/>\n<strong>Produktionsjahr \/ Stempel:<\/strong> 2024 \/ W<br \/>\n<strong>Gr\u00f6\u00dfe:<\/strong> 30 x 22 x 16 cm<br \/>\n<strong>Versand:<\/strong> Weltweit<\/div>\n<\/div>\n<p><strong>Beinhaltet:<\/strong> Originalrechnung, Staubbeutel, Clochette, Schloss, Schl\u00fcssel, Filz, Booklet, Box<\/p>\n","protected":false},"excerpt":{"rendered":"<p data-start=\"169\" data-end=\"274\"><strong data-start=\"178\" data-end=\"274\">Herm\u00e8s Birkin 30 Sellier Gold Epsom mit goldener Hardware \u2013 Neu &amp; ungetragen (Jahresstempel W)<\/strong><\/p>\n<p data-start=\"276\" data-end=\"671\">Diese au\u00dfergew\u00f6hnliche <strong data-start=\"299\" data-end=\"327\">Herm\u00e8s Birkin 30 Sellier<\/strong> ist aus strukturiertem <strong data-start=\"351\" data-end=\"366\">Epsom-Leder<\/strong> im klassischen Farbton <strong data-start=\"390\" data-end=\"398\">Gold <\/strong>gefertigt und mit gl\u00e4nzender <strong data-start=\"428\" data-end=\"449\">goldener Hardware<\/strong> versehen. Mit einer Gr\u00f6\u00dfe von 30 cm und der festen Sellier-Konstruktion pr\u00e4sentiert sich dieses Modell in <strong data-start=\"556\" data-end=\"579\">neuem Zustand<\/strong>. Die originale Herm\u00e8s-Rechnung von <strong data-start=\"615\" data-end=\"623\">2024<\/strong> liegt bei \u2013 ein echtes Sammlerst\u00fcck f\u00fcr Kenner.<\/p>\n<p data-start=\"678\" data-end=\"1025\">Die <strong data-start=\"682\" data-end=\"703\">Birkin 30 Sellier<\/strong> steht f\u00fcr h\u00f6chste Handwerkskunst, strukturiertes Design und luxuri\u00f6se Materialien. Das fein genarbte Epsom-Leder sorgt f\u00fcr eine elegante Silhouette mit hervorragender Formbest\u00e4ndigkeit. Die warme Farbe Gold harmoniert perfekt mit den goldfarbenen Metallakzenten und verleiht der Tasche einen besonders edlen Ausdruck.<\/p>\n<p data-start=\"1027\" data-end=\"1224\">Zum Lieferumfang geh\u00f6ren: Clochette, Schloss mit zwei Schl\u00fcsseln, der originale Herm\u00e8s-Staubbeutel und die ikonische orangefarbene Box \u2013 ideal zur Aufbewahrung oder als exklusives Geschenk.<\/p>\n<p data-start=\"1226\" data-end=\"1520\">Dank ihrer praktischen Gr\u00f6\u00dfe ist die <strong>Birkin 30<\/strong> sowohl alltagstauglich als auch abendtauglich \u2013 perfekt f\u00fcr Business-Outfits oder stilvolle Auftritte. Diese Tasche ist nicht nur ein modisches Statement, sondern auch ein echtes Investment-Piece, das seinen Wert \u00fcber Jahre hinweg bewahrt.<\/p>\n<p data-start=\"1522\" data-end=\"1701\">Mit ihrer zeitlosen Eleganz, makellosen Verarbeitung und vollst\u00e4ndigem Zubeh\u00f6r ist die <strong>Herm\u00e8s Birkin 30 Gold<\/strong> Selliereine luxuri\u00f6se Erg\u00e4nzung f\u00fcr jede anspruchsvolle Sammlung.<\/p>\n","protected":false},"featured_media":20298,"template":"","meta":[],"product_brand":[2404],"product_cat":[347],"product_tag":[1433,2065],"class_list":{"0":"post-20326","1":"product","2":"type-product","3":"status-publish","4":"has-post-thumbnail","6":"product_brand-hermes-de","7":"product_cat-handtasche","8":"product_tag-birkin-30-gold-de","9":"product_tag-hermes-birkin-sellier-de","10":"pa_brand-hermes-de","11":"pa_color-gold-de","12":"pa_grade-grad-1","13":"pa_hermes-models-birkin-de","14":"pa_material-leder","16":"first","17":"outofstock","18":"shipping-taxable","19":"product-type-simple"},"_links":{"self":[{"href":"https:\/\/handbag-sense.com\/de\/wp-json\/wp\/v2\/product\/20326","targetHints":{"allow":["GET"]}}],"collection":[{"href":"https:\/\/handbag-sense.com\/de\/wp-json\/wp\/v2\/product"}],"about":[{"href":"https:\/\/handbag-sense.com\/de\/wp-json\/wp\/v2\/types\/product"}],"wp:featuredmedia":[{"embeddable":true,"href":"https:\/\/handbag-sense.com\/de\/wp-json\/wp\/v2\/media\/20298"}],"wp:attachment":[{"href":"https:\/\/handbag-sense.com\/de\/wp-json\/wp\/v2\/media?parent=20326"}],"wp:term":[{"taxonomy":"product_brand","embeddable":true,"href":"https:\/\/handbag-sense.com\/de\/wp-json\/wp\/v2\/product_brand?post=20326"},{"taxonomy":"product_cat","embeddable":true,"href":"https:\/\/handbag-sense.com\/de\/wp-json\/wp\/v2\/product_cat?post=20326"},{"taxonomy":"product_tag","embeddable":true,"href":"https:\/\/handbag-sense.com\/de\/wp-json\/wp\/v2\/product_tag?post=20326"}],"curies":[{"name":"wp","href":"https:\/\/api.w.org\/{rel}","templated":true}]}}