{"id":20148,"date":"2025-07-15T18:31:07","date_gmt":"2025-07-15T16:31:07","guid":{"rendered":"https:\/\/handbag-sense.com\/?post_type=product&#038;p=20148"},"modified":"2026-01-29T17:42:10","modified_gmt":"2026-01-29T16:42:10","slug":"hermes-birkin-30-epsom-vert-amande","status":"publish","type":"product","link":"https:\/\/handbag-sense.com\/de\/produkt\/hermes-birkin-30-epsom-vert-amande\/","title":{"rendered":"Birkin 30 Epsom Vert Amande. Reserviert"},"content":{"rendered":"<div class=\"c-columns-m-1 c-columns-2 c-columns-gap-s\">\n<div><strong>Material:<\/strong> Epsom Leder<br \/>\n<strong>Farbe:<\/strong> Vert Amande<br \/>\n<strong>Metallelemente:<\/strong> Gold Hardware<br \/>\n<strong>Innenmaterial:<\/strong> Leder<\/div>\n<div><strong>Grad: <\/strong> 1 <img decoding=\"async\" class=\"info_box alignnone size-medium wp-image-885\" title=\"Info\" role=\"img\" src=\"https:\/\/handbag-sense.com\/wp-content\/uploads\/2023\/05\/info_icon.svg\" alt=\"info box\" width=\"15\" height=\"15\" \/><br \/>\n<strong>Jahresstempel:<\/strong> 2021 \/ Z<br \/>\n<strong>Gr\u00f6\u00dfe:<\/strong> 25 x 20 x 13 cm<br \/>\n<strong>Versand:<\/strong> Weltweit<\/div>\n<\/div>\n<p><strong>Enth\u00e4lt:<\/strong> Originalrechnung, Staubbeutel, Clochette, Schloss, Schl\u00fcssel, Filz, Heft, Regenschutz, Box<\/p>\n","protected":false},"excerpt":{"rendered":"<p data-start=\"144\" data-end=\"237\"><strong data-start=\"153\" data-end=\"237\">Herm\u00e8s Birkin 30 Epsom Vert Amande mit goldener Hardware \u2013 Neu (Jahresstempel Z, 2021)<\/strong><\/p>\n<p data-start=\"239\" data-end=\"700\">Diese wundersch\u00f6ne <strong data-start=\"260\" data-end=\"280\">Herm\u00e8s Birkin 30<\/strong> wurde aus <strong data-start=\"300\" data-end=\"315\">Epsom-Leder<\/strong> in der seltenen Farbe <strong data-start=\"339\" data-end=\"354\">Vert Amande <\/strong>handgefertigt und mit gl\u00e4nzender <strong data-start=\"388\" data-end=\"409\">goldener Hardware<\/strong> veredelt. Das 30\u202fcm Modell tr\u00e4gt den Jahresstempel Z und befindet sich in neuem, ungetragenem Zustand. Zum Lieferumfang geh\u00f6ren: Originalrechnung von Herm\u00e8s aus 2021, Clochette, Schloss mit zwei Schl\u00fcsseln, Herm\u00e8s-Staubbeutel, Regenschutz und die ikonische orangefarbene Box.<\/p>\n<p data-start=\"702\" data-end=\"1054\">Die <strong data-start=\"706\" data-end=\"731\">Birkin 30 Vert Amande<\/strong> steht f\u00fcr zeitlose Eleganz und ist bei Sammlerinnen luxuri\u00f6ser Handtaschen hoch gesch\u00e4tzt. Das widerstandsf\u00e4hige Epsom-Leder mit feiner Struktur bewahrt \u00fcber viele Jahre seine Form. Der seltene Gr\u00fcngrauton Vert Amande verleiht der Tasche eine frische, feminine Note und macht sie zum besonderen Highlight jeder Kollektion.<\/p>\n<p data-start=\"1056\" data-end=\"1335\">Die polierte Hardware in Gold betont den weichen Farbton und sorgt f\u00fcr eine edle, leuchtende Ausstrahlung. Mit ihrem gro\u00dfz\u00fcgigen Innenraum und dem sicheren Riemenverschluss eignet sich diese Tasche ideal f\u00fcr den Alltag \u2013 sei es f\u00fcr Tablet, Notizbuch oder pers\u00f6nliche Accessoires.<\/p>\n<p data-start=\"1337\" data-end=\"1662\">In makellosem Zustand und mit vollst\u00e4ndigem Zubeh\u00f6r ist diese Tasche besonders attraktiv f\u00fcr Sammlerinnen, die eine werthaltige Investition suchen. Ob zum Business-Outfit oder als stilvoller Akzent f\u00fcr den Abend \u2013 die Herm\u00e8s Birkin Vert Amande ist mehr als nur ein Accessoire: Sie ist ein Statement f\u00fcr Stil und Exklusivit\u00e4t.<\/p>\n<p data-start=\"1664\" data-end=\"1758\">Ein wahres Meisterwerk von <strong data-start=\"1691\" data-end=\"1701\">Herm\u00e8s<\/strong>, das in keiner luxuri\u00f6sen Taschensammlung fehlen sollte.<\/p>\n","protected":false},"featured_media":20329,"template":"","meta":[],"product_brand":[2404],"product_cat":[347],"product_tag":[2479,1412],"class_list":{"0":"post-20148","1":"product","2":"type-product","3":"status-publish","4":"has-post-thumbnail","6":"product_brand-hermes-de","7":"product_cat-handtasche","8":"product_tag-birkin-30-vert-amande-de","9":"product_tag-hermes-birkin-30-de","10":"pa_brand-hermes-de","11":"pa_color-gruen","12":"pa_color-grau","13":"pa_grade-grad-1","14":"pa_hermes-models-birkin-de","15":"pa_material-leder","17":"first","18":"outofstock","19":"shipping-taxable","20":"product-type-simple"},"_links":{"self":[{"href":"https:\/\/handbag-sense.com\/de\/wp-json\/wp\/v2\/product\/20148","targetHints":{"allow":["GET"]}}],"collection":[{"href":"https:\/\/handbag-sense.com\/de\/wp-json\/wp\/v2\/product"}],"about":[{"href":"https:\/\/handbag-sense.com\/de\/wp-json\/wp\/v2\/types\/product"}],"wp:featuredmedia":[{"embeddable":true,"href":"https:\/\/handbag-sense.com\/de\/wp-json\/wp\/v2\/media\/20329"}],"wp:attachment":[{"href":"https:\/\/handbag-sense.com\/de\/wp-json\/wp\/v2\/media?parent=20148"}],"wp:term":[{"taxonomy":"product_brand","embeddable":true,"href":"https:\/\/handbag-sense.com\/de\/wp-json\/wp\/v2\/product_brand?post=20148"},{"taxonomy":"product_cat","embeddable":true,"href":"https:\/\/handbag-sense.com\/de\/wp-json\/wp\/v2\/product_cat?post=20148"},{"taxonomy":"product_tag","embeddable":true,"href":"https:\/\/handbag-sense.com\/de\/wp-json\/wp\/v2\/product_tag?post=20148"}],"curies":[{"name":"wp","href":"https:\/\/api.w.org\/{rel}","templated":true}]}}